{"id":84,"date":"2022-02-01T09:27:23","date_gmt":"2022-02-01T08:27:23","guid":{"rendered":"https:\/\/reikinatur.com\/?page_id=84"},"modified":"2025-08-15T10:27:17","modified_gmt":"2025-08-15T08:27:17","slug":"la-boite-a-outil-du-naturopathe","status":"publish","type":"page","link":"https:\/\/reikinatur.com\/index.php\/la-boite-a-outil-du-naturopathe\/","title":{"rendered":"La bo\u00eete \u00e0 outil du naturopathe"},"content":{"rendered":"\n<p style=\"font-size:16px\">Le naturopathe va pouvoir s\u2019appuyer sur diff\u00e9rents techniques comme les techniques manuels (r\u00e9flexologie, massage..), \u00c9nerg\u00e9tique (Reiki, magn\u00e9tisme), Vibratoire (son, couleurs). En voici quelqu&rsquo;une, ainsi quelques outils qui me semble incontournable :<\/p>\n\n\n\n<div class=\"wp-block-columns is-layout-flex wp-container-core-columns-is-layout-9d6595d7 wp-block-columns-is-layout-flex\">\n<div class=\"wp-block-column is-layout-flow wp-block-column-is-layout-flow\">\n<div class=\"wp-block-image is-style-rounded\"><figure class=\"aligncenter size-full is-resized\"><img loading=\"lazy\" decoding=\"async\" src=\"https:\/\/reikinatur.com\/wp-content\/uploads\/2022\/02\/naturo-alimentation-pomme-4.jpg\" alt=\"\" class=\"wp-image-298 zoom\" width=\"297\" height=\"296\" srcset=\"https:\/\/reikinatur.com\/wp-content\/uploads\/2022\/02\/naturo-alimentation-pomme-4.jpg 823w, https:\/\/reikinatur.com\/wp-content\/uploads\/2022\/02\/naturo-alimentation-pomme-4-300x300.jpg 300w, https:\/\/reikinatur.com\/wp-content\/uploads\/2022\/02\/naturo-alimentation-pomme-4-150x150.jpg 150w, https:\/\/reikinatur.com\/wp-content\/uploads\/2022\/02\/naturo-alimentation-pomme-4-768x765.jpg 768w\" sizes=\"auto, (max-width: 297px) 100vw, 297px\" \/><figcaption><a href=\"https:\/\/reikinatur.com\/index.php\/test1\/\" data-type=\"page\" data-id=\"350\">L&rsquo;ALIMENTATION<\/a><br> (nutrition, monodi\u00e9te,cure saisonni\u00e8re)<\/figcaption><\/figure><\/div>\n<\/div>\n\n\n\n<div class=\"wp-block-column is-layout-flow wp-block-column-is-layout-flow\">\n<figure class=\"wp-block-image size-full is-resized is-style-rounded\"><a href=\"https:\/\/reikinatur.com\/index.php\/bouger-votre-corps-en-a-besoin\/\"><img loading=\"lazy\" decoding=\"async\" src=\"https:\/\/reikinatur.com\/wp-content\/uploads\/2022\/02\/natruo-bouger-3.jpg\" alt=\"\" class=\"wp-image-299 zoom\" width=\"242\" height=\"274\"\/><\/a><figcaption><br><a href=\"https:\/\/reikinatur.com\/index.php\/bouger-votre-corps-en-a-besoin\/\" data-type=\"page\" data-id=\"511\">BOUGER &#8230;VOTRE CORPS EN A BESOIN<br><\/a> (selon son rythme&#8230;marche, course, v\u00e9lo..)<\/figcaption><\/figure>\n<\/div>\n\n\n\n<div class=\"wp-block-column is-layout-flow wp-block-column-is-layout-flow\">\n<div class=\"wp-block-image is-style-rounded\"><figure class=\"aligncenter size-full is-resized\"><img loading=\"lazy\" decoding=\"async\" src=\"https:\/\/reikinatur.com\/wp-content\/uploads\/2022\/02\/naturo-emotion.jpg\" alt=\"\" class=\"wp-image-300 zoom\" width=\"302\" height=\"222\"><figcaption><br><br><a href=\"https:\/\/reikinatur.com\/index.php\/test-2\/\" data-type=\"page\" data-id=\"496\">LA GESTIONS DES \u00c9MOTIONS <br><\/a>( relaxation, fleurs de Bach, sophrologie, bain dans la nature..)<\/figcaption><\/figure><\/div>\n<\/div>\n<\/div>\n\n\n\n<div class=\"wp-block-columns is-layout-flex wp-container-core-columns-is-layout-9d6595d7 wp-block-columns-is-layout-flex\">\n<div class=\"wp-block-column is-layout-flow wp-block-column-is-layout-flow\">\n<div class=\"wp-block-image is-style-rounded\"><figure class=\"aligncenter size-full is-resized\"><img loading=\"lazy\" decoding=\"async\" src=\"https:\/\/reikinatur.com\/wp-content\/uploads\/2022\/02\/naturo-sauna-2.jpg\" alt=\"\" class=\"wp-image-307 zoom\" width=\"277\" height=\"151\" srcset=\"https:\/\/reikinatur.com\/wp-content\/uploads\/2022\/02\/naturo-sauna-2.jpg 304w, https:\/\/reikinatur.com\/wp-content\/uploads\/2022\/02\/naturo-sauna-2-300x164.jpg 300w\" sizes=\"auto, (max-width: 277px) 100vw, 277px\" \/><figcaption><a href=\"https:\/\/reikinatur.com\/index.php\/lhydrologie\/\" data-type=\"page\" data-id=\"506\">L&rsquo;HYDROTHERAPIE<\/a><br>(sauna, hammams, bain\u2026)<\/figcaption><\/figure><\/div>\n<\/div>\n\n\n\n<div class=\"wp-block-column is-layout-flow wp-block-column-is-layout-flow\">\n<div class=\"wp-block-image is-style-rounded\"><figure class=\"aligncenter size-full is-resized\"><img loading=\"lazy\" decoding=\"async\" src=\"https:\/\/reikinatur.com\/wp-content\/uploads\/2022\/02\/naturo-plante-vase.jpg\" alt=\"\" class=\"wp-image-296 zoom\" width=\"271\" height=\"151\"\/><figcaption><a href=\"https:\/\/reikinatur.com\/index.php\/la-phytoterapie\/\" data-type=\"page\" data-id=\"508\">LA PHYTOTHERAPIE<br><\/a> ( Fleur de Bach, infusion, &#8230;)<\/figcaption><\/figure><\/div>\n\n\n\n<p><\/p>\n<\/div>\n\n\n\n<div class=\"wp-block-column is-layout-flow wp-block-column-is-layout-flow\">\n<div class=\"wp-block-image is-style-rounded\"><figure class=\"aligncenter size-full is-resized\"><img loading=\"lazy\" decoding=\"async\" src=\"https:\/\/reikinatur.com\/wp-content\/uploads\/2022\/02\/naturo-huile-essentiel-goutte.jpg\" alt=\"\" class=\"wp-image-294 zoom\" width=\"224\" height=\"122\"\/><figcaption><a href=\"https:\/\/reikinatur.com\/index.php\/les-techniques-de-respirations\/\" data-type=\"page\" data-id=\"513\">L\u2019AROMATH\u00c9RAPIE<\/a>    <\/figcaption><\/figure><\/div>\n<\/div>\n<\/div>\n\n\n\n<div class=\"wp-block-columns is-layout-flex wp-container-core-columns-is-layout-9d6595d7 wp-block-columns-is-layout-flex\">\n<div class=\"wp-block-column is-layout-flow wp-block-column-is-layout-flow\">\n<div class=\"wp-block-image is-style-rounded\"><figure class=\"aligncenter size-full is-resized\"><img loading=\"lazy\" decoding=\"async\" src=\"https:\/\/reikinatur.com\/wp-content\/uploads\/2022\/02\/naturo-gemmotherapie.jpg\" alt=\"\" class=\"wp-image-305 zoom\" width=\"167\" height=\"151\"\/><figcaption><a href=\"https:\/\/reikinatur.com\/index.php\/les-techniques-manuelle-chirologie\/\" data-type=\"page\" data-id=\"515\">LA GEMMOTHERAPIE<\/a><\/figcaption><\/figure><\/div>\n<\/div>\n\n\n\n<div class=\"wp-block-column is-layout-flow wp-block-column-is-layout-flow\">\n<div class=\"wp-block-image is-style-rounded\"><figure class=\"aligncenter size-full is-resized\"><img loading=\"lazy\" decoding=\"async\" src=\"https:\/\/reikinatur.com\/wp-content\/uploads\/2022\/02\/naturo-produits-de-la-ruche.jpg\" alt=\"\" class=\"wp-image-306 zoom\" width=\"277\" height=\"151\"\/><figcaption><a href=\"https:\/\/reikinatur.com\/index.php\/les-techniques-energetique-reiki-magnetisme\/\" data-type=\"page\" data-id=\"517\">L&rsquo;APITHERAPIE<\/a> <\/figcaption><\/figure><\/div>\n<\/div>\n\n\n\n<div class=\"wp-block-column is-layout-flow wp-block-column-is-layout-flow\">\n<div class=\"wp-block-image is-style-rounded\"><figure class=\"aligncenter size-full is-resized\"><img loading=\"lazy\" decoding=\"async\" src=\"https:\/\/reikinatur.com\/wp-content\/uploads\/2022\/03\/naturo-argilotherapie.jpg\" alt=\"\" class=\"wp-image-624 zoom\" width=\"277\" height=\"151\"\/><figcaption><a href=\"https:\/\/reikinatur.com\/index.php\/les-techniques-vibratoire-bol-tibetains-couleurs\/\" data-type=\"page\" data-id=\"519\">L&rsquo;ARGILOTHERAPIE<br><\/a><\/figcaption><\/figure><\/div>\n<\/div>\n<\/div>\n\n\n\n<p><\/p>\n","protected":false},"excerpt":{"rendered":"<p>Le naturopathe va pouvoir s\u2019appuyer sur diff\u00e9rents techniques comme les techniques manuels (r\u00e9flexologie, massage..), \u00c9nerg\u00e9tique (Reiki, magn\u00e9tisme), Vibratoire (son, couleurs). En voici quelqu&rsquo;une, ainsi quelques outils qui me semble incontournable : L&rsquo;ALIMENTATION (nutrition, monodi\u00e9te,cure saisonni\u00e8re) LA GESTIONS DES \u00c9MOTIONS ( relaxation, fleurs de Bach, sophrologie, bain dans la nature..)<\/p>\n","protected":false},"author":1,"featured_media":871,"parent":0,"menu_order":0,"comment_status":"closed","ping_status":"closed","template":"","meta":{"footnotes":""},"class_list":["post-84","page","type-page","status-publish","has-post-thumbnail"],"_links":{"self":[{"href":"https:\/\/reikinatur.com\/index.php\/wp-json\/wp\/v2\/pages\/84","targetHints":{"allow":["GET"]}}],"collection":[{"href":"https:\/\/reikinatur.com\/index.php\/wp-json\/wp\/v2\/pages"}],"about":[{"href":"https:\/\/reikinatur.com\/index.php\/wp-json\/wp\/v2\/types\/page"}],"author":[{"embeddable":true,"href":"https:\/\/reikinatur.com\/index.php\/wp-json\/wp\/v2\/users\/1"}],"replies":[{"embeddable":true,"href":"https:\/\/reikinatur.com\/index.php\/wp-json\/wp\/v2\/comments?post=84"}],"version-history":[{"count":74,"href":"https:\/\/reikinatur.com\/index.php\/wp-json\/wp\/v2\/pages\/84\/revisions"}],"predecessor-version":[{"id":1768,"href":"https:\/\/reikinatur.com\/index.php\/wp-json\/wp\/v2\/pages\/84\/revisions\/1768"}],"wp:featuredmedia":[{"embeddable":true,"href":"https:\/\/reikinatur.com\/index.php\/wp-json\/wp\/v2\/media\/871"}],"wp:attachment":[{"href":"https:\/\/reikinatur.com\/index.php\/wp-json\/wp\/v2\/media?parent=84"}],"curies":[{"name":"wp","href":"https:\/\/api.w.org\/{rel}","templated":true}]}}