{"id":80,"date":"2022-02-01T09:14:53","date_gmt":"2022-02-01T08:14:53","guid":{"rendered":"https:\/\/reikinatur.com\/?page_id=80"},"modified":"2025-08-15T11:44:15","modified_gmt":"2025-08-15T09:44:15","slug":"quest-ce-la-naturopathie","status":"publish","type":"page","link":"https:\/\/reikinatur.com\/index.php\/quest-ce-la-naturopathie\/","title":{"rendered":"Qu&rsquo;est-ce la naturopathie?"},"content":{"rendered":"\n<p class=\"has-text-align-center has-medium-font-size\"><strong><mark style=\"background-color:rgba(0, 0, 0, 0)\" class=\"has-inline-color has-pale-pink-color\">Une m\u00e9decine ancestrale au service de la vitalit\u00e9<\/mark><\/strong><\/p>\n\n\n\n<p style=\"font-size:16px\">Depuis toujours, les hommes se tournent vers la <strong>nature pour se soigner<\/strong>. La <strong>naturopathie<\/strong> puise ses racines dans cette sagesse ancienne.<br>Le terme vient du latin <em>natura<\/em> (\u00ab nature \u00bb) et du grec <em>pathos<\/em> (\u00ab ressenti, \u00e9motion \u00bb), ce qui peut se traduire par :<br><strong>\u00ab Gu\u00e9rir dans le sens voulu par la nature \u00bb<\/strong> ou <strong>\u00ab Gu\u00e9rir en suivant les lois naturelles \u00bb.<\/strong><\/p>\n\n\n\n<h3 class=\"wp-block-heading has-medium-font-size\"><mark style=\"background-color:rgba(0, 0, 0, 0)\" class=\"has-inline-color has-vivid-green-cyan-color\">Des racines ancestrales<\/mark><\/h3>\n\n\n\n<p style=\"font-size:16px\">La naturopathie s\u2019inscrit dans la lign\u00e9e des grandes <strong>m\u00e9decines traditionnelles<\/strong> comme :<\/p>\n\n\n\n<ul class=\"wp-block-list\">\n<li style=\"font-size:16px\">la <strong>m\u00e9decine chinoise<\/strong>,<\/li>\n\n\n\n<li style=\"font-size:16px\">l\u2019<strong>ayurv\u00e9da<\/strong> (m\u00e9decine indienne),<\/li>\n\n\n\n<li style=\"font-size:16px\">ou encore les enseignements d\u2019<strong>Hippocrate<\/strong> (460 \u2013 370 av. J.-C.), c\u00e9l\u00e8bre m\u00e9decin grec reconnu comme le <strong>p\u00e8re de la m\u00e9decine occidentale<\/strong>.<\/li>\n<\/ul>\n\n\n\n<p style=\"font-size:16px\">Hippocrate consid\u00e9rait d\u00e9j\u00e0 que l\u2019alimentation (di\u00e9t\u00e9tique) et l\u2019\u00e9quilibre des <strong>humeurs<\/strong> \u00e9taient essentiels \u00e0 la sant\u00e9. Il s\u2019appuyait sur les <strong>lois de la nature et de la physiologie<\/strong> pour <strong>r\u00e9veiller le \u201cm\u00e9decin int\u00e9rieur\u201d<\/strong> pr\u00e9sent en chacun de nous :<\/p>\n\n\n\n<blockquote class=\"wp-block-quote is-layout-flow wp-block-quote-is-layout-flow\">\n<p style=\"font-size:16px\">\ud83d\udc49 <strong>Notre capacit\u00e9 inn\u00e9e d\u2019auto-gu\u00e9rison<\/strong>.<\/p>\n<\/blockquote>\n\n\n\n<h3 class=\"wp-block-heading has-medium-font-size\"><mark style=\"background-color:rgba(0, 0, 0, 0)\" class=\"has-inline-color has-vivid-green-cyan-color\">Une approche globale et pr\u00e9ventive<\/mark><\/h3>\n\n\n\n<p style=\"font-size:16px\">La naturopathie ne vise pas simplement \u00e0 faire dispara\u00eetre les sympt\u00f4mes, mais \u00e0 <strong>comprendre et traiter la cause profonde<\/strong> du d\u00e9s\u00e9quilibre. Elle prend en compte <strong>la personne dans sa globalit\u00e9<\/strong> \u2013 corps, esprit, \u00e9motions, hygi\u00e8ne de vie, environnement.<\/p>\n\n\n\n<p style=\"font-size:16px\">Elle repose sur des techniques naturelles :<br>\ud83c\udf3f alimentation, respiration, activit\u00e9 physique, relaxation, phytoth\u00e9rapie, aromath\u00e9rapie, etc.<br>Toujours dans le but de <strong>pr\u00e9server la vitalit\u00e9<\/strong>, soutenir les fonctions naturelles du corps et <strong>favoriser la r\u00e9g\u00e9n\u00e9ration<\/strong>.<\/p>\n\n\n\n<font face=\"constantia\"><p class=\"has-text-align-center\" style=\"font-size:25px\"><em><u><span style=\"color:#820082\" class=\"has-inline-colorr\">\u00ab<\/span><\/u><\/em><u><span style=\"color:#820082\" class=\"has-inline-color\"><em>&nbsp;Que ta nourriture soit ton m\u00e9dicament&nbsp;\u00bb<\/em><\/span><\/u><\/p><\/font>\n\n\n\n<p class=\"has-text-align-right\" style=\"font-size:14px\">   <strong><em><u><span style=\"color:#820082\" class=\"has-inline-color\">Hippocrate<\/span><\/u><\/em><\/strong><\/p>\n\n\n\n<p class=\"has-medium-font-size\"><strong><mark style=\"background-color:rgba(0, 0, 0, 0)\" class=\"has-inline-color has-vivid-green-cyan-color\">Les Fondements de la Naturopathie<\/mark><\/strong><\/p>\n\n\n\n<h3 class=\"wp-block-heading has-text-align-center\" style=\"font-size:18px\"><mark style=\"background-color:rgba(0, 0, 0, 0)\" class=\"has-inline-color has-pale-pink-color\">Une approche ancestrale et moderne de la sant\u00e9<\/mark><\/h3>\n\n\n\n<h3 class=\"wp-block-heading\" style=\"font-size:16px\">\ud83e\uddec Aux origines\u2026<\/h3>\n\n\n\n<p style=\"font-size:16px\">La naturopathie repose sur <strong>cinq grands principes<\/strong> issus de la pens\u00e9e hippocratique. Ces fondements demeurent aujourd\u2019hui au c\u0153ur de la pratique naturopathique :<\/p>\n\n\n\n<ol class=\"wp-block-list\">\n<li style=\"font-size:16px\"><strong>Ne pas nuire<\/strong> (<em>Primum non nocere<\/em>)<br>\u2192 Toujours agir dans le respect du corps, avec des m\u00e9thodes douces et naturelles.<\/li>\n\n\n\n<li style=\"font-size:16px\"><strong>La nature est gu\u00e9risseuse<\/strong> (<em>Vis medicatrix natur\u00e6<\/em>)<br>\u2192 C\u2019est la <strong>force vitale<\/strong> du corps qui soigne ; le praticien soutient simplement ce processus naturel.<\/li>\n\n\n\n<li style=\"font-size:16px\"><strong>Identifier et traiter la cause<\/strong> (<em>Tolle causam<\/em>)<br>\u2192 Plut\u00f4t que de masquer les sympt\u00f4mes, il s\u2019agit de <strong>remonter \u00e0 leur origine<\/strong>.<\/li>\n\n\n\n<li style=\"font-size:16px\"><strong>D\u00e9toxifier et purifier l\u2019organisme<\/strong> (<em>Deinde purgare<\/em>)<br>\u2192 L\u2019hygi\u00e8ne interne est essentielle pour retrouver l\u2019\u00e9quilibre et la vitalit\u00e9.<\/li>\n\n\n\n<li style=\"font-size:16px\"><strong>Enseigner<\/strong> (<em>Docere<\/em>)<br>\u2192 Le naturopathe est aussi un <strong>\u00e9ducateur de sant\u00e9<\/strong>, qui guide et responsabilise.<\/li>\n<\/ol>\n\n\n\n<h3 class=\"wp-block-heading has-medium-font-size\">\ud83c\udf3f<mark style=\"background-color:rgba(0, 0, 0, 0)\" class=\"has-inline-color has-vivid-green-cyan-color\"> Vers la naturopathie moderne<\/mark><\/h3>\n\n\n\n<p style=\"font-size:16px\">C\u2019est \u00e0 la fin du <strong>XIX\u1d49 si\u00e8cle<\/strong> que la <strong>naturopathie moderne<\/strong> \u00e9merge, d\u2019abord aux \u00c9tats-Unis, puis en France.<br>En France, le <strong>biologiste Pierre Valentin Marchesseau<\/strong> en est le principal initiateur : il synth\u00e9tise les travaux de nombreux hygi\u00e9nistes et devient le <strong>\u00ab\u00a0p\u00e8re de la naturopathie\u00a0\u00bb<\/strong> fran\u00e7aise.<\/p>\n\n\n\n<p style=\"font-size:16px\">Aujourd\u2019hui, la <strong>naturopathie est reconnue par l\u2019OMS<\/strong> comme l\u2019une des <strong>trois grandes m\u00e9decines traditionnelles mondiales<\/strong>, aux c\u00f4t\u00e9s de la m\u00e9decine traditionnelle chinoise et de l\u2019ayurv\u00e9da.<br>Elle vise \u00e0 <strong>renforcer les d\u00e9fenses de l\u2019organisme<\/strong> gr\u00e2ce \u00e0 des <strong>moyens naturels, biologiques et non invasifs<\/strong>.<\/p>\n\n\n\n<h2 class=\"wp-block-heading has-medium-font-size\"><mark style=\"background-color:rgba(0, 0, 0, 0)\" class=\"has-inline-color has-vivid-green-cyan-color\">Les 6 principes fondamentaux de la naturopathie<\/mark><\/h2>\n\n\n\n<p style=\"font-size:16px\">\ud83d\udd39 <strong>Vitalisme<\/strong><br>Respect de l\u2019<strong>\u00e9nergie vitale<\/strong>, cette intelligence biologique qui r\u00e9gule naturellement les fonctions du corps.<br>Le naturopathe <strong>ne gu\u00e9rit pas<\/strong> : il <strong>accompagne l\u2019auto-gu\u00e9rison<\/strong> du corps.<\/p>\n\n\n\n<p style=\"font-size:16px\">\ud83d\udd39 <strong>Causalisme<\/strong><br>Plut\u00f4t que de combattre les sympt\u00f4mes, la naturopathie cherche \u00e0 <strong>identifier et corriger les causes profondes<\/strong> du d\u00e9s\u00e9quilibre.<\/p>\n\n\n\n<p style=\"font-size:16px\">\ud83d\udd39 <strong>Humorisme<\/strong><br>Grande attention port\u00e9e au <strong>terrain<\/strong> de la personne, c\u2019est-\u00e0-dire \u00e0 la qualit\u00e9 des <strong>liquides organiques<\/strong> (ou \u201chumeurs\u201d) qui composent l\u2019environnement interne du corps.<\/p>\n\n\n\n<p style=\"font-size:16px\">\ud83d\udd39 <strong>Hygi\u00e9nisme<\/strong> (ou naturisme)<br>Utilisation <strong>intelligente et respectueuse du milieu naturel<\/strong>, alli\u00e9e \u00e0 une <strong>hygi\u00e8ne de vie globale<\/strong> : alimentation, sommeil, mouvement, respiration, etc.<\/p>\n\n\n\n<p style=\"font-size:16px\">\ud83d\udd39 <strong>Holisme<\/strong><br>Prise en compte de <strong>l\u2019\u00eatre humain dans sa globalit\u00e9<\/strong> : physique, mental, \u00e9motionnel, \u00e9nerg\u00e9tique et spirituel.<\/p>\n\n\n\n<p style=\"font-size:16px\">\ud83d\udd39 <strong>Hom\u00e9ostasie<\/strong><br>Recherche constante de l\u2019<strong>\u00e9quilibre interne<\/strong> : maintenir les grandes fonctions du corps \u00e0 des niveaux physiologiques sains et stables.<\/p>\n\n\n\n<h2 class=\"wp-block-heading has-medium-font-size\"><mark style=\"background-color:rgba(0, 0, 0, 0)\" class=\"has-inline-color has-vivid-green-cyan-color\">Le r\u00f4le du naturopathe<\/mark><\/h2>\n\n\n\n<p style=\"font-size:16px\">Le naturopathe agit comme un <strong>\u00e9ducateur de sant\u00e9 naturelle<\/strong>. Son objectif principal est de :<\/p>\n\n\n\n<p style=\"font-size:16px\">\u2705 <strong>Pr\u00e9venir la maladie<\/strong><br>\u2705 <strong>Renforcer la vitalit\u00e9<\/strong><br>\u2705 <strong>Responsabiliser la personne<\/strong> face \u00e0 sa sant\u00e9<br>\u2705 <strong>Optimiser le bien-\u00eatre global<\/strong> par des m\u00e9thodes naturelles<\/p>\n\n\n\n<p style=\"font-size:16px\">Il accompagne chaque individu en consid\u00e9rant <strong>sa singularit\u00e9<\/strong> et <strong>son mode de vie<\/strong>, dans une d\u00e9marche bienveillante, p\u00e9dagogique et durable.<\/p>\n\n\n\n<h3 class=\"wp-block-heading\"><mark style=\"background-color:rgba(0, 0, 0, 0)\" class=\"has-inline-color has-vivid-green-cyan-color\">Les 4 piliers de la sant\u00e9 <\/mark><\/h3>\n\n\n\n<div class=\"wp-block-media-text alignwide has-media-on-the-right is-stacked-on-mobile\"><div class=\"wp-block-media-text__content\">\n<ul class=\"wp-block-list\">\n<li style=\"font-size:16px\">&nbsp;<span style=\"color:#0a7873\" class=\"has-inline-color\"><strong>L\u2019hygi\u00e8ne alimentaire<\/strong><\/span> : bien se nourrir<\/li>\n\n\n\n<li style=\"font-size:16px\"> <span style=\"color:#0a7873\" class=\"has-inline-color\"><strong>L\u2019hygi\u00e8ne \u00e9monctorielle<\/strong><\/span> : bien \u00e9liminer <\/li>\n\n\n\n<li style=\"font-size:16px\"> <span style=\"color:#0a7873\" class=\"has-inline-color\"><strong>L\u2019hygi\u00e8ne physique et nerveuse<\/strong><\/span> : se reposer et se recharger <\/li>\n\n\n\n<li style=\"font-size:16px\"><span style=\"color:#0a7873\" class=\"has-inline-color\"><strong>L\u2019hygi\u00e8ne psycho-\u00e9motionnelle<\/strong><\/span> : se recentrer et se r\u00e9harmoniser<\/li>\n<\/ul>\n<\/div><figure class=\"wp-block-media-text__media\"><img loading=\"lazy\" decoding=\"async\" width=\"1024\" height=\"813\" src=\"https:\/\/reikinatur.com\/wp-content\/uploads\/2022\/02\/naturo-triangle-des-piliers-3-1024x813.png\" alt=\"\" class=\"wp-image-278 size-full\" srcset=\"https:\/\/reikinatur.com\/wp-content\/uploads\/2022\/02\/naturo-triangle-des-piliers-3-1024x813.png 1024w, https:\/\/reikinatur.com\/wp-content\/uploads\/2022\/02\/naturo-triangle-des-piliers-3-300x238.png 300w, https:\/\/reikinatur.com\/wp-content\/uploads\/2022\/02\/naturo-triangle-des-piliers-3-768x610.png 768w, https:\/\/reikinatur.com\/wp-content\/uploads\/2022\/02\/naturo-triangle-des-piliers-3.png 1097w\" sizes=\"auto, (max-width: 1024px) 100vw, 1024px\" \/><\/figure><\/div>\n\n\n\n<p style=\"font-size:16px\">Par ailleurs, l\u2019accompagnement en naturopathie peut se faire en parfaite concomitance d\u2019une m\u00e9decine allopathique, et donc&nbsp;:&nbsp;<strong> sans jamais interrompre un \u00e9ventuel traitement allopathique<\/strong>. Consulter un naturopathe ne se substitue en aucun cas \u00e0 un suivi m\u00e9dical.<\/p>\n\n\n\n<div class=\"wp-block-cover has-custom-content-position is-position-top-right is-light\" style=\"min-height:538px;aspect-ratio:unset;\"><img loading=\"lazy\" decoding=\"async\" width=\"1024\" height=\"675\" class=\"wp-block-cover__image-background wp-image-206\" alt=\"\" src=\"https:\/\/reikinatur.com\/wp-content\/uploads\/2022\/02\/naturo-coeur-de-fruit.jpg\" style=\"object-position:42% 47%\" data-object-fit=\"cover\" data-object-position=\"42% 47%\" srcset=\"https:\/\/reikinatur.com\/wp-content\/uploads\/2022\/02\/naturo-coeur-de-fruit.jpg 1024w, https:\/\/reikinatur.com\/wp-content\/uploads\/2022\/02\/naturo-coeur-de-fruit-300x198.jpg 300w, https:\/\/reikinatur.com\/wp-content\/uploads\/2022\/02\/naturo-coeur-de-fruit-768x506.jpg 768w\" sizes=\"auto, (max-width: 1024px) 100vw, 1024px\" \/><span aria-hidden=\"true\" class=\"wp-block-cover__background has-background-dim\"><\/span><div class=\"wp-block-cover__inner-container is-layout-flow wp-block-cover-is-layout-flow\">\n<p class=\"has-text-align-right\" style=\"font-size:34px\">le naturopathe est<\/p>\n\n\n\n<p class=\"has-text-align-right\" style=\"font-size:34px\"> un \u00e9ducateur de sant\u00e9 !<\/p>\n<\/div><\/div>\n\n\n\n<p><\/p>\n","protected":false},"excerpt":{"rendered":"<p>Une m\u00e9decine ancestrale au service de la vitalit\u00e9 Depuis toujours, les hommes se tournent vers la nature pour se soigner. La naturopathie puise ses racines dans cette sagesse ancienne.Le terme vient du latin natura (\u00ab nature \u00bb) et du grec pathos (\u00ab ressenti, \u00e9motion \u00bb), ce qui peut se traduire par :\u00ab Gu\u00e9rir dans le sens voulu par la nature \u00bb ou \u00ab Gu\u00e9rir en suivant les lois naturelles \u00bb. Des racines ancestrales La naturopathie s\u2019inscrit dans la lign\u00e9e des grandes m\u00e9decines traditionnelles comme : Hippocrate consid\u00e9rait d\u00e9j\u00e0 que l\u2019alimentation (di\u00e9t\u00e9tique) et l\u2019\u00e9quilibre des humeurs \u00e9taient essentiels \u00e0 la sant\u00e9. Il s\u2019appuyait sur les lois de la nature et de la physiologie pour r\u00e9veiller le \u201cm\u00e9decin int\u00e9rieur\u201d pr\u00e9sent en chacun de nous : \ud83d\udc49 Notre capacit\u00e9 inn\u00e9e d\u2019auto-gu\u00e9rison. Une approche globale et pr\u00e9ventive La naturopathie ne vise pas simplement \u00e0 faire dispara\u00eetre les sympt\u00f4mes, mais \u00e0 comprendre et traiter la&hellip;<\/p>\n<p> <a class=\"more-link\" href=\"https:\/\/reikinatur.com\/index.php\/quest-ce-la-naturopathie\/\">Read more<\/a><\/p>\n","protected":false},"author":1,"featured_media":459,"parent":0,"menu_order":0,"comment_status":"closed","ping_status":"closed","template":"","meta":{"footnotes":""},"class_list":["post-80","page","type-page","status-publish","has-post-thumbnail"],"_links":{"self":[{"href":"https:\/\/reikinatur.com\/index.php\/wp-json\/wp\/v2\/pages\/80","targetHints":{"allow":["GET"]}}],"collection":[{"href":"https:\/\/reikinatur.com\/index.php\/wp-json\/wp\/v2\/pages"}],"about":[{"href":"https:\/\/reikinatur.com\/index.php\/wp-json\/wp\/v2\/types\/page"}],"author":[{"embeddable":true,"href":"https:\/\/reikinatur.com\/index.php\/wp-json\/wp\/v2\/users\/1"}],"replies":[{"embeddable":true,"href":"https:\/\/reikinatur.com\/index.php\/wp-json\/wp\/v2\/comments?post=80"}],"version-history":[{"count":36,"href":"https:\/\/reikinatur.com\/index.php\/wp-json\/wp\/v2\/pages\/80\/revisions"}],"predecessor-version":[{"id":1822,"href":"https:\/\/reikinatur.com\/index.php\/wp-json\/wp\/v2\/pages\/80\/revisions\/1822"}],"wp:featuredmedia":[{"embeddable":true,"href":"https:\/\/reikinatur.com\/index.php\/wp-json\/wp\/v2\/media\/459"}],"wp:attachment":[{"href":"https:\/\/reikinatur.com\/index.php\/wp-json\/wp\/v2\/media?parent=80"}],"curies":[{"name":"wp","href":"https:\/\/api.w.org\/{rel}","templated":true}]}}