{"id":76,"date":"2022-02-01T09:14:08","date_gmt":"2022-02-01T08:14:08","guid":{"rendered":"https:\/\/reikinatur.com\/?page_id=76"},"modified":"2025-08-15T10:26:41","modified_gmt":"2025-08-15T08:26:41","slug":"pourquoi-consulter","status":"publish","type":"page","link":"https:\/\/reikinatur.com\/index.php\/pourquoi-consulter\/","title":{"rendered":"Pourquoi consulter?"},"content":{"rendered":"\n<div class=\"wp-block-group\"><div class=\"wp-block-group__inner-container is-layout-flow wp-block-group-is-layout-flow\">\n<p class=\"has-normal-font-size\">La Naturopathie&nbsp;s\u2019adresse <strong><span style=\"color:#fa2dd8\" class=\"has-inline-color\">\u00e0 tout le monde et \u00e0 tout \u00e2ge<\/span><\/strong>.&nbsp;Dans l\u2019id\u00e9al et \u00e0 la base, une consultation de naturopathie est pr\u00e9ventive. Toute personne en bonne sant\u00e9 se voit alors remis les cl\u00e9s pour continuer \u00e0 l\u2019\u00eatre. <\/p>\n\n\n\n<p class=\"has-normal-font-size\">Cependant, dans notre soci\u00e9t\u00e9, il est souvent admis que nous ne consultons que lorsque nous sommes malades. Et bien dans ce cas, la Naturopathie peut aussi vous aider.<\/p>\n<\/div><\/div>\n\n\n\n<div class=\"wp-block-media-text alignwide has-media-on-the-right is-stacked-on-mobile\" style=\"grid-template-columns:auto 51%\"><div class=\"wp-block-media-text__content\">\n<p class=\"has-normal-font-size\"><\/p>\n\n\n\n<li><strong><span style=\"color:#63a01c\" class=\"has-inline-color\">En pr\u00e9ventif<\/span>&nbsp;<\/strong>:&nbsp; le naturopathe conseillera chaque personne en leur fournissant les cl\u00e9s pour \u00eatre et rester en pleine forme&nbsp;!!<\/li>\n\n\n\n<p><\/p>\n\n\n\n<p class=\"has-normal-font-size\"><\/p>\n\n\n\n<li><strong><span style=\"color:#63a01c\" class=\"has-inline-color\">En curatif<\/span><\/strong>&nbsp;: le naturopathe accompagne les personnes en leur fournissant les cl\u00e9s pour retrouver leur vitalit\u00e9. Il pourra \u00e9galement les accompagner sur des probl\u00e9matique diagnostiqu\u00e9 et suivie par un m\u00e9decin traitant.<\/li>\n\n\n\n<p><\/p>\n<\/div><figure class=\"wp-block-media-text__media\"><img loading=\"lazy\" decoding=\"async\" width=\"612\" height=\"408\" src=\"https:\/\/reikinatur.com\/wp-content\/uploads\/2022\/02\/naturo-deux-main-naturopathiedf.jpg\" alt=\"\" class=\"wp-image-228 size-full\" srcset=\"https:\/\/reikinatur.com\/wp-content\/uploads\/2022\/02\/naturo-deux-main-naturopathiedf.jpg 612w, https:\/\/reikinatur.com\/wp-content\/uploads\/2022\/02\/naturo-deux-main-naturopathiedf-300x200.jpg 300w\" sizes=\"auto, (max-width: 612px) 100vw, 612px\" \/><\/figure><\/div>\n\n\n\n<p>Voici quelques raisons possibles pour venir consulter&nbsp;:<\/p>\n\n\n\n<ul style=\"font-size:16px\" class=\"wp-block-list\">\n<li>Pour faire un bilan de terrain personnel : les points forts et les points faibles de sa sant\u00e9 pour un changement progressif vers une vie plus saine&nbsp;<\/li>\n\n\n\n<li>Pour l\u2019accompagnement dans la gestion du stress, de l\u2019anxi\u00e9t\u00e9, du sommeil\u2026<\/li>\n\n\n\n<li>Pour renforcer ses diff\u00e9rents sph\u00e8res&nbsp;: immunitaire, digestif, respiratoire&#8230;<\/li>\n\n\n\n<li>Pour am\u00e9liorer sa vitalit\u00e9 et son bien-\u00eatre : fatigue, morosit\u00e9, surpoids, troubles intestinaux, probl\u00e8mes de peau, d\u00e9prime, \u2026<\/li>\n\n\n\n<li>Pour guider lors de p\u00e9riode difficiles, lors de p\u00e9riode d\u2019examen\u2026<\/li>\n\n\n\n<li>Pour soutenir face aux maladies chroniques (ORL, crampes, maux musculaires<strong>,&nbsp;<\/strong>migraines\u2026)<\/li>\n\n\n\n<li>Pour accompagner lors de pathologie plus ou moins lourde<\/li>\n\n\n\n<li>Pour les syndromes du cycle f\u00e9minin<\/li>\n\n\n\n<li>Pour les sportifs : contribuer \u00e0 une meilleur endurance, r\u00e9cup\u00e9ration, etc\u2026<\/li>\n<\/ul>\n\n\n\n<p>et encore bien d\u2019autres choses !<\/p>\n\n\n\n<p style=\"font-size:16px\">De plus, l\u2019accompagnement en naturopathie peut se faire en compl\u00e9ment de la m\u00e9decine allopathique.<\/p>\n","protected":false},"excerpt":{"rendered":"<p>La Naturopathie&nbsp;s\u2019adresse \u00e0 tout le monde et \u00e0 tout \u00e2ge.&nbsp;Dans l\u2019id\u00e9al et \u00e0 la base, une consultation de naturopathie est pr\u00e9ventive. Toute personne en bonne sant\u00e9 se voit alors remis les cl\u00e9s pour continuer \u00e0 l\u2019\u00eatre. Cependant, dans notre soci\u00e9t\u00e9, il est souvent admis que nous ne consultons que lorsque nous sommes malades. Et bien dans ce cas, la Naturopathie peut aussi vous aider. En pr\u00e9ventif&nbsp;:&nbsp; le naturopathe conseillera chaque personne en leur fournissant les cl\u00e9s pour \u00eatre et rester en pleine forme&nbsp;!! En curatif&nbsp;: le naturopathe accompagne les personnes en leur fournissant les cl\u00e9s pour retrouver leur vitalit\u00e9. Il pourra \u00e9galement les accompagner sur des probl\u00e9matique diagnostiqu\u00e9 et suivie par un m\u00e9decin traitant. Voici quelques raisons possibles pour venir consulter&nbsp;: et encore bien d\u2019autres choses ! De plus, l\u2019accompagnement en naturopathie peut se faire en compl\u00e9ment de la m\u00e9decine allopathique.<\/p>\n","protected":false},"author":1,"featured_media":0,"parent":0,"menu_order":0,"comment_status":"closed","ping_status":"closed","template":"","meta":{"footnotes":""},"class_list":["post-76","page","type-page","status-publish"],"_links":{"self":[{"href":"https:\/\/reikinatur.com\/index.php\/wp-json\/wp\/v2\/pages\/76","targetHints":{"allow":["GET"]}}],"collection":[{"href":"https:\/\/reikinatur.com\/index.php\/wp-json\/wp\/v2\/pages"}],"about":[{"href":"https:\/\/reikinatur.com\/index.php\/wp-json\/wp\/v2\/types\/page"}],"author":[{"embeddable":true,"href":"https:\/\/reikinatur.com\/index.php\/wp-json\/wp\/v2\/users\/1"}],"replies":[{"embeddable":true,"href":"https:\/\/reikinatur.com\/index.php\/wp-json\/wp\/v2\/comments?post=76"}],"version-history":[{"count":12,"href":"https:\/\/reikinatur.com\/index.php\/wp-json\/wp\/v2\/pages\/76\/revisions"}],"predecessor-version":[{"id":1767,"href":"https:\/\/reikinatur.com\/index.php\/wp-json\/wp\/v2\/pages\/76\/revisions\/1767"}],"wp:attachment":[{"href":"https:\/\/reikinatur.com\/index.php\/wp-json\/wp\/v2\/media?parent=76"}],"curies":[{"name":"wp","href":"https:\/\/api.w.org\/{rel}","templated":true}]}}