{"id":519,"date":"2022-02-27T14:30:29","date_gmt":"2022-02-27T13:30:29","guid":{"rendered":"https:\/\/reikinatur.com\/?page_id=519"},"modified":"2025-08-15T10:43:20","modified_gmt":"2025-08-15T08:43:20","slug":"les-techniques-vibratoire-bol-tibetains-couleurs","status":"publish","type":"page","link":"https:\/\/reikinatur.com\/index.php\/les-techniques-vibratoire-bol-tibetains-couleurs\/","title":{"rendered":"L&rsquo;Argiloth\u00e9rapie"},"content":{"rendered":"\n<p style=\"font-size:16px\">Utilis\u00e9e par bon nombre de civilisations, l\u2019argile est une mati\u00e8re rocheuse naturelle, riche en min\u00e9raux et en oligo-\u00e9l\u00e9ments. <\/p>\n\n\n\n<div class=\"wp-block-media-text alignwide has-media-on-the-right is-stacked-on-mobile is-vertically-aligned-center\"><div class=\"wp-block-media-text__content\">\n<p style=\"font-size:16px\">Chaque type d\u2019argile a sa sp\u00e9cificit\u00e9 et se pr\u00e9sente sous <strong>diverses couleurs<\/strong>, cela <strong>en fonction de la concentration d\u2019oxydes ferrique<\/strong>s qu\u2019elle contient.<\/p>\n<\/div><figure class=\"wp-block-media-text__media\"><img loading=\"lazy\" decoding=\"async\" width=\"496\" height=\"400\" src=\"https:\/\/reikinatur.com\/wp-content\/uploads\/2022\/03\/naturo-argil-divers-couleurs.jpg\" alt=\"\" class=\"wp-image-731 size-full\" srcset=\"https:\/\/reikinatur.com\/wp-content\/uploads\/2022\/03\/naturo-argil-divers-couleurs.jpg 496w, https:\/\/reikinatur.com\/wp-content\/uploads\/2022\/03\/naturo-argil-divers-couleurs-300x242.jpg 300w\" sizes=\"auto, (max-width: 496px) 100vw, 496px\" \/><\/figure><\/div>\n\n\n\n<p style=\"font-size:16px\">Par nature, l\u2019argile poss\u00e8de un<span style=\"color:#00cc99\" class=\"has-inline-color\"><strong> pouvoir remin\u00e9ralisant importan<\/strong><\/span><strong><span style=\"color:#00cc99\" class=\"has-inline-color\">t,<\/span><\/strong> elle <strong><span style=\"color:#00cc99\" class=\"has-inline-color\">stimule les organe fatigu\u00e9s <\/span><\/strong>gr\u00e2ce aux min\u00e9raux et oligo-\u00e9l\u00e9ments qu\u2019elle contient. Elle a une<strong> <span style=\"color:#00cc99\" class=\"has-inline-color\">action d\u00e9purative<\/span><\/strong> en attirant \u00e0 elle certaines substance (liquides, gaz ou tout autre type de mol\u00e9cules) qui seront par la suite emprisonn\u00e9es dans ses feuillets pour \u00eatre \u00e9limin\u00e9es de fa\u00e7on naturel. Ce processus, permettra l\u2019\u00e9vacuation des \u00e9l\u00e9ments toxiques de l\u2019organisme et renforcera les d\u00e9fenses naturelles.<\/p>\n\n\n\n<p style=\"font-size:16px\">On peut donc l<strong>\u2019<span style=\"color:#fa2dd8\" class=\"has-inline-color\">utiliser en curatif ou en pr\u00e9ventif <\/span><\/strong>afin d\u2019\u00e9viter certaines carences.<\/p>\n\n\n\n<p class=\"has-medium-font-size\"><strong><span style=\"color:#63a01c\" class=\"has-inline-color\">Ses formes<\/span><\/strong><\/p>\n\n\n\n<p style=\"font-size:16px\"> En effet, en morceaux, en poudre ou pr\u00eat \u00e0 l\u2019emploie, l\u2019argile se d\u00e9cline sous diff\u00e9rentes formes. <\/p>\n\n\n\n<div class=\"wp-block-media-text alignwide is-stacked-on-mobile\" style=\"grid-template-columns:22% auto\"><figure class=\"wp-block-media-text__media\"><img loading=\"lazy\" decoding=\"async\" width=\"1024\" height=\"768\" src=\"https:\/\/reikinatur.com\/wp-content\/uploads\/2022\/03\/naturo-argil-forme.jpg\" alt=\"\" class=\"wp-image-733 size-full\" srcset=\"https:\/\/reikinatur.com\/wp-content\/uploads\/2022\/03\/naturo-argil-forme.jpg 1024w, https:\/\/reikinatur.com\/wp-content\/uploads\/2022\/03\/naturo-argil-forme-300x225.jpg 300w, https:\/\/reikinatur.com\/wp-content\/uploads\/2022\/03\/naturo-argil-forme-768x576.jpg 768w\" sizes=\"auto, (max-width: 1024px) 100vw, 1024px\" \/><\/figure><div class=\"wp-block-media-text__content\">\n<p class=\"has-normal-font-size\">L&rsquo;argile concass\u00e9, s\u00e9ch\u00e9e, en poudre ou en tube&#8230;<\/p>\n<\/div><\/div>\n\n\n\n<div class=\"wp-block-media-text alignwide has-media-on-the-right is-stacked-on-mobile\" style=\"grid-template-columns:auto 30%\"><div class=\"wp-block-media-text__content\">\n<p class=\"has-normal-font-size\">Elle est efficace seule ou m\u00e9lang\u00e9e \u00e0 des plantes ou d\u2019autres ingr\u00e9dients comme les huiles v\u00e9g\u00e9tales, les hydrolats, les huiles essentielles, le miel, etc\u2026<\/p>\n<\/div><figure class=\"wp-block-media-text__media\"><img loading=\"lazy\" decoding=\"async\" width=\"850\" height=\"574\" src=\"https:\/\/reikinatur.com\/wp-content\/uploads\/2022\/03\/naturo-argil-3-argile-huile.jpg\" alt=\"\" class=\"wp-image-726 size-full\" srcset=\"https:\/\/reikinatur.com\/wp-content\/uploads\/2022\/03\/naturo-argil-3-argile-huile.jpg 850w, https:\/\/reikinatur.com\/wp-content\/uploads\/2022\/03\/naturo-argil-3-argile-huile-300x203.jpg 300w, https:\/\/reikinatur.com\/wp-content\/uploads\/2022\/03\/naturo-argil-3-argile-huile-768x519.jpg 768w\" sizes=\"auto, (max-width: 850px) 100vw, 850px\" \/><\/figure><\/div>\n\n\n\n<p class=\"has-medium-font-size\"><strong><span style=\"color:#63a01c\" class=\"has-inline-color\">Son utilisation<\/span><\/strong><\/p>\n\n\n\n<p style=\"font-size:16px\">L\u2019int\u00e9r\u00eat premier d\u2019utiliser l\u2019argile est qu\u2019elle est <strong><span style=\"color:#fa2dd8\" class=\"has-inline-color\">simple d\u2019utilisation et peu couteuse <\/span><\/strong>!!!<\/p>\n\n\n\n<p style=\"font-size:16px\">Utilisable aussi bien <strong><span style=\"color:#0a7873\" class=\"has-inline-color\">par voie interne<\/span><\/strong> que <strong><span style=\"color:#0a7873\" class=\"has-inline-color\">par voie externe<\/span><\/strong>, l\u2019argile conf\u00e8rent bon nombres d\u2019int\u00e9r\u00eats utiles en m\u00e9decine douce. C\u2019est un rem\u00e8de \u00e0 avoir toujours \u00e0 la maison aussi bien pour la sant\u00e9, le bien-\u00eatre, l\u2019entretien du corps, de la maison ou du jardin\u2026mais d\u2019une fa\u00e7on g\u00e9n\u00e9rale, l\u2019argile vert (illites et smectites) et l\u2019argile blanche (kaolinites) sont les plus commercialis\u00e9es et utilis\u00e9es, en particulier par les naturopathes.<\/p>\n\n\n\n<p><strong><span style=\"color:#0a7873\" class=\"has-inline-color\">Par voie interne <\/span><\/strong><\/p>\n\n\n\n<div class=\"wp-block-media-text alignwide has-media-on-the-right is-stacked-on-mobile is-vertically-aligned-center\" style=\"grid-template-columns:auto 18%\"><div class=\"wp-block-media-text__content\">\n<p style=\"font-size:16px\">L\u2019argile absorb\u00e9e particuli\u00e8rement par voie interne agira pour prot\u00e9ger et calmer les muqueuses de l\u2019estomac et de l\u2019intestin en stoppant un saignement par exemple et en r\u00e9g\u00e9n\u00e9rant les cellules de de la peau. Elle pourra \u00e9galement \u00eatre employer pour r\u00e9duire les remont\u00e9es acides et r\u00e9guler le transit en cas de de gastro-ent\u00e9rite.<\/p>\n<\/div><figure class=\"wp-block-media-text__media\"><img loading=\"lazy\" decoding=\"async\" width=\"800\" height=\"1000\" src=\"https:\/\/reikinatur.com\/wp-content\/uploads\/2022\/03\/naturo-argil-verre-argile-blanche.jpg\" alt=\"\" class=\"wp-image-734 size-full\" srcset=\"https:\/\/reikinatur.com\/wp-content\/uploads\/2022\/03\/naturo-argil-verre-argile-blanche.jpg 800w, https:\/\/reikinatur.com\/wp-content\/uploads\/2022\/03\/naturo-argil-verre-argile-blanche-240x300.jpg 240w, https:\/\/reikinatur.com\/wp-content\/uploads\/2022\/03\/naturo-argil-verre-argile-blanche-768x960.jpg 768w\" sizes=\"auto, (max-width: 800px) 100vw, 800px\" \/><\/figure><\/div>\n\n\n\n<p><strong><span style=\"color:#0a7873\" class=\"has-inline-color\">Par voie externe<\/span><\/strong><\/p>\n\n\n\n<p style=\"font-size:16px\">Par son c\u00f4t\u00e9 anti inflammatoire et anti-douleurs, l\u2019argile calmera les douleurs osseuses, tendineuses et musculaires et aidera \u00e0 leur reconstitution. <\/p>\n\n\n\n<div class=\"wp-block-media-text alignwide is-stacked-on-mobile is-vertically-aligned-center\" style=\"grid-template-columns:26% auto\"><figure class=\"wp-block-media-text__media\"><img loading=\"lazy\" decoding=\"async\" width=\"975\" height=\"711\" src=\"https:\/\/reikinatur.com\/wp-content\/uploads\/2022\/03\/naturo-argil-cataplasme.jpg\" alt=\"\" class=\"wp-image-730 size-full\" srcset=\"https:\/\/reikinatur.com\/wp-content\/uploads\/2022\/03\/naturo-argil-cataplasme.jpg 975w, https:\/\/reikinatur.com\/wp-content\/uploads\/2022\/03\/naturo-argil-cataplasme-300x219.jpg 300w, https:\/\/reikinatur.com\/wp-content\/uploads\/2022\/03\/naturo-argil-cataplasme-768x560.jpg 768w\" sizes=\"auto, (max-width: 975px) 100vw, 975px\" \/><\/figure><div class=\"wp-block-media-text__content\">\n<p class=\"has-normal-font-size\">Elle pourra \u00e9galement \u00eatre utilis\u00e9e sur les br\u00fblures simples, entorses et traumatisme. Pour cela on pourra utiliser : cataplasmes, compresse, poudrage, onguents, l\u2019eau d\u2019argile \u2026<\/p>\n<\/div><\/div>\n\n\n\n<p style=\"font-size:16px\">De par son action cicatrisante, l\u2019argile permettra de reconstituer les cellules de peau. Elle jouera donc un r\u00f4le sur les plaies ext\u00e9rieures et int\u00e9rieurs ou encore embellira la qualit\u00e9 de la peau et des cheveux en absorbant les impuret\u00e9s et les corps gras.<\/p>\n\n\n\n<p style=\"font-size:16px\">Outre ses bienfaits sur l\u2019homme, l\u2019argile est \u00e9galement d\u2019une grande aide dans l\u2019usage domestique. Son pouvoir d\u00e9graissant, anti-calcaire et nettoyant permet de lui trouver une place de choix dans la maison. <\/p>\n\n\n\n<p style=\"font-size:16px\">Elle sera \u00e9galement la bienvenue dans le potager afin de la substituer facilement aux produits chimiques, soignant ainsi les r\u00e9sineux malades, l\u2019apparition v\u00e9g\u00e9taux \u00ab&nbsp;nuisible&nbsp;\u00bb (ex&nbsp;: mousse) tout en pr\u00e9servant la biodiversit\u00e9.<\/p>\n\n\n<div class=\"wp-block-image is-style-rounded\">\n<figure class=\"aligncenter size-full is-resized\"><img loading=\"lazy\" decoding=\"async\" width=\"990\" height=\"573\" src=\"https:\/\/reikinatur.com\/wp-content\/uploads\/2022\/03\/naturo-argil-fleur.jpg\" alt=\"\" class=\"wp-image-732\" style=\"aspect-ratio:1.7288732394366197;width:405px;height:auto\" srcset=\"https:\/\/reikinatur.com\/wp-content\/uploads\/2022\/03\/naturo-argil-fleur.jpg 990w, https:\/\/reikinatur.com\/wp-content\/uploads\/2022\/03\/naturo-argil-fleur-300x174.jpg 300w, https:\/\/reikinatur.com\/wp-content\/uploads\/2022\/03\/naturo-argil-fleur-768x445.jpg 768w\" sizes=\"auto, (max-width: 990px) 100vw, 990px\" \/><\/figure>\n<\/div>\n\n\n<p><a href=\"https:\/\/reikinatur.com\/index.php\/la-boite-a-outil-du-naturopathe\/\">RETOUR \u00c0 LA BO\u00ceTE \u00c0 OUTILS<\/a><\/p>\n","protected":false},"excerpt":{"rendered":"<p>Utilis\u00e9e par bon nombre de civilisations, l\u2019argile est une mati\u00e8re rocheuse naturelle, riche en min\u00e9raux et en oligo-\u00e9l\u00e9ments. Chaque type d\u2019argile a sa sp\u00e9cificit\u00e9 et se pr\u00e9sente sous diverses couleurs, cela en fonction de la concentration d\u2019oxydes ferriques qu\u2019elle contient. Par nature, l\u2019argile poss\u00e8de un pouvoir remin\u00e9ralisant important, elle stimule les organe fatigu\u00e9s gr\u00e2ce aux min\u00e9raux et oligo-\u00e9l\u00e9ments qu\u2019elle contient. Elle a une action d\u00e9purative en attirant \u00e0 elle certaines substance (liquides, gaz ou tout autre type de mol\u00e9cules) qui seront par la suite emprisonn\u00e9es dans ses feuillets pour \u00eatre \u00e9limin\u00e9es de fa\u00e7on naturel. Ce processus, permettra l\u2019\u00e9vacuation des \u00e9l\u00e9ments toxiques de l\u2019organisme et renforcera les d\u00e9fenses naturelles. On peut donc l\u2019utiliser en curatif ou en pr\u00e9ventif afin d\u2019\u00e9viter certaines carences. Ses formes En effet, en morceaux, en poudre ou pr\u00eat \u00e0 l\u2019emploie, l\u2019argile se d\u00e9cline sous diff\u00e9rentes formes. L&rsquo;argile concass\u00e9, s\u00e9ch\u00e9e, en poudre ou en tube&#8230; Elle est efficace&hellip;<\/p>\n<p> <a class=\"more-link\" href=\"https:\/\/reikinatur.com\/index.php\/les-techniques-vibratoire-bol-tibetains-couleurs\/\">Read more<\/a><\/p>\n","protected":false},"author":1,"featured_media":738,"parent":0,"menu_order":0,"comment_status":"closed","ping_status":"closed","template":"","meta":{"footnotes":""},"class_list":["post-519","page","type-page","status-publish","has-post-thumbnail"],"_links":{"self":[{"href":"https:\/\/reikinatur.com\/index.php\/wp-json\/wp\/v2\/pages\/519","targetHints":{"allow":["GET"]}}],"collection":[{"href":"https:\/\/reikinatur.com\/index.php\/wp-json\/wp\/v2\/pages"}],"about":[{"href":"https:\/\/reikinatur.com\/index.php\/wp-json\/wp\/v2\/types\/page"}],"author":[{"embeddable":true,"href":"https:\/\/reikinatur.com\/index.php\/wp-json\/wp\/v2\/users\/1"}],"replies":[{"embeddable":true,"href":"https:\/\/reikinatur.com\/index.php\/wp-json\/wp\/v2\/comments?post=519"}],"version-history":[{"count":9,"href":"https:\/\/reikinatur.com\/index.php\/wp-json\/wp\/v2\/pages\/519\/revisions"}],"predecessor-version":[{"id":1784,"href":"https:\/\/reikinatur.com\/index.php\/wp-json\/wp\/v2\/pages\/519\/revisions\/1784"}],"wp:featuredmedia":[{"embeddable":true,"href":"https:\/\/reikinatur.com\/index.php\/wp-json\/wp\/v2\/media\/738"}],"wp:attachment":[{"href":"https:\/\/reikinatur.com\/index.php\/wp-json\/wp\/v2\/media?parent=519"}],"curies":[{"name":"wp","href":"https:\/\/api.w.org\/{rel}","templated":true}]}}