{"id":517,"date":"2022-02-27T14:29:53","date_gmt":"2022-02-27T13:29:53","guid":{"rendered":"https:\/\/reikinatur.com\/?page_id=517"},"modified":"2025-08-15T10:41:49","modified_gmt":"2025-08-15T08:41:49","slug":"les-techniques-energetique-reiki-magnetisme","status":"publish","type":"page","link":"https:\/\/reikinatur.com\/index.php\/les-techniques-energetique-reiki-magnetisme\/","title":{"rendered":"L&rsquo;apith\u00e9rapie"},"content":{"rendered":"\n<p style=\"font-size:16px\">Depuis l\u2019antiquit\u00e9, l\u2019apith\u00e9rapie est d\u00e9finie comme l\u2019usage th\u00e9rapeutique des&nbsp;produits de la ruche. Chez les Celtes, l\u2019Abeille repr\u00e9sente le symbole de l\u2019immortalit\u00e9 et la sagesse de l\u2019\u00e2me, pour Aristote, il \u00e9tait d\u00e9j\u00e0 convaincu en son temps que : <\/p>\n\n\n\n<font face=\"albertus\"> <p class=\"has-text-align-center has-medium-font-size\"><strong><span style=\"color:#820082\" class=\"has-inline-color\">\u00ab\u00a0la ruche est une pharmacie\u00a0\u00bb<\/span><\/strong><\/p><\/font>\n\n\n\n<p class=\"has-text-align-right\" style=\"font-size:12px\"><strong><span style=\"color:#820082\" class=\"has-inline-color\">Aristote<\/span><\/strong><\/p>\n\n\n\n<p style=\"font-size:16px\">Ce v\u00e9ritable tr\u00e9sor de la nature fut utilis\u00e9 par plusieurs civilisation (Romain, Egyptiens, Chinois&#8230;) \u00e0 des fins m\u00e9dicinales, cosm\u00e9tique et alimentaire. Aujourd\u2019hui de tr\u00e8s nombreuses \u00e9tudes scientifiques actent pour l\u2019utilisation de l\u2019apith\u00e9rapie moderne.<\/p>\n\n\n\n<div class=\"wp-block-media-text alignwide is-stacked-on-mobile\" style=\"grid-template-columns:25% auto\"><figure class=\"wp-block-media-text__media\"><img loading=\"lazy\" decoding=\"async\" width=\"612\" height=\"408\" src=\"https:\/\/reikinatur.com\/wp-content\/uploads\/2022\/03\/naturo-api-alveole.jpg\" alt=\"\" class=\"wp-image-705 size-full\" srcset=\"https:\/\/reikinatur.com\/wp-content\/uploads\/2022\/03\/naturo-api-alveole.jpg 612w, https:\/\/reikinatur.com\/wp-content\/uploads\/2022\/03\/naturo-api-alveole-300x200.jpg 300w\" sizes=\"auto, (max-width: 612px) 100vw, 612px\" \/><\/figure><div class=\"wp-block-media-text__content\">\n<p style=\"font-size:16px\">Nous sommes de plus en plus nombreux \u00e0 pr\u00e9f\u00e9rer les produits naturels aux m\u00e9dicaments pour soulager les petits bobos ou soigner les maladies b\u00e9nignes. Les produits de la ruche utiliser au quotidien peuvent, renforcer l\u2019immunit\u00e9, cicatriser les plaies, soulager les inflammations, lutter contre la fatigue chronique, pr\u00e9venir ou combattre les infections\u2026<\/p>\n<\/div><\/div>\n\n\n\n<p style=\"font-size:16px\">&nbsp;&nbsp;&nbsp;&nbsp;&nbsp;&nbsp;&nbsp;&nbsp;&nbsp;&nbsp;&nbsp; Particuli\u00e8rement pl\u00e9biscit\u00e9s,<strong><span style=\"color:#0a7873\" class=\"has-inline-color\"> le miel, la propolis et la gel\u00e9e royale<\/span><\/strong> poss\u00e8dent en effet des propri\u00e9t\u00e9s tr\u00e8s int\u00e9ressantes pour l\u2019organisme, que ce soit dans un but pr\u00e9ventif ou curatif. Mais on retrouvera \u00e9galement <strong><span style=\"color:#0a7873\" class=\"has-inline-color\">le pollen<\/span><\/strong> qui aura un tr\u00e8s grand pouvoir revitalisant sur le corps et l&rsquo;esprit.<\/p>\n\n\n\n<p class=\"has-medium-font-size\"><strong><span style=\"color:#63a01c\" class=\"has-inline-color\">Le Miel<\/span><\/strong><\/p>\n\n\n\n<p style=\"font-size:16px\">Qui n\u2019a pas un pot de miel chez lui ?<\/p>\n\n\n\n<div class=\"wp-block-media-text alignwide has-media-on-the-right is-stacked-on-mobile is-vertically-aligned-center\" style=\"grid-template-columns:auto 31%\"><div class=\"wp-block-media-text__content\">\n<p style=\"font-size:16px\"> Longtemps utilis\u00e9 comme ingr\u00e9dient sucrant dans l\u2019alimentation, le miel fut \u00e9galement adopt\u00e9 pour ses propri\u00e9t\u00e9s antitussifs, d\u00e9sinfectante, cicatrisante\u2026 Les Sum\u00e9riens traitaient d\u00e9j\u00e0 les infections avec le miel.<\/p>\n<\/div><figure class=\"wp-block-media-text__media\"><img loading=\"lazy\" decoding=\"async\" width=\"612\" height=\"408\" src=\"https:\/\/reikinatur.com\/wp-content\/uploads\/2022\/03\/naturo-api-miel.jpg\" alt=\"\" class=\"wp-image-708 size-full\" srcset=\"https:\/\/reikinatur.com\/wp-content\/uploads\/2022\/03\/naturo-api-miel.jpg 612w, https:\/\/reikinatur.com\/wp-content\/uploads\/2022\/03\/naturo-api-miel-300x200.jpg 300w\" sizes=\"auto, (max-width: 612px) 100vw, 612px\" \/><\/figure><\/div>\n\n\n\n<p style=\"font-size:16px\">Aujourd\u2019hui la science a d\u00e9montr\u00e9 sa richesse en oligosaccharides, vitamine C, min\u00e9raux et oligo-\u00e9l\u00e9ments, lui assurant une place de choix pour&nbsp;: convalescents, enfants, sportif, personnes asth\u00e9niques gr\u00e2ce \u00e0 son action \u00e9nerg\u00e9tique.<\/p>\n\n\n\n<p style=\"font-size:16px\">Le miel peut \u00e9galement \u00eatre utilis\u00e9 dans un <strong><span style=\"color:#00cc99\" class=\"has-inline-color\">but de soutient et renforcement de la microbiote, si\u00e8ge des d\u00e9fenses immunitair<\/span><\/strong>e et donc palier aux les douleurs abdominales, constipations, flatulences, ballonnement.<\/p>\n\n\n\n<p style=\"font-size:16px\"><strong>Ce d\u00e9clinant sous diff\u00e9rentes<\/strong> couleurs, les vertus des miels d\u00e9pendront en grande partie de la plante sur laquelle l\u2019abeille aura r\u00e9colt\u00e9e le pollen. En effet, chaque type de miel poss\u00e8de des caract\u00e9ristiques qui lui sont propre comme par exemple le Miel de lavande utilis\u00e9 en tant qu\u2019antiseptique pour les bronches et les poumons ou bien le Miel d\u2019acacia pour ses vertus adoucissant et calme la toux.<\/p>\n\n\n\n<p style=\"font-size:16px\">Facile d\u2019utilisation, <strong><span style=\"color:#fa2dd8\" class=\"has-inline-color\">il conviendra \u00e0 toute la famille et sera un excellent support pour les huiles essentielles.<\/span><\/strong><\/p>\n\n\n\n<p class=\"has-medium-font-size\"><strong><span style=\"color:#63a01c\" class=\"has-inline-color\">La Propolis<\/span><\/strong><\/p>\n\n\n\n<p style=\"font-size:16px\">En ce qui concerne la propolis, il faudra attendre le 16 si\u00e8cle, pour que celle-ci face son apparition en France, et ceux \u00e0 des fins th\u00e9rapeutiques.<\/p>\n\n\n\n<div class=\"wp-block-media-text alignwide is-stacked-on-mobile\" style=\"grid-template-columns:30% auto\"><figure class=\"wp-block-media-text__media\"><img loading=\"lazy\" decoding=\"async\" width=\"1024\" height=\"629\" src=\"https:\/\/reikinatur.com\/wp-content\/uploads\/2022\/03\/naturo-api-propolis-1024x629.webp\" alt=\"\" class=\"wp-image-710 size-full\" srcset=\"https:\/\/reikinatur.com\/wp-content\/uploads\/2022\/03\/naturo-api-propolis-1024x629.webp 1024w, https:\/\/reikinatur.com\/wp-content\/uploads\/2022\/03\/naturo-api-propolis-300x184.webp 300w, https:\/\/reikinatur.com\/wp-content\/uploads\/2022\/03\/naturo-api-propolis-768x472.webp 768w, https:\/\/reikinatur.com\/wp-content\/uploads\/2022\/03\/naturo-api-propolis.webp 1140w\" sizes=\"auto, (max-width: 1024px) 100vw, 1024px\" \/><\/figure><div class=\"wp-block-media-text__content\">\n<p class=\"has-normal-font-size\">De forme gal\u00e9niques divers, la propolis est <strong><span style=\"color:#0a7873\" class=\"has-inline-color\">un antibiotique naturel<\/span><\/strong>. Elle se distingue particuli\u00e8rement par <strong><span style=\"color:#00cc99\" class=\"has-inline-color\">ses actions antibact\u00e9rienne, antivirales et antifongique<\/span><\/strong>. Elle sera tr\u00e8s utile pour : la stimulation du syst\u00e8me immunitaire, pour les affections ORL et pulmonaires mais \u00e9galement pour tous les probl\u00e8mes de la bouche.<\/p>\n<\/div><\/div>\n\n\n\n<p style=\"font-size:16px\">Du c\u00f4t\u00e9 animalier elle sera \u00e9galement tr\u00e8s appr\u00e9ci\u00e9e, pour son c\u00f4t\u00e9 antiseptique surtout dans les milieux \u00e9questres et bovins.<\/p>\n\n\n\n<p class=\"has-medium-font-size\"><strong><span style=\"color:#63a01c\" class=\"has-inline-color\">La Gel\u00e9e Royale<\/span><\/strong><\/p>\n\n\n\n<p style=\"font-size:16px\">Pour continuer nous avons la nourriture r\u00e9serv\u00e9e \u00e0 la reine des abeilles et aux larves de la ruche. La&nbsp;gel\u00e9e royale&nbsp;est un cocktail nutritif unique qui pr\u00e9serve l\u2019\u00e9nergie.<\/p>\n\n\n<div class=\"wp-block-image is-style-default\">\n<figure class=\"aligncenter size-large is-resized\"><img loading=\"lazy\" decoding=\"async\" width=\"1024\" height=\"683\" src=\"https:\/\/reikinatur.com\/wp-content\/uploads\/2022\/03\/naturo-api-gelee-royale-1024x683.jpg\" alt=\"\" class=\"wp-image-707\" style=\"width:269px;height:179px\" srcset=\"https:\/\/reikinatur.com\/wp-content\/uploads\/2022\/03\/naturo-api-gelee-royale-1024x683.jpg 1024w, https:\/\/reikinatur.com\/wp-content\/uploads\/2022\/03\/naturo-api-gelee-royale-300x200.jpg 300w, https:\/\/reikinatur.com\/wp-content\/uploads\/2022\/03\/naturo-api-gelee-royale-768x512.jpg 768w, https:\/\/reikinatur.com\/wp-content\/uploads\/2022\/03\/naturo-api-gelee-royale.jpg 1200w\" sizes=\"auto, (max-width: 1024px) 100vw, 1024px\" \/><\/figure>\n<\/div>\n\n\n<p style=\"font-size:16px\">Riche en prot\u00e9ines et en vitamines du groupe B, elle est particuli\u00e8rement <strong><span style=\"color:#00cc99\" class=\"has-inline-color\">recommand\u00e9e en cas de fatigue passag\u00e8re et de manque de vitalit\u00e9.<\/span><\/strong> Elle peut par exemple \u00eatre utilis\u00e9e au cours d\u2019une convalescence ou apr\u00e8s un effort sportif intense qui a mobilis\u00e9 l\u2019ensemble du corps et puis\u00e9 dans les r\u00e9serves d\u2019\u00e9nergie. En outre, elle booste les capacit\u00e9s intellectuelles des enfants et favorise leur croissance.<\/p>\n\n\n\n<p style=\"font-size:16px\">Poss\u00e9dant \u00e9galement un acide gras sp\u00e9cifique, la gel\u00e9e royale a des propri\u00e9t\u00e9s antioxydant.<\/p>\n\n\n\n<p style=\"font-size:16px\">De plus gr\u00e2ce aux hormones qu\u2019elle contient, elle sera indiqu\u00e9e dans<span style=\"color:#00cc99\" class=\"has-inline-color\"><strong> l\u2019\u00e9quilibre hormonal au cours du cycle de la femme,<\/strong><\/span> ainsi que durant la m\u00e9nopause et pourra \u00eatre utiliser pour tonifier les fonctions sexuelles.<\/p>\n\n\n\n<p style=\"font-size:16px\">Par ailleurs, une de ses grandes qualit\u00e9s, est qu\u2019elle \u00e9quilibre le syst\u00e8me neurov\u00e9g\u00e9tatif, ce qui tr\u00e8s <strong><span style=\"color:#fa2dd8\" class=\"has-inline-color\">indiqu\u00e9 pour lutter contre le stress, l\u2019anxi\u00e9t\u00e9, la d\u00e9pression\u2026<\/span><\/strong><\/p>\n\n\n\n<p style=\"font-size:16px\">Sa grande concentration en enzymes et acide amin\u00e9s, lui permet d\u2019avoir des propri\u00e9t\u00e9s antivirales, antifongique et d\u2019\u00eatre immunostimulante. Les \u00e9tudes actuelles montrent que la gel\u00e9e-royal poss\u00e8derai des propri\u00e9t\u00e9 anti-tumorales.<\/p>\n\n\n\n<p class=\"has-medium-font-size\"><strong><span style=\"color:#63a01c\" class=\"has-inline-color\">Le Pollen<\/span><\/strong><\/p>\n\n\n\n<p style=\"font-size:16px\">Le pollen, riche en acide amin\u00e9s, il poss\u00e8de un tr\u00e8s grand pouvoir revitalisant pour le corps et l\u2019esprit.<\/p>\n\n\n\n<div class=\"wp-block-media-text alignwide has-media-on-the-right is-stacked-on-mobile\"><div class=\"wp-block-media-text__content\">\n<p class=\"has-text-align-left\" style=\"font-size:16px\">Il renforcera \u00e9videmment le syst\u00e8me immunitaire et stimulera la m\u00e9moire. On lui trouvera une action tr\u00e8s int\u00e9ressante sur la prostate et le syst\u00e8me circulatoire. A savoir que le pollen frais a <strong><span style=\"color:#00cc99\" class=\"has-inline-color\">une action sur la sph\u00e8re digestive et notamment sur la flore intestinale.<\/span><\/strong><\/p>\n<\/div><figure class=\"wp-block-media-text__media\"><img loading=\"lazy\" decoding=\"async\" width=\"732\" height=\"336\" src=\"https:\/\/reikinatur.com\/wp-content\/uploads\/2022\/03\/naturo-api-pollen.jpg\" alt=\"\" class=\"wp-image-709 size-full\" srcset=\"https:\/\/reikinatur.com\/wp-content\/uploads\/2022\/03\/naturo-api-pollen.jpg 732w, https:\/\/reikinatur.com\/wp-content\/uploads\/2022\/03\/naturo-api-pollen-300x138.jpg 300w\" sizes=\"auto, (max-width: 732px) 100vw, 732px\" \/><\/figure><\/div>\n\n\n\n<p><\/p>\n\n\n<div class=\"wp-block-image is-style-rounded\">\n<figure class=\"aligncenter size-full is-resized\"><img loading=\"lazy\" decoding=\"async\" width=\"800\" height=\"615\" src=\"https:\/\/reikinatur.com\/wp-content\/uploads\/2022\/03\/naturo-api-abeille-pancarte-aide.png\" alt=\"\" class=\"wp-image-704\" style=\"aspect-ratio:1.3;width:407px;height:auto\" srcset=\"https:\/\/reikinatur.com\/wp-content\/uploads\/2022\/03\/naturo-api-abeille-pancarte-aide.png 800w, https:\/\/reikinatur.com\/wp-content\/uploads\/2022\/03\/naturo-api-abeille-pancarte-aide-300x231.png 300w, https:\/\/reikinatur.com\/wp-content\/uploads\/2022\/03\/naturo-api-abeille-pancarte-aide-768x590.png 768w\" sizes=\"auto, (max-width: 800px) 100vw, 800px\" \/><\/figure>\n<\/div>\n\n\n<p><a href=\"https:\/\/reikinatur.com\/index.php\/la-boite-a-outil-du-naturopathe\/\">RETOUR \u00c0 LA BO\u00ceTE \u00c0 OUTILS<\/a><\/p>\n","protected":false},"excerpt":{"rendered":"<p>Depuis l\u2019antiquit\u00e9, l\u2019apith\u00e9rapie est d\u00e9finie comme l\u2019usage th\u00e9rapeutique des&nbsp;produits de la ruche. Chez les Celtes, l\u2019Abeille repr\u00e9sente le symbole de l\u2019immortalit\u00e9 et la sagesse de l\u2019\u00e2me, pour Aristote, il \u00e9tait d\u00e9j\u00e0 convaincu en son temps que : \u00ab\u00a0la ruche est une pharmacie\u00a0\u00bb Aristote Ce v\u00e9ritable tr\u00e9sor de la nature fut utilis\u00e9 par plusieurs civilisation (Romain, Egyptiens, Chinois&#8230;) \u00e0 des fins m\u00e9dicinales, cosm\u00e9tique et alimentaire. Aujourd\u2019hui de tr\u00e8s nombreuses \u00e9tudes scientifiques actent pour l\u2019utilisation de l\u2019apith\u00e9rapie moderne. Nous sommes de plus en plus nombreux \u00e0 pr\u00e9f\u00e9rer les produits naturels aux m\u00e9dicaments pour soulager les petits bobos ou soigner les maladies b\u00e9nignes. Les produits de la ruche utiliser au quotidien peuvent, renforcer l\u2019immunit\u00e9, cicatriser les plaies, soulager les inflammations, lutter contre la fatigue chronique, pr\u00e9venir ou combattre les infections\u2026 &nbsp;&nbsp;&nbsp;&nbsp;&nbsp;&nbsp;&nbsp;&nbsp;&nbsp;&nbsp;&nbsp; Particuli\u00e8rement pl\u00e9biscit\u00e9s, le miel, la propolis et la gel\u00e9e royale poss\u00e8dent en effet des propri\u00e9t\u00e9s tr\u00e8s int\u00e9ressantes pour l\u2019organisme, que ce soit&hellip;<\/p>\n<p> <a class=\"more-link\" href=\"https:\/\/reikinatur.com\/index.php\/les-techniques-energetique-reiki-magnetisme\/\">Read more<\/a><\/p>\n","protected":false},"author":1,"featured_media":865,"parent":0,"menu_order":0,"comment_status":"closed","ping_status":"closed","template":"","meta":{"footnotes":""},"class_list":["post-517","page","type-page","status-publish","has-post-thumbnail"],"_links":{"self":[{"href":"https:\/\/reikinatur.com\/index.php\/wp-json\/wp\/v2\/pages\/517","targetHints":{"allow":["GET"]}}],"collection":[{"href":"https:\/\/reikinatur.com\/index.php\/wp-json\/wp\/v2\/pages"}],"about":[{"href":"https:\/\/reikinatur.com\/index.php\/wp-json\/wp\/v2\/types\/page"}],"author":[{"embeddable":true,"href":"https:\/\/reikinatur.com\/index.php\/wp-json\/wp\/v2\/users\/1"}],"replies":[{"embeddable":true,"href":"https:\/\/reikinatur.com\/index.php\/wp-json\/wp\/v2\/comments?post=517"}],"version-history":[{"count":13,"href":"https:\/\/reikinatur.com\/index.php\/wp-json\/wp\/v2\/pages\/517\/revisions"}],"predecessor-version":[{"id":1782,"href":"https:\/\/reikinatur.com\/index.php\/wp-json\/wp\/v2\/pages\/517\/revisions\/1782"}],"wp:featuredmedia":[{"embeddable":true,"href":"https:\/\/reikinatur.com\/index.php\/wp-json\/wp\/v2\/media\/865"}],"wp:attachment":[{"href":"https:\/\/reikinatur.com\/index.php\/wp-json\/wp\/v2\/media?parent=517"}],"curies":[{"name":"wp","href":"https:\/\/api.w.org\/{rel}","templated":true}]}}