{"id":513,"date":"2022-02-27T14:28:07","date_gmt":"2022-02-27T13:28:07","guid":{"rendered":"https:\/\/reikinatur.com\/?page_id=513"},"modified":"2025-08-15T10:38:08","modified_gmt":"2025-08-15T08:38:08","slug":"les-techniques-de-respirations","status":"publish","type":"page","link":"https:\/\/reikinatur.com\/index.php\/les-techniques-de-respirations\/","title":{"rendered":"L&rsquo;Aromath\u00e9rapie"},"content":{"rendered":"\n<p style=\"font-size:16px\">L&rsquo;aromath\u00e9rapie est l&rsquo;utilisation des compos\u00e9 aromatiques extraits de la plantes, ce qui la diff\u00e9rencie de la phytoth\u00e9rapie qui fait usage de l&rsquo;ensemble des \u00e9l\u00e9ments de la plante.<\/p>\n\n\n\n<p style=\"font-size:16px\">Incontournable des m\u00e9thodes th\u00e9rapeutique, les huiles essentielles et hydrolats sont utilis\u00e9s en pr\u00e9vention ou lors traitement des maladies infectieuse. Elle peut \u00e9galement \u00eatre utilis\u00e9e pour l&rsquo;hygi\u00e8ne des espaces d\u2019int\u00e9rieur ou la cuisine&#8230;<\/p>\n\n\n\n<p style=\"font-size:16px\">L&rsquo;une de ses actions les plus remarquable est de nature antiseptique, id\u00e9ales contre les bact\u00e9ries, les virus, les champignons et les parasites. <\/p>\n\n\n\n<p class=\"has-medium-font-size\"><strong><span style=\"color:#63a01c\" class=\"has-inline-color\">Proc\u00e9d\u00e9 de fabrication : <\/span><\/strong><\/p>\n\n\n\n<div class=\"wp-block-media-text alignwide has-media-on-the-right is-stacked-on-mobile\"><div class=\"wp-block-media-text__content\">\n<p style=\"font-size:16px\">Diff\u00e9rentes parties v\u00e9g\u00e9tal peuvent  \u00eatre extraites.<\/p>\n\n\n\n<p style=\"font-size:16px\">Les mol\u00e9cules volatiles pr\u00e9sentes sont alors r\u00e9cup\u00e9r\u00e9es afin d&rsquo;obtenir les huiles essentielles (c&rsquo;est la parti gr\u00e2ce de la distillation). <\/p>\n\n\n\n<p style=\"font-size:16px\">L&rsquo;hydrolat ou eau florale, est la partie aqueuse de la distillation. Elle contient au moins 5% d&rsquo;huile essentielle.<\/p>\n<\/div><figure class=\"wp-block-media-text__media\"><img loading=\"lazy\" decoding=\"async\" width=\"395\" height=\"230\" src=\"https:\/\/reikinatur.com\/wp-content\/uploads\/2022\/03\/naturo-aroma-alambic.jpg\" alt=\"\" class=\"wp-image-636 size-full\" srcset=\"https:\/\/reikinatur.com\/wp-content\/uploads\/2022\/03\/naturo-aroma-alambic.jpg 395w, https:\/\/reikinatur.com\/wp-content\/uploads\/2022\/03\/naturo-aroma-alambic-300x175.jpg 300w\" sizes=\"auto, (max-width: 395px) 100vw, 395px\" \/><\/figure><\/div>\n\n\n\n<p style=\"font-size:16px\"><strong>Par exemple<\/strong>, il faut pour obtenir 1 litre d&rsquo;huiles essentielles :<\/p>\n\n\n\n<ul class=\"wp-block-list\">\n<li style=\"font-size:16px\">rose : 4000 kg de p\u00e9tales<\/li>\n\n\n\n<li style=\"font-size:16px\">lavande vraie : 150kg de sommit\u00e9s fleuries<\/li>\n\n\n\n<li style=\"font-size:16px\">eucalyptus : plus de 30 kg de plantes<\/li>\n<\/ul>\n\n\n\n<p class=\"has-medium-font-size\"><strong><span style=\"color:#63a01c\" class=\"has-inline-color\">La qualit\u00e9 des huiles essentielles<\/span><\/strong><\/p>\n\n\n\n<p style=\"font-size:16px\">Une huiles essentielles de qualit\u00e9 <span style=\"color:#820082\" class=\"has-inline-color\"><strong>doit r\u00e9pondre \u00e0 un certain nombre de crit\u00e8re<\/strong><\/span>, pour cela on doit voir apparaitre sur l&rsquo;\u00e9tiquette : <\/p>\n\n\n\n<div class=\"wp-block-media-text alignwide is-stacked-on-mobile is-vertically-aligned-center\"><figure class=\"wp-block-media-text__media\"><img loading=\"lazy\" decoding=\"async\" width=\"787\" height=\"400\" src=\"https:\/\/reikinatur.com\/wp-content\/uploads\/2022\/03\/7-huile-essentielle-de-qualite.jpg\" alt=\"\" class=\"wp-image-867 size-full\" srcset=\"https:\/\/reikinatur.com\/wp-content\/uploads\/2022\/03\/7-huile-essentielle-de-qualite.jpg 787w, https:\/\/reikinatur.com\/wp-content\/uploads\/2022\/03\/7-huile-essentielle-de-qualite-300x152.jpg 300w, https:\/\/reikinatur.com\/wp-content\/uploads\/2022\/03\/7-huile-essentielle-de-qualite-768x390.jpg 768w\" sizes=\"auto, (max-width: 787px) 100vw, 787px\" \/><\/figure><div class=\"wp-block-media-text__content\">\n<ul class=\"wp-block-list\">\n<li style=\"font-size:16px\">la certification botanique<\/li>\n\n\n\n<li style=\"font-size:16px\">l&rsquo;origine g\u00e9ographique<\/li>\n\n\n\n<li style=\"font-size:16px\">le mode de culture<\/li>\n\n\n\n<li style=\"font-size:16px\">l&rsquo;organe distill\u00e9 (ou express\u00e9)<\/li>\n\n\n\n<li style=\"font-size:16px\">le stade de d\u00e9veloppement de la plante<\/li>\n\n\n\n<li style=\"font-size:16px\">la sp\u00e9cificit\u00e9 biochimique : le ch\u00e9motype<\/li>\n<\/ul>\n<\/div><\/div>\n\n\n\n<p class=\"has-medium-font-size\"><strong><span style=\"color:#63a01c\" class=\"has-inline-color\">Les diff\u00e9rents modes d&rsquo;utilisation des huiles essentielles<\/span><\/strong><\/p>\n\n\n\n<p style=\"font-size:16px\">Il existe plusieurs mani\u00e8res d&rsquo;utiliser les huiles essentielles. Le but est d&rsquo;obtenir le maximum d&rsquo;efficacit\u00e9 sans effet secondaire. Ce mode d&rsquo;utilisation d\u00e9prendra de la personne, du trouble et surtout de l&rsquo;huile essentielles utilis\u00e9e.<\/p>\n\n\n\n<p style=\"font-size:16px\">On retrouvera:<\/p>\n\n\n\n<ul class=\"wp-block-list\">\n<li style=\"font-size:16px\"><span style=\"color:#00cc99\" class=\"has-inline-color\"><strong>la voie olfactive<\/strong><\/span> : \u00e0 respirer, \u00e0 inhaler, \u00e0 diffuser<\/li>\n\n\n\n<li style=\"font-size:16px\"><strong><span style=\"color:#00cc99\" class=\"has-inline-color\">la voie interne<\/span><\/strong> : orale<\/li>\n\n\n\n<li style=\"font-size:16px\"><strong><span style=\"color:#00cc99\" class=\"has-inline-color\">la voie cutan\u00e9e<\/span><\/strong><\/li>\n<\/ul>\n\n\n<div class=\"wp-block-image is-style-rounded\">\n<figure class=\"aligncenter size-full is-resized\"><img loading=\"lazy\" decoding=\"async\" width=\"300\" height=\"225\" src=\"https:\/\/reikinatur.com\/wp-content\/uploads\/2022\/02\/naturo-melange-de-presentation-naturo.jpg\" alt=\"\" class=\"wp-image-233\" style=\"width:293px;height:220px\"\/><\/figure>\n<\/div>\n\n\n<p><a href=\"https:\/\/reikinatur.com\/index.php\/la-boite-a-outil-du-naturopathe\/\">RETOUR \u00c0 LA BO\u00ceTE \u00c0 OUTILS<\/a><\/p>\n","protected":false},"excerpt":{"rendered":"<p>L&rsquo;aromath\u00e9rapie est l&rsquo;utilisation des compos\u00e9 aromatiques extraits de la plantes, ce qui la diff\u00e9rencie de la phytoth\u00e9rapie qui fait usage de l&rsquo;ensemble des \u00e9l\u00e9ments de la plante. Incontournable des m\u00e9thodes th\u00e9rapeutique, les huiles essentielles et hydrolats sont utilis\u00e9s en pr\u00e9vention ou lors traitement des maladies infectieuse. Elle peut \u00e9galement \u00eatre utilis\u00e9e pour l&rsquo;hygi\u00e8ne des espaces d\u2019int\u00e9rieur ou la cuisine&#8230; L&rsquo;une de ses actions les plus remarquable est de nature antiseptique, id\u00e9ales contre les bact\u00e9ries, les virus, les champignons et les parasites. Proc\u00e9d\u00e9 de fabrication : Diff\u00e9rentes parties v\u00e9g\u00e9tal peuvent \u00eatre extraites. Les mol\u00e9cules volatiles pr\u00e9sentes sont alors r\u00e9cup\u00e9r\u00e9es afin d&rsquo;obtenir les huiles essentielles (c&rsquo;est la parti gr\u00e2ce de la distillation). L&rsquo;hydrolat ou eau florale, est la partie aqueuse de la distillation. Elle contient au moins 5% d&rsquo;huile essentielle. Par exemple, il faut pour obtenir 1 litre d&rsquo;huiles essentielles : La qualit\u00e9 des huiles essentielles Une huiles essentielles de qualit\u00e9 doit&hellip;<\/p>\n<p> <a class=\"more-link\" href=\"https:\/\/reikinatur.com\/index.php\/les-techniques-de-respirations\/\">Read more<\/a><\/p>\n","protected":false},"author":1,"featured_media":866,"parent":0,"menu_order":0,"comment_status":"closed","ping_status":"closed","template":"","meta":{"footnotes":""},"class_list":["post-513","page","type-page","status-publish","has-post-thumbnail"],"_links":{"self":[{"href":"https:\/\/reikinatur.com\/index.php\/wp-json\/wp\/v2\/pages\/513","targetHints":{"allow":["GET"]}}],"collection":[{"href":"https:\/\/reikinatur.com\/index.php\/wp-json\/wp\/v2\/pages"}],"about":[{"href":"https:\/\/reikinatur.com\/index.php\/wp-json\/wp\/v2\/types\/page"}],"author":[{"embeddable":true,"href":"https:\/\/reikinatur.com\/index.php\/wp-json\/wp\/v2\/users\/1"}],"replies":[{"embeddable":true,"href":"https:\/\/reikinatur.com\/index.php\/wp-json\/wp\/v2\/comments?post=513"}],"version-history":[{"count":8,"href":"https:\/\/reikinatur.com\/index.php\/wp-json\/wp\/v2\/pages\/513\/revisions"}],"predecessor-version":[{"id":1778,"href":"https:\/\/reikinatur.com\/index.php\/wp-json\/wp\/v2\/pages\/513\/revisions\/1778"}],"wp:featuredmedia":[{"embeddable":true,"href":"https:\/\/reikinatur.com\/index.php\/wp-json\/wp\/v2\/media\/866"}],"wp:attachment":[{"href":"https:\/\/reikinatur.com\/index.php\/wp-json\/wp\/v2\/media?parent=513"}],"curies":[{"name":"wp","href":"https:\/\/api.w.org\/{rel}","templated":true}]}}