{"id":511,"date":"2022-02-27T14:27:48","date_gmt":"2022-02-27T13:27:48","guid":{"rendered":"https:\/\/reikinatur.com\/?page_id=511"},"modified":"2025-08-15T10:32:24","modified_gmt":"2025-08-15T08:32:24","slug":"bouger-votre-corps-en-a-besoin","status":"publish","type":"page","link":"https:\/\/reikinatur.com\/index.php\/bouger-votre-corps-en-a-besoin\/","title":{"rendered":"Bouger&#8230; Votre corps en a besoin"},"content":{"rendered":"\n<p class=\"has-text-align-center\" style=\"font-size:22px\"><strong><span style=\"color:#820082\" class=\"has-inline-color\">Bouger est l\u2019art de mettre notre corps en mouvement !<\/span><\/strong><\/p>\n\n\n\n<p style=\"font-size:16px\">Les bienfaits que l\u2019activit\u00e9 physique sont nombreux (c\u0153ur, poumons, syst\u00e8me immunitaire, articulation, hormones, cerveau&#8230;) et jouissent d&rsquo;une grande influence tant sur l&rsquo;<strong><span style=\"color:#00a787\" class=\"has-inline-color\">\u00e9tat psychologiques<\/span><\/strong> que sur l&rsquo;<strong><span style=\"color:#0a7873\" class=\"has-inline-color\">\u00e9tat physiques<\/span><\/strong>.<\/p>\n\n\n<div class=\"wp-block-image is-style-default\">\n<figure class=\"aligncenter size-full\"><img loading=\"lazy\" decoding=\"async\" width=\"341\" height=\"148\" src=\"https:\/\/reikinatur.com\/wp-content\/uploads\/2022\/03\/naturo-bouger-marche-bande.png\" alt=\"\" class=\"wp-image-799\" srcset=\"https:\/\/reikinatur.com\/wp-content\/uploads\/2022\/03\/naturo-bouger-marche-bande.png 341w, https:\/\/reikinatur.com\/wp-content\/uploads\/2022\/03\/naturo-bouger-marche-bande-300x130.png 300w\" sizes=\"auto, (max-width: 341px) 100vw, 341px\" \/><\/figure>\n<\/div>\n\n\n<p class=\"has-medium-font-size\"><strong><span style=\"color:#63a01c\" class=\"has-inline-color\">L&rsquo;\u00e9tat psychologique<\/span><\/strong><\/p>\n\n\n\n<p style=\"font-size:16px\">Qui n&rsquo;a pas \u00e9prouv\u00e9 un grand bien-\u00eatre apr\u00e8s une belle balade !!<\/p>\n\n\n\n<p style=\"font-size:16px\"> Vous aurez surement constat\u00e9 que plus le plaisir pris lors d&rsquo;une activit\u00e9 est grand et plus le bien-\u00eatre est pr\u00e9sent. D\u2019o\u00f9 l\u2019importance de choisir <strong><span style=\"color:#fa2dd8\" class=\"has-inline-color\">une activit\u00e9 que vous aimez faire !<\/span><\/strong><\/p>\n\n\n\n<p style=\"font-size:16px\">Lorsque vous pratiquer une activit\u00e9 physique <strong><span style=\"color:#0a7873\" class=\"has-inline-color\">d\u2019intensit\u00e9 moyenne \u00e0 \u00e9lev\u00e9e<\/span><\/strong> (au moins 30 minutes), <strong><span style=\"color:#00cc99\" class=\"has-inline-color\">un effet apaisant et relaxant est ressenti<\/span><\/strong>. Ce r\u00e9sultat provient en grande partie de la s\u00e9cr\u00e9tion d\u2019endorphines (hormone du plaisir). Sachez que plus la p\u00e9riode d\u2019activit\u00e9 physique sera longue et intense, plus la s\u00e9cr\u00e9tion d\u2019endorphines sera grande. Saviez-vous que notre cerveau peut produire jusqu\u2019\u00e0 5 fois plus d\u2019endorphines quand on bouge que lorsqu&rsquo;on est au repos ?<\/p>\n\n\n\n<p style=\"font-size:16px\">En plus de lib\u00e9rer de l\u2019endorphine, il y a une synth\u00e8se de la s\u00e9rotonine et de la dopamine qui, ensemble, favorise l\u2019\u00e9quilibre de l\u2019humeur.<\/p>\n\n\n\n<div class=\"wp-block-media-text alignwide is-stacked-on-mobile\" style=\"grid-template-columns:29% auto\"><figure class=\"wp-block-media-text__media\"><img loading=\"lazy\" decoding=\"async\" width=\"1024\" height=\"574\" src=\"https:\/\/reikinatur.com\/wp-content\/uploads\/2022\/03\/naturo-bouger-tai-chi-1024x574.jpg\" alt=\"\" class=\"wp-image-804 size-full\" srcset=\"https:\/\/reikinatur.com\/wp-content\/uploads\/2022\/03\/naturo-bouger-tai-chi-1024x574.jpg 1024w, https:\/\/reikinatur.com\/wp-content\/uploads\/2022\/03\/naturo-bouger-tai-chi-300x168.jpg 300w, https:\/\/reikinatur.com\/wp-content\/uploads\/2022\/03\/naturo-bouger-tai-chi-768x430.jpg 768w, https:\/\/reikinatur.com\/wp-content\/uploads\/2022\/03\/naturo-bouger-tai-chi.jpg 1160w\" sizes=\"auto, (max-width: 1024px) 100vw, 1024px\" \/><\/figure><div class=\"wp-block-media-text__content\">\n<p style=\"font-size:16px\">Le mouvement \u00e0 des effets b\u00e9n\u00e9fique pour votre bien-\u00eatre psychologique, tant sur la gestion du stress, que pour aider votre sommeil ou encore pour vous sentir bien dans votre corps !!!<\/p>\n<\/div><\/div>\n\n\n\n<p class=\"has-medium-font-size\"><strong><span style=\"color:#63a01c\" class=\"has-inline-color\">L&rsquo;\u00e9tat physique<\/span><\/strong><\/p>\n\n\n\n<div class=\"wp-block-media-text alignwide has-media-on-the-right is-stacked-on-mobile\" style=\"grid-template-columns:auto 18%\"><div class=\"wp-block-media-text__content\">\n<p style=\"font-size:16px\"><strong><span style=\"color:#fa2dd8\" class=\"has-inline-color\">Lorsque notre corps ne bouge pas<\/span><\/strong> <strong>les muscles s\u2019atrophie, les articulations se calcifies et nos ligaments perdent de l\u2019\u00e9lasticit\u00e9<\/strong>. Mais ne vous inqui\u00e9tez pas, cela ne se fait pas du jour au lendemain, on parle ici d\u2019impact \u00e0 long terme et non d\u2019un arr\u00eat de quelques mois.<\/p>\n<\/div><figure class=\"wp-block-media-text__media\"><img loading=\"lazy\" decoding=\"async\" width=\"199\" height=\"253\" src=\"https:\/\/reikinatur.com\/wp-content\/uploads\/2022\/03\/naturo-bouger-sans-mouvement.jpg\" alt=\"\" class=\"wp-image-802 size-full\"\/><\/figure><\/div>\n\n\n\n<div class=\"wp-block-media-text alignwide is-stacked-on-mobile\" style=\"grid-template-columns:26% auto\"><figure class=\"wp-block-media-text__media\"><img loading=\"lazy\" decoding=\"async\" width=\"1024\" height=\"683\" src=\"https:\/\/reikinatur.com\/wp-content\/uploads\/2022\/03\/natruo-bouger-photo-1024x683.jpg\" alt=\"\" class=\"wp-image-810 size-full\" srcset=\"https:\/\/reikinatur.com\/wp-content\/uploads\/2022\/03\/natruo-bouger-photo-1024x683.jpg 1024w, https:\/\/reikinatur.com\/wp-content\/uploads\/2022\/03\/natruo-bouger-photo-300x200.jpg 300w, https:\/\/reikinatur.com\/wp-content\/uploads\/2022\/03\/natruo-bouger-photo-768x512.jpg 768w, https:\/\/reikinatur.com\/wp-content\/uploads\/2022\/03\/natruo-bouger-photo.jpg 1450w\" sizes=\"auto, (max-width: 1024px) 100vw, 1024px\" \/><\/figure><div class=\"wp-block-media-text__content\">\n<p style=\"font-size:16px\">Le fait de <strong>bouger,<\/strong> <span style=\"color:#00cc99\" class=\"has-inline-color\"><strong>am\u00e9liore notre tonus musculaire, notre capacit\u00e9 respiratoire, notre \u00e9quilibre, notre densit\u00e9 osseuse et notre estime de soi<\/strong>. <\/span>On peut aussi constater <strong>un niveau d\u2019\u00e9nergie plus grand<\/strong>.<\/p>\n<\/div><\/div>\n\n\n\n<p style=\"font-size:16px\"> Il est donc important de <strong><span style=\"color:#820082\" class=\"has-inline-color\">rester actif en adaptant l\u2019intensit\u00e9 de nos exercices selon notre capacit\u00e9<\/span><\/strong>, et ce, surtout en vieillissant. <\/p>\n\n\n\n<p class=\"has-text-align-center has-medium-font-size\"><strong><span style=\"color:#f7b603\" class=\"has-inline-color\">Alors n&rsquo;h\u00e9sitez pas &#8230;. jeter vous \u00e0 l&rsquo;eau !!<\/span><\/strong><\/p>\n\n\n<div class=\"wp-block-image is-style-rounded\">\n<figure class=\"aligncenter size-full\"><img loading=\"lazy\" decoding=\"async\" width=\"300\" height=\"168\" src=\"https:\/\/reikinatur.com\/wp-content\/uploads\/2022\/03\/naturo-bouger-se-mettre-a-leau.jpg\" alt=\"\" class=\"wp-image-803\"\/><\/figure>\n<\/div>\n\n\n<p><a href=\"https:\/\/reikinatur.com\/index.php\/la-boite-a-outil-du-naturopathe\/\" data-type=\"URL\" data-id=\"https:\/\/reikinatur.com\/index.php\/la-boite-a-outil-du-naturopathe\/\">RETOUR \u00c0 LA BO\u00ceTE \u00c0 OUTILS<\/a><\/p>\n","protected":false},"excerpt":{"rendered":"<p>Bouger est l\u2019art de mettre notre corps en mouvement ! Les bienfaits que l\u2019activit\u00e9 physique sont nombreux (c\u0153ur, poumons, syst\u00e8me immunitaire, articulation, hormones, cerveau&#8230;) et jouissent d&rsquo;une grande influence tant sur l&rsquo;\u00e9tat psychologiques que sur l&rsquo;\u00e9tat physiques. L&rsquo;\u00e9tat psychologique Qui n&rsquo;a pas \u00e9prouv\u00e9 un grand bien-\u00eatre apr\u00e8s une belle balade !! Vous aurez surement constat\u00e9 que plus le plaisir pris lors d&rsquo;une activit\u00e9 est grand et plus le bien-\u00eatre est pr\u00e9sent. D\u2019o\u00f9 l\u2019importance de choisir une activit\u00e9 que vous aimez faire ! Lorsque vous pratiquer une activit\u00e9 physique d\u2019intensit\u00e9 moyenne \u00e0 \u00e9lev\u00e9e (au moins 30 minutes), un effet apaisant et relaxant est ressenti. Ce r\u00e9sultat provient en grande partie de la s\u00e9cr\u00e9tion d\u2019endorphines (hormone du plaisir). Sachez que plus la p\u00e9riode d\u2019activit\u00e9 physique sera longue et intense, plus la s\u00e9cr\u00e9tion d\u2019endorphines sera grande. Saviez-vous que notre cerveau peut produire jusqu\u2019\u00e0 5 fois plus d\u2019endorphines quand on bouge que lorsqu&rsquo;on est&hellip;<\/p>\n<p> <a class=\"more-link\" href=\"https:\/\/reikinatur.com\/index.php\/bouger-votre-corps-en-a-besoin\/\">Read more<\/a><\/p>\n","protected":false},"author":1,"featured_media":811,"parent":0,"menu_order":0,"comment_status":"closed","ping_status":"closed","template":"","meta":{"footnotes":""},"class_list":["post-511","page","type-page","status-publish","has-post-thumbnail"],"_links":{"self":[{"href":"https:\/\/reikinatur.com\/index.php\/wp-json\/wp\/v2\/pages\/511","targetHints":{"allow":["GET"]}}],"collection":[{"href":"https:\/\/reikinatur.com\/index.php\/wp-json\/wp\/v2\/pages"}],"about":[{"href":"https:\/\/reikinatur.com\/index.php\/wp-json\/wp\/v2\/types\/page"}],"author":[{"embeddable":true,"href":"https:\/\/reikinatur.com\/index.php\/wp-json\/wp\/v2\/users\/1"}],"replies":[{"embeddable":true,"href":"https:\/\/reikinatur.com\/index.php\/wp-json\/wp\/v2\/comments?post=511"}],"version-history":[{"count":8,"href":"https:\/\/reikinatur.com\/index.php\/wp-json\/wp\/v2\/pages\/511\/revisions"}],"predecessor-version":[{"id":1771,"href":"https:\/\/reikinatur.com\/index.php\/wp-json\/wp\/v2\/pages\/511\/revisions\/1771"}],"wp:featuredmedia":[{"embeddable":true,"href":"https:\/\/reikinatur.com\/index.php\/wp-json\/wp\/v2\/media\/811"}],"wp:attachment":[{"href":"https:\/\/reikinatur.com\/index.php\/wp-json\/wp\/v2\/media?parent=511"}],"curies":[{"name":"wp","href":"https:\/\/api.w.org\/{rel}","templated":true}]}}