{"id":51,"date":"2022-01-31T10:07:14","date_gmt":"2022-01-31T09:07:14","guid":{"rendered":"https:\/\/reikinatur.com\/?page_id=51"},"modified":"2026-01-12T08:49:41","modified_gmt":"2026-01-12T07:49:41","slug":"tarifs-et-rendez-vous","status":"publish","type":"page","link":"https:\/\/reikinatur.com\/index.php\/tarifs-et-rendez-vous\/","title":{"rendered":"S\u00e9ances\/tarifs"},"content":{"rendered":"\n<div class=\"wp-block-columns is-layout-flex wp-container-core-columns-is-layout-9d6595d7 wp-block-columns-is-layout-flex\">\n<div class=\"wp-block-column is-layout-flow wp-block-column-is-layout-flow\">\n<figure class=\"wp-block-table is-style-stripes\"><table><tbody><tr><td class=\"has-text-align-center\" data-align=\"center\">                   <strong>  REIKI<\/strong><\/td><td>Tarif<\/td><\/tr><tr><td class=\"has-text-align-center\" data-align=\"center\">1er S\u00e9ance \/ suivi<\/td><td>60\u20ac<\/td><\/tr><tr><td class=\"has-text-align-center\" data-align=\"center\">S\u00e9ance \u00e0 distance<\/td><td>50\u20ac<\/td><\/tr><tr><td class=\"has-text-align-center\" data-align=\"center\">S\u00e9ance Enfant-13ans<\/td><td>35\u20ac<\/td><\/tr><\/tbody><\/table><\/figure>\n\n\n\n<figure class=\"wp-block-table is-style-stripes\"><table><tbody><tr><td class=\"has-text-align-center\" data-align=\"center\"><strong>SONOTHERAPIE<\/strong><\/td><td>Tarif<br><\/td><\/tr><tr><td class=\"has-text-align-center\" data-align=\"center\">S\u00e9ance d\u00e9couverte<\/td><td>40\u20ac<\/td><\/tr><tr><td class=\"has-text-align-center\" data-align=\"center\">S\u00e9ance Individuelle<\/td><td>60\u20ac<\/td><\/tr><tr><td class=\"has-text-align-center\" data-align=\"center\">S\u00e9ance de groupe<\/td><td>15\u20ac\/pers<\/td><\/tr><\/tbody><\/table><\/figure>\n\n\n\n<figure class=\"wp-block-table aligncenter is-style-stripes\"><table><tbody><tr><td><strong>RECOUVREMENT D&rsquo;\u00c2ME<\/strong><\/td><td>Tarif<\/td><\/tr><tr><td>S\u00e9ance<\/td><td>65\u20ac<\/td><\/tr><tr><td><\/td><td><\/td><\/tr><\/tbody><\/table><\/figure>\n<\/div>\n\n\n\n<div class=\"wp-block-column is-layout-flow wp-block-column-is-layout-flow\">\n<figure class=\"wp-block-table is-style-stripes\"><table><tbody><tr><td class=\"has-text-align-center\" data-align=\"center\"><strong>NATUROPATHIE<\/strong><\/td><td><br>Tarif<\/td><\/tr><tr><td class=\"has-text-align-center\" data-align=\"center\">Premi\u00e8re s\u00e9ance<\/td><td>70\u20ac<\/td><\/tr><tr><td class=\"has-text-align-center\" data-align=\"center\">S\u00e9ance de suivi<\/td><td>60\u20ac<\/td><\/tr><\/tbody><\/table><\/figure>\n\n\n\n<div class=\"wp-block-columns is-layout-flex wp-container-core-columns-is-layout-9d6595d7 wp-block-columns-is-layout-flex\">\n<div class=\"wp-block-column is-layout-flow wp-block-column-is-layout-flow\" style=\"flex-basis:100%\">\n<figure class=\"wp-block-table is-style-stripes\"><table><tbody><tr><td class=\"has-text-align-center\" data-align=\"center\"><strong>Soin de l&rsquo;Ut\u00e9rus<\/strong><br>(2 s\u00e9ances)<\/td><td>Prix<br><\/td><\/tr><tr><td class=\"has-text-align-center\" data-align=\"center\">1er s\u00e9ance<\/td><td>70\u20ac<br><\/td><\/tr><tr><td class=\"has-text-align-center\" data-align=\"center\">2\u00e8me S\u00e9ance<\/td><td>60\u20ac<\/td><\/tr><\/tbody><\/table><\/figure>\n<\/div>\n<\/div>\n\n\n\n<figure class=\"wp-block-table aligncenter is-style-stripes\"><table><tbody><tr><td class=\"has-text-align-center\" data-align=\"center\"><strong>Soin de CRISTAL<\/strong><\/td><td>Prix<br><\/td><\/tr><tr><td class=\"has-text-align-center\" data-align=\"center\">S\u00e9ance (bilan des corps + soin <br>+ couture de l&rsquo;aura)<\/td><td>60\u20ac<\/td><\/tr><tr><td class=\"has-text-align-center\" data-align=\"center\"><\/td><td><\/td><\/tr><\/tbody><\/table><\/figure>\n<\/div>\n<\/div>\n\n\n\n<p><strong>La Carte Cadeau : <\/strong><\/p>\n\n\n\n<p style=\"font-size:18px\">En fonction de la demande, Id\u00e9ale pour faire d\u00e9couvrir le Reiki, le soin de Cristal ou la Sonoth\u00e9rapie \u00e0 vos proches &#8230;<\/p>\n\n\n\n<p style=\"font-size:14px\"><strong>Politique d&rsquo;annulation :<\/strong> Pour annuler ou reporter, merci de me contacter au moins 48h \u00e0 l&rsquo;avance.<\/p>\n\n\n\n<p class=\"has-medium-font-size\"><strong><span style=\"color:#63a01c\" class=\"has-inline-color\">Le Reiki<\/span><\/strong><\/p>\n\n\n\n<p style=\"font-size:18px\"><mark style=\"background-color:rgba(0, 0, 0, 0);color:#0a7873\" class=\"has-inline-color\"> <strong>S\u00e9ance : <\/strong><\/mark><\/p>\n\n\n\n<ul class=\"wp-block-list\">\n<li style=\"font-size:16px\">La premi\u00e8re s\u00e9ance est plus long que les s\u00e9ances de suivie. Elle permet d&rsquo;\u00e9tablir un \u00e9change qui m&rsquo;aidera \u00e0 vous connaitre et \u00e0 comprendre vos attentes. Cette s\u00e9ance me permettra d&rsquo;\u00e9claircir les points \u00e9nerg\u00e9tiques bloquant et de bien commencer le travail.  Le Reiki va l\u00e0 o\u00f9 il y a besoin &#8230;.<\/li>\n\n\n\n<li style=\"font-size:16px\">Lors des s\u00e9ances de suivie : nous continuons se travaille d&rsquo;accompagnement&#8230; vers un mieux \u00eatre.<\/li>\n<\/ul>\n\n\n\n<p style=\"font-size:18px\"><mark style=\"background-color:rgba(0, 0, 0, 0);color:#0a7873\" class=\"has-inline-color\">S\u00e9<strong>ance \u00e0 distance <\/strong><\/mark><\/p>\n\n\n\n<p style=\"font-size:16px\">Bien qu&rsquo;un rendez-vous au cabinet soit plus appr\u00e9ciable pour une d\u00e9tente plus profond (petit moment hors contexte familiale, petit temps pour soi)&#8230;. certaine personne ne peuvent pas forc\u00e9ment se d\u00e9placer. C&rsquo;est pourquoi je propose le Reiki \u00e0 distance . Nous conviendrons ensemble de la pr\u00e9paration de la s\u00e9ance et de son d\u00e9roulement.<\/p>\n\n\n\n<p style=\"font-size:18px\"><mark style=\"background-color:rgba(0, 0, 0, 0);color:#0a7873\" class=\"has-inline-color\"><strong>S\u00e9ance enfant (-13 ans)\/ (45 \u00e0 <\/strong><\/mark><mark style=\"background-color:rgba(0, 0, 0, 0);color:#0071a1\" class=\"has-inline-color\"><strong>60 min) : <\/strong><\/mark><\/p>\n\n\n\n<p style=\"font-size:16px\">Les enfants sont tr\u00e8s r\u00e9ceptif aux \u00e9nergies environnante&#8230; contrairement aux adultes qui sont souvent conditionn\u00e9s. De plus on ne peut pas leurs demander de rester immobile&#8230; C&rsquo;est pour cela que je propose des s\u00e9ances adapt\u00e9es \u00e0 leur besoin.<\/p>\n\n\n\n<p class=\"has-medium-font-size\"><strong><mark style=\"background-color:rgba(0, 0, 0, 0);color:#63a01c\" class=\"has-inline-color\">Soin de Cristal <\/mark><\/strong><\/p>\n\n\n\n<p style=\"font-size:16px\">Le soin de cristal est un soin \u00c9nerg\u00e9tique, qui permet de travailler aussi bien sur les diff\u00e9rents corps de la personne, mais \u00e9galement sur certains trauma.  Lors de la premi\u00e8re s\u00e9ance, on effectue un bilan des corps afin de d\u00e9terminer le travail \u00e0 effectuer, puis on viens faire travailler les cristaux (cristal de Roche).<\/p>\n\n\n\n<p class=\"has-medium-font-size\"><strong><mark style=\"background-color:rgba(0, 0, 0, 0);color:#63a01c\" class=\"has-inline-color\"> Recouvrement d&rsquo;\u00c2me<\/mark><\/strong><\/p>\n\n\n\n<p style=\"font-size:16px\">Le Recouvrement d&rsquo;\u00c2me s&rsquo;effectue en 2 voir 3 s\u00e9ances, car on vient travailler sur les traumatismes et les blessures qui y sont li\u00e9es. Vient rechercher touts les petits morceaux d&rsquo;\u00c2me qui ont \u00e9t\u00e9 \u00e9parpill\u00e9 dans les diff\u00e9rents corps \u00e9nerg\u00e9tique. Puis on vient reprendre touts les \u00e9nergie vol\u00e9es et couper les liens n\u00e9gatifs.<mark style=\"background-color:rgba(0, 0, 0, 0);color:#63a01c\" class=\"has-inline-color\"><\/mark><\/p>\n\n\n\n<p class=\"has-medium-font-size\"><mark style=\"background-color:rgba(0, 0, 0, 0);color:#63a01c\" class=\"has-inline-color\"><strong>La<\/strong><\/mark><strong><mark style=\"background-color:rgba(0, 0, 0, 0);color:#63a01c\" class=\"has-inline-color\"> Sonoth\u00e9rapie<\/mark><\/strong><\/p>\n\n\n\n<p style=\"font-size:18px\"><mark style=\"background-color:rgba(0, 0, 0, 0);color:#0a7873\" class=\"has-inline-color\"> <strong>S\u00e9ance compl\u00e8te : <\/strong><\/mark><\/p>\n\n\n\n<p style=\"font-size:16px\">Apr\u00e8s un \u00e9change, vous partirez vers un l\u00e2cher-prise et une d\u00e9tente profonde avec un massage sonore ou un bain sonore&#8230; Cette th\u00e9rapie compl\u00e8te  par le Son (arri\u00e8re et devant) procure une relaxation profonde et agit sur le Stress, l&rsquo;anxi\u00e9t\u00e9, la fatigue, les douleurs et autres&#8230;<\/p>\n\n\n\n<p><mark style=\"background-color:rgba(0, 0, 0, 0);color:#0a7873\" class=\"has-inline-color\"><strong>S\u00e9ance en groupe  : 10\u20ac\/pers (30 min) ou 15\u20ac\/pers (1h00)<\/strong><\/mark><\/p>\n\n\n\n<p style=\"font-size:16px\">Ici nous partons plus vers un bain sonore ou un voyage sonore en groupe. Me contacter pour plus de renseignement. Id\u00e9al pour un moment entre copines ou pour les Entreprises et Associations.<\/p>\n\n\n\n<p class=\"has-medium-font-size\"><mark style=\"background-color:rgba(0, 0, 0, 0);color:#63a01c\" class=\"has-inline-color\"><strong>La Naturopathie<\/strong><\/mark><\/p>\n\n\n\n<p style=\"font-size:18px\"><mark style=\"background-color:rgba(0, 0, 0, 0);color:#0a7873\" class=\"has-inline-color\"><strong>La premi\u00e8re s\u00e9ance  : <\/strong><\/mark><\/p>\n\n\n\n<p style=\"font-size:16px\">Il s\u2019agit de votre premi\u00e8re consultation chez un naturopathe ? Pas de panique&nbsp;!!! Tout se passera bien&nbsp;\ud83d\ude0a&#8230;<\/p>\n\n\n\n<p style=\"font-size:16px\">L\u2019objectif de cette consultation est d\u2019\u00e9tablir un bilan de sant\u00e9 global qui recouvre vos sph\u00e8res physiques, psychiques et \u00e9motionnelles. Cet entretien approfondi explore ainsi, vos ant\u00e9c\u00e9dents personnels et familiaux, l\u2019hygi\u00e8ne alimentaire, le rythme de vie, les \u00e9ventuels traitements en cours\u2026 &nbsp;<\/p>\n\n\n\n<p style=\"font-size:16px\">La consultation se d\u00e9roulera en plusieurs \u00e9tapes&nbsp;:<\/p>\n\n\n\n<p style=\"font-size:16px\"><strong>Premi\u00e8re \u00e9tapes: Pr\u00e9paration \u00e0 la consultation<\/strong><\/p>\n\n\n\n<p style=\"font-size:16px\">Votre consultation de naturopathie se pr\u00e9pare&nbsp;en amont. Suite \u00e0 votre prise de rendez-vous, la premi\u00e8re \u00e9tape consistera \u00e0 me faire retour par mail du questionnaire, afin que je puisse d\u00e9terminer les principaux axes de travail, que nous explorerons au cabinet.&nbsp;Le temps d\u00e9di\u00e9 \u00e0 votre s\u00e9ance sera&nbsp;optimis\u00e9. Nos \u00e9changes seront plus fluides et&nbsp;les conseils d\u00e9livr\u00e9s plus pr\u00e9cis.<\/p>\n\n\n\n<p style=\"font-size:16px\"><strong>Seconde \u00e9tapes&nbsp;: le rendez-vous<\/strong><\/p>\n\n\n\n<p style=\"font-size:16px\">Lors du rendez-vous&nbsp;: j\u2019effectuerai une analyse des diff\u00e9rents bilans&nbsp;:<\/p>\n\n\n\n<ul class=\"wp-block-list\">\n<li style=\"font-size:16px\"><mark style=\"background-color:rgba(0, 0, 0, 0);color:#fa2dd8\" class=\"has-inline-color\"><strong>L\u2019anamn\u00e8se<\/strong><\/mark> (approfondissement du questionnaire relatif \u00e0 vos habitudes de vie, vos probl\u00e9matiques de sant\u00e9, la gestion de vos \u00e9motions et de votre stress\u2026).<\/li>\n\n\n\n<li style=\"font-size:16px\"><mark style=\"background-color:rgba(0, 0, 0, 0);color:#fa2dd8\" class=\"has-inline-color\"><strong>Bilan morpho-physiologique<\/strong><\/mark> (observation de la morphologie et lien avec la physiologie), permettra d\u2019\u00e9tablir votre bilan de vitalit\u00e9 et \u00e0 appr\u00e9hender votre sant\u00e9.<\/li>\n\n\n\n<li style=\"font-size:16px\"><mark style=\"background-color:rgba(0, 0, 0, 0);color:#fa2dd8\" class=\"has-inline-color\"><strong>Bilan d\u2019iridologie<\/strong><\/mark>&nbsp;: L\u2019iridologie est l\u2019\u00e9tude de la partie color\u00e9e de l\u2019\u0153il. Elle renseigne sur la vitalit\u00e9 de la personne, ses pr\u00e9dispositions g\u00e9n\u00e9rales (ce que l\u2019on appelle en naturopathie le terrain) et d\u2019\u00e9ventuelles faiblesses organiques.<\/li>\n<\/ul>\n\n\n\n<p style=\"font-size:16px\">A partir de vos probl\u00e9matiques, de votre motivation, de votre environnement, nous \u00e9tablirons ensemble un programme individualis\u00e9. Je vous transmettrai des cl\u00e9s pour optimiser votre sant\u00e9.<\/p>\n\n\n\n<p class=\"has-text-align-center\" style=\"font-size:16px\"><strong><span style=\"color:#820082\" class=\"has-inline-color\">aller vers votre bien-\u00eatre, et ce, en toute bienveillance.<\/span><\/strong><\/p>\n\n\n\n<p style=\"font-size:16px\"><mark style=\"background-color:rgba(0, 0, 0, 0);color:#00cc99\" class=\"has-inline-color\"><strong>L\u2019alimentation<\/strong><\/mark> sera l\u2019\u00e9l\u00e9ment fondamental de votre accompagnement, mais je pourrais recourir \u00e0 d\u2019autres techniques &nbsp;naturelles comme<mark style=\"background-color:rgba(0, 0, 0, 0);color:#00cc99\" class=\"has-inline-color\"><strong> la phytoth\u00e9rapie, l\u2019aromath\u00e9rapie, l\u2019oligoth\u00e9rapie, les fleurs de Bach, la relaxation, la pratique d\u2019une activit\u00e9 physique<\/strong><\/mark> \u2026 et bien d\u2019autres encore\u2026. Je peux vous proposer si besoin des s\u00e9ances de Reiki ou bien vous orienter vers de la r\u00e9flexologie plantaire, des massages\u2026<\/p>\n\n\n\n<p style=\"font-size:16px\"><strong>Troisi\u00e8me \u00e9tapes&nbsp;: le bilan de sant\u00e9<\/strong><\/p>\n\n\n\n<p style=\"font-size:16px\">Sous deux jours maximums, vous recevrez&nbsp;<span style=\"color:#820082\" class=\"has-inline-color\"><strong>un bilan de sant\u00e9 <\/strong><\/span>qui sera la synth\u00e8se du rendez-vous. Il reprendra et d\u00e9taillera tous les points abord\u00e9s&nbsp;au cabinet ainsi que divers supports relatifs \u00e0 vos besoins (plan alimentaire et synth\u00e8se de conseils pratiques&#8230;). Une facture \u00e0 soumettre \u00e0 votre mutuelle pour une \u00e9ventuelle prise en charge de la consultation&nbsp;vous sera&nbsp;remise.<\/p>\n\n\n\n<p style=\"font-size:18px\"><strong><span style=\"background-color:rgba(0, 0, 0, 0);color:#0a7873\" class=\"has-inline-color\">S\u00e9ance de suivi<\/span><\/strong><span style=\"background-color:rgba(0, 0, 0, 0);color:#63a01c\" class=\"has-inline-color\"><strong> <\/strong><\/span><span style=\"background-color:rgba(0, 0, 0, 0);color:#0a7873\" class=\"has-inline-color\"><strong> : <\/strong><\/span><\/p>\n\n\n\n<p style=\"font-size:16px\">Cela se traduira par un \u00e9change pour savoir comment s&rsquo;est d\u00e9roul\u00e9 la mise en application du bilan alimentaire et peut-\u00eatre par une petite piq\u00fbre de rappel et\/ou par un nouveau plan d\u2019hygi\u00e8ne de vie pour faire face \u00e0 de nouvelles probl\u00e9matiques\u2026<\/p>\n\n\n\n<p><\/p>\n","protected":false},"excerpt":{"rendered":"<p>REIKI Tarif 1er S\u00e9ance \/ suivi 60\u20ac S\u00e9ance \u00e0 distance 50\u20ac S\u00e9ance Enfant-13ans 35\u20ac SONOTHERAPIE Tarif S\u00e9ance d\u00e9couverte 40\u20ac S\u00e9ance Individuelle 60\u20ac S\u00e9ance de groupe 15\u20ac\/pers RECOUVREMENT D&rsquo;\u00c2ME Tarif S\u00e9ance 65\u20ac NATUROPATHIE Tarif Premi\u00e8re s\u00e9ance 70\u20ac S\u00e9ance de suivi 60\u20ac Soin de l&rsquo;Ut\u00e9rus(2 s\u00e9ances) Prix 1er s\u00e9ance 70\u20ac 2\u00e8me S\u00e9ance 60\u20ac Soin de CRISTAL Prix S\u00e9ance (bilan des corps + soin + couture de l&rsquo;aura) 60\u20ac La Carte Cadeau : En fonction de la demande, Id\u00e9ale pour faire d\u00e9couvrir le Reiki, le soin de Cristal ou la Sonoth\u00e9rapie \u00e0 vos proches &#8230; Politique d&rsquo;annulation : Pour annuler ou reporter, merci de me contacter au moins 48h \u00e0 l&rsquo;avance. Le Reiki S\u00e9ance : S\u00e9ance \u00e0 distance Bien qu&rsquo;un rendez-vous au cabinet soit plus appr\u00e9ciable pour une d\u00e9tente plus profond (petit moment hors contexte familiale, petit temps pour soi)&#8230;. certaine personne ne peuvent pas forc\u00e9ment se d\u00e9placer. C&rsquo;est pourquoi je propose le&hellip;<\/p>\n<p> <a class=\"more-link\" href=\"https:\/\/reikinatur.com\/index.php\/tarifs-et-rendez-vous\/\">Read more<\/a><\/p>\n","protected":false},"author":1,"featured_media":382,"parent":0,"menu_order":0,"comment_status":"closed","ping_status":"closed","template":"","meta":{"footnotes":""},"class_list":["post-51","page","type-page","status-publish","has-post-thumbnail"],"_links":{"self":[{"href":"https:\/\/reikinatur.com\/index.php\/wp-json\/wp\/v2\/pages\/51","targetHints":{"allow":["GET"]}}],"collection":[{"href":"https:\/\/reikinatur.com\/index.php\/wp-json\/wp\/v2\/pages"}],"about":[{"href":"https:\/\/reikinatur.com\/index.php\/wp-json\/wp\/v2\/types\/page"}],"author":[{"embeddable":true,"href":"https:\/\/reikinatur.com\/index.php\/wp-json\/wp\/v2\/users\/1"}],"replies":[{"embeddable":true,"href":"https:\/\/reikinatur.com\/index.php\/wp-json\/wp\/v2\/comments?post=51"}],"version-history":[{"count":61,"href":"https:\/\/reikinatur.com\/index.php\/wp-json\/wp\/v2\/pages\/51\/revisions"}],"predecessor-version":[{"id":1872,"href":"https:\/\/reikinatur.com\/index.php\/wp-json\/wp\/v2\/pages\/51\/revisions\/1872"}],"wp:featuredmedia":[{"embeddable":true,"href":"https:\/\/reikinatur.com\/index.php\/wp-json\/wp\/v2\/media\/382"}],"wp:attachment":[{"href":"https:\/\/reikinatur.com\/index.php\/wp-json\/wp\/v2\/media?parent=51"}],"curies":[{"name":"wp","href":"https:\/\/api.w.org\/{rel}","templated":true}]}}