{"id":508,"date":"2022-02-27T14:27:24","date_gmt":"2022-02-27T13:27:24","guid":{"rendered":"https:\/\/reikinatur.com\/?page_id=508"},"modified":"2025-08-15T10:36:42","modified_gmt":"2025-08-15T08:36:42","slug":"la-phytoterapie","status":"publish","type":"page","link":"https:\/\/reikinatur.com\/index.php\/la-phytoterapie\/","title":{"rendered":"La Phytoth\u00e9rapie"},"content":{"rendered":"\n<p style=\"font-size:16px\">Depuis les temps anciens, l\u2019homme a utilis\u00e9 le pouvoir des plantes pour se soigner. Il a d\u00e9couvert \u00e0 travers leurs compos\u00e9s l\u2019art de r\u00e9\u00e9quilibrer durablement la coh\u00e9sion interne de l\u2019organisme.<\/p>\n\n\n\n<fontface=\"constantia\"><p class=\"has-text-align-center\" style=\"font-size:18px\"><span style=\"color:#820082\" class=\"has-inline-color\"><strong>La phytoth\u00e9rapie, c&rsquo;est de la chimie v\u00e9g\u00e9tale&nbsp;!!!<\/strong><\/span><\/p><\/fontface=\"constantia\">\n\n\n\n<p style=\"font-size:16px\">La plus insignifiante des fleurs peut cacher&nbsp;<span style=\"color:#00cc99\" class=\"has-inline-color\"><strong>un tr\u00e9sor&nbsp;th\u00e9rapeutique<\/strong>&nbsp;<\/span>car les compos\u00e9s chimiques fabriqu\u00e9s par les plantes dans leur ensemble ont souvent une capacit\u00e9 th\u00e9rapeutique sup\u00e9rieure&nbsp;\u00e0 celle d&rsquo;un compos\u00e9 synth\u00e9tique isol\u00e9. Plut\u00f4t que de masquer les sympt\u00f4mes, les plantes m\u00e9dicinales viendront optimiser les&nbsp;<strong>m\u00e9canismes d&rsquo;auto-gu\u00e9rison<\/strong>&nbsp;inscrits dans la nature m\u00eame du fonctionnement de l&rsquo;organisme gr\u00e2ce \u00e0&nbsp;un ensemble de principes actifs naturels qui agissent en synergie. <\/p>\n\n\n\n<p style=\"font-size:16px\">Comme toute&nbsp;<strong><span style=\"color:#fa2dd8\" class=\"has-inline-color\">substance active<\/span><\/strong>, les plantes m\u00e9dicinales peuvent provoquer des effets ind\u00e9sirables. Il appartient au th\u00e9rapeute de choisir l\u2019assortiment et la forme gal\u00e9nique, le dosage&nbsp;et la dur\u00e9e de la prise la plus judicieuse pour offrir \u00e0 chacun des effets souhaiter, ainsi la phytoth\u00e9rapie peut \u00eatre utilis\u00e9e en curatif comme en pr\u00e9ventif.<\/p>\n\n\n\n<p style=\"font-size:16px\"><span style=\"color:#820082\" class=\"has-inline-color\"><strong> Le pouvoir des plantes<\/strong><\/span> peut se d\u00e9cliner des diff\u00e9rents mani\u00e8re en fonction de la partie utilis\u00e9. Les formes gal\u00e9niques les plus utilis\u00e9es sont :<\/p>\n\n\n\n<ul class=\"wp-block-list\">\n<li style=\"font-size:16px\"><span style=\"color:#0a7873\" class=\"has-inline-color\"><strong>Les infusions<\/strong><\/span><\/li>\n\n\n\n<li style=\"font-size:16px\"><span style=\"color:#0a7873\" class=\"has-inline-color\"><strong>Les mac\u00e9rats<\/strong><\/span><\/li>\n\n\n\n<li style=\"font-size:16px\"><span style=\"color:#0a7873\" class=\"has-inline-color\"><strong>les d\u00e9coction<\/strong><\/span><strong><span style=\"color:#0a7873\" class=\"has-inline-color\">s<\/span><\/strong><\/li>\n<\/ul>\n\n\n\n<p style=\"font-size:16px\"> La phytoth\u00e9rapie est utile \u00e0 l&rsquo;ensemble de notre organisme, que ce soit d&rsquo;un point de vue physique ou psychique. En outre les \u00e9motions peuvent \u00eatre g\u00e9rer par des \u00e9lixirs floraux comme <span style=\"color:#00cc99\" class=\"has-inline-color\"><strong>les Fleurs de Bach<\/strong><\/span>.<\/p>\n\n\n\n<p class=\"has-medium-font-size\"><span style=\"color:#63a01c\" class=\"has-inline-color\"><strong>Les fleurs de Bach<\/strong><\/span><\/p>\n\n\n\n<p style=\"font-size:16px\">C\u2019est le Dr Edward Bach, m\u00e9decin hom\u00e9opathe anglais, qui fut dans les ann\u00e9es 1930 le premier \u00e0 utiliser les propri\u00e9t\u00e9s \u00e9motionnelles des fleurs sous forme d\u2019\u00e9lixir floral. Il d\u00e9couvrit les propri\u00e9t\u00e9s de 38 fleurs, en mettant au point un syst\u00e8me de 38 \u00e9lixirs floraux. Pour plus de facilit\u00e9, il a class\u00e9 ces 38 \u00e9tats \u00e9motionnels en 7 cat\u00e9gories :<\/p>\n\n\n\n<ul class=\"wp-block-list\">\n<li style=\"font-size:16px\"><span style=\"color:#820082\" class=\"has-inline-color\"><strong>Peurs<\/strong><\/span><\/li>\n\n\n\n<li style=\"font-size:16px\"><span style=\"color:#820082\" class=\"has-inline-color\"><strong>Incertitudes<\/strong><\/span><\/li>\n\n\n\n<li style=\"font-size:16px\"><span style=\"color:#820082\" class=\"has-inline-color\"><strong>Manque d&rsquo;int\u00e9r\u00eat pour le pr\u00e9sent<\/strong><\/span><\/li>\n\n\n\n<li style=\"font-size:16px\"><span style=\"color:#820082\" class=\"has-inline-color\"><strong>Solitude<\/strong><\/span><\/li>\n\n\n\n<li style=\"font-size:16px\"><span style=\"color:#820082\" class=\"has-inline-color\"><strong>D\u00e9couragement\/D\u00e9sespoir<\/strong><\/span><\/li>\n\n\n\n<li style=\"font-size:16px\"><span style=\"color:#820082\" class=\"has-inline-color\"><strong>Hypersensibilit\u00e9<\/strong><\/span><\/li>\n\n\n\n<li style=\"font-size:16px\"><span style=\"color:#820082\" class=\"has-inline-color\"><strong>Pr\u00e9occupation excessive du Bien-\u00eatre d&rsquo;autrui<\/strong><\/span><\/li>\n<\/ul>\n\n\n\n<p style=\"font-size:16px\">Par la suite beaucoup d\u2019autres gammes d\u2019\u00e9lixir floraux sont n\u00e9e.<\/p>\n\n\n\n<p style=\"font-size:16px\">Les fleurs sont <strong>choisies selon l\u2019\u00e9tat \u00e9motionnel<\/strong> correspondant pour apaiser et stabiliser les \u00e9motions. Elles peuvent \u00eatre utilis\u00e9es par tous et \u00e0 tout \u00e2ge.<\/p>\n\n\n\n<p style=\"font-size:16px\">Une pr\u00e9paration d\u2019\u00e9lixirs floraux ajuster aide \u00e0 aborder les situations avec plus de d\u00e9tachement et permet un accompagnement en douceur lors de changements dans sa vie.<\/p>\n\n\n\n<p style=\"font-size:16px\">Il est possible d\u2019utiliser les \u00e9lixirs seuls ou en synergie (7 maximum), que l\u2019on prendra habituellement \u00e0 raison de 3\/4 gouttes 3 \u00e0 4 fois\/jour.<\/p>\n\n\n\n<p class=\"has-text-align-center\" style=\"font-size:16px\"><span style=\"color:#0a7873\" class=\"has-inline-color\"><strong>Ce n\u2019est pas<\/strong> <strong>la quantit\u00e9 d\u2019\u00e9lixir consomm\u00e9 qui fera son efficacit\u00e9&#8230;, mais la fr\u00e9quence et la r\u00e9gularit\u00e9 des prises<\/strong> <\/span><\/p>\n\n\n\n<p style=\"font-size:16px\">Elles agissent sans cr\u00e9er d\u2019accoutumance et ne pr\u00e9sentent ni contre-indication, ni interaction m\u00e9dicamenteuse.<\/p>\n\n\n\n<p style=\"font-size:16px\">Les \u00e9lixirs floraux peuvent se conserver tr\u00e8s longtemps (plus de 5 ans), \u00e0 partir du moment o\u00f9 ils ont \u00e9t\u00e9 stock\u00e9s dans de bonnes conditions.<\/p>\n\n\n\n<ul class=\"wp-block-list\">\n<li style=\"font-size:16px\"><strong><span style=\"color:#00cc99\" class=\"has-inline-color\"> Stock\u00e9s \u00e0 l\u2019abri de la chaleur<\/span><\/strong> : la chaleur n\u2019alterne pas vraiment l\u2019\u00e9lixir mais peut alt\u00e9rer le caoutchouc de la pipette, la rendant poreuse et favorisant donc les \u00e9changes entre l\u2019air ext\u00e9rieur et l\u2019air du flacon.<\/li>\n\n\n\n<li style=\"font-size:16px\"><strong><span style=\"color:#00cc99\" class=\"has-inline-color\">A l\u2019abri de la lumi\u00e8re<\/span><\/strong> :et s\u2019il n\u2019y a pas de chaleur!!<\/li>\n\n\n\n<li style=\"font-size:16px\"><span style=\"color:#00cc99\" class=\"has-inline-color\"><strong>Les rayonnements \u00e9lectromagn\u00e9tiques<\/strong><\/span> : \u00c9loignez vos \u00e9lixirs des appareils \u00e9lectriques, surtout ceux qui \u00e9mettent des ondes ou un rayonnement \u00e9lectromagn\u00e9tique\u00a0: ordinateurs, micro-ondes, t\u00e9l\u00e9phones mobiles, t\u00e9l\u00e9vision, radio-r\u00e9veil, box internet\u2026<\/li>\n<\/ul>\n\n\n\n<p class=\"has-text-align-center\" style=\"font-size:16px\"><strong><span style=\"color:#fa2dd8\" class=\"has-inline-color\">Ne gardez pas \u00e9lixir et t\u00e9l\u00e9phone dans le m\u00eame sac \u00e0 main ou la m\u00eame poche<\/span><\/strong><\/p>\n\n\n\n<p style=\"font-size:16px\">Prot\u00e9ger son \u00e9lixir \u00e0 100% des ondes parait compliqu\u00e9 (il y en a partout!) mais il est important de garder cette notion en t\u00eate pour faire au mieux.<\/p>\n\n\n\n<p class=\"has-medium-font-size\"><strong><span style=\"color:#63a01c\" class=\"has-inline-color\"><\/span><\/strong><\/p>\n\n\n<div class=\"wp-block-image is-style-default\">\n<figure class=\"aligncenter size-large is-resized\"><img loading=\"lazy\" decoding=\"async\" width=\"1024\" height=\"680\" src=\"https:\/\/reikinatur.com\/wp-content\/uploads\/2022\/03\/naturo-phyto-fleur-bach-1024x680.webp\" alt=\"\" class=\"wp-image-651\" style=\"width:345px;height:auto\" srcset=\"https:\/\/reikinatur.com\/wp-content\/uploads\/2022\/03\/naturo-phyto-fleur-bach-1024x680.webp 1024w, https:\/\/reikinatur.com\/wp-content\/uploads\/2022\/03\/naturo-phyto-fleur-bach-300x199.webp 300w, https:\/\/reikinatur.com\/wp-content\/uploads\/2022\/03\/naturo-phyto-fleur-bach-768x510.webp 768w, https:\/\/reikinatur.com\/wp-content\/uploads\/2022\/03\/naturo-phyto-fleur-bach.webp 1500w\" sizes=\"auto, (max-width: 1024px) 100vw, 1024px\" \/><\/figure>\n<\/div>\n\n\n<p><a href=\"https:\/\/reikinatur.com\/index.php\/la-boite-a-outil-du-naturopathe\/\">RETOUR \u00c0 LA BO\u00ceTE \u00c0 OUTILS<\/a><\/p>\n","protected":false},"excerpt":{"rendered":"<p>Depuis les temps anciens, l\u2019homme a utilis\u00e9 le pouvoir des plantes pour se soigner. Il a d\u00e9couvert \u00e0 travers leurs compos\u00e9s l\u2019art de r\u00e9\u00e9quilibrer durablement la coh\u00e9sion interne de l\u2019organisme. La phytoth\u00e9rapie, c&rsquo;est de la chimie v\u00e9g\u00e9tale&nbsp;!!! La plus insignifiante des fleurs peut cacher&nbsp;un tr\u00e9sor&nbsp;th\u00e9rapeutique&nbsp;car les compos\u00e9s chimiques fabriqu\u00e9s par les plantes dans leur ensemble ont souvent une capacit\u00e9 th\u00e9rapeutique sup\u00e9rieure&nbsp;\u00e0 celle d&rsquo;un compos\u00e9 synth\u00e9tique isol\u00e9. Plut\u00f4t que de masquer les sympt\u00f4mes, les plantes m\u00e9dicinales viendront optimiser les&nbsp;m\u00e9canismes d&rsquo;auto-gu\u00e9rison&nbsp;inscrits dans la nature m\u00eame du fonctionnement de l&rsquo;organisme gr\u00e2ce \u00e0&nbsp;un ensemble de principes actifs naturels qui agissent en synergie. Comme toute&nbsp;substance active, les plantes m\u00e9dicinales peuvent provoquer des effets ind\u00e9sirables. Il appartient au th\u00e9rapeute de choisir l\u2019assortiment et la forme gal\u00e9nique, le dosage&nbsp;et la dur\u00e9e de la prise la plus judicieuse pour offrir \u00e0 chacun des effets souhaiter, ainsi la phytoth\u00e9rapie peut \u00eatre utilis\u00e9e en curatif comme en pr\u00e9ventif. Le pouvoir&hellip;<\/p>\n<p> <a class=\"more-link\" href=\"https:\/\/reikinatur.com\/index.php\/la-phytoterapie\/\">Read more<\/a><\/p>\n","protected":false},"author":1,"featured_media":295,"parent":0,"menu_order":0,"comment_status":"closed","ping_status":"closed","template":"","meta":{"footnotes":""},"class_list":["post-508","page","type-page","status-publish","has-post-thumbnail"],"_links":{"self":[{"href":"https:\/\/reikinatur.com\/index.php\/wp-json\/wp\/v2\/pages\/508","targetHints":{"allow":["GET"]}}],"collection":[{"href":"https:\/\/reikinatur.com\/index.php\/wp-json\/wp\/v2\/pages"}],"about":[{"href":"https:\/\/reikinatur.com\/index.php\/wp-json\/wp\/v2\/types\/page"}],"author":[{"embeddable":true,"href":"https:\/\/reikinatur.com\/index.php\/wp-json\/wp\/v2\/users\/1"}],"replies":[{"embeddable":true,"href":"https:\/\/reikinatur.com\/index.php\/wp-json\/wp\/v2\/comments?post=508"}],"version-history":[{"count":16,"href":"https:\/\/reikinatur.com\/index.php\/wp-json\/wp\/v2\/pages\/508\/revisions"}],"predecessor-version":[{"id":1776,"href":"https:\/\/reikinatur.com\/index.php\/wp-json\/wp\/v2\/pages\/508\/revisions\/1776"}],"wp:featuredmedia":[{"embeddable":true,"href":"https:\/\/reikinatur.com\/index.php\/wp-json\/wp\/v2\/media\/295"}],"wp:attachment":[{"href":"https:\/\/reikinatur.com\/index.php\/wp-json\/wp\/v2\/media?parent=508"}],"curies":[{"name":"wp","href":"https:\/\/api.w.org\/{rel}","templated":true}]}}