{"id":506,"date":"2022-02-27T14:26:32","date_gmt":"2022-02-27T13:26:32","guid":{"rendered":"https:\/\/reikinatur.com\/?page_id=506"},"modified":"2025-08-15T10:44:51","modified_gmt":"2025-08-15T08:44:51","slug":"lhydrologie","status":"publish","type":"page","link":"https:\/\/reikinatur.com\/index.php\/lhydrologie\/","title":{"rendered":"L&rsquo;Hydroth\u00e9rapie"},"content":{"rendered":"\n<p style=\"font-size:16px\">La naissance de l\u2019<strong>hydroth\u00e9rapie<\/strong> a probablement eu lieu en Egypte, aux environs de -3000 avant J.C &#8230;mais c&rsquo;est sous l&#8217;empire Romain qu&rsquo;elle prend tous son essor notamment dans les pays Occidentaux, avec les bains communaux qui \u00e9taient \u00e0 la fois des lieux de sant\u00e9 et de socialisation. En Inde, la purification par l\u2019eau a \u00e9galement toujours fait partie des pratiques quotidiennes. Tout comme au Japon, il est commun de se rendre aux sources d\u2019eau chaude en famille, ou entre amis.<\/p>\n\n\n\n<p style=\"font-size:16px\">Cette technique th\u00e9rapeutique vise \u00e0 utiliser l&rsquo;eau, et cela, peu importe : <strong><span style=\"color:#00cc99\" class=\"has-inline-color\">son type<\/span><\/strong> (eau de mer, eau gazeuse, eau min\u00e9rale, eau du robinet), <strong><span style=\"color:#00cc99\" class=\"has-inline-color\">sa forme<\/span><\/strong> (gazeuse ou liquide), <strong><span style=\"color:#00cc99\" class=\"has-inline-color\">sa temp\u00e9rature<\/span><\/strong> et <strong><span style=\"color:#00cc99\" class=\"has-inline-color\">son mode d\u2019utilisation<\/span><\/strong> (bain, douche, jets, compresses, etc.) dans<strong><span style=\"color:#fa2dd8\" class=\"has-inline-color\"> le but de pr\u00e9venir et traiter certaines affections<\/span><\/strong>. <\/p>\n\n\n\n<p style=\"font-size:16px\">De nos jours, l\u2019hydroth\u00e9rapie est g\u00e9n\u00e9ralement pratiqu\u00e9e en centre de soin ou dans le cabinet d\u2019un naturopathe, mais on peut \u00e9galement retrouver l&rsquo;utilisation de l&rsquo;eau dans d\u2019autres \u00e9tablissements, comme les spas, sp\u00e9cialistes de la remise en forme ou des soins de beaut\u00e9.<\/p>\n\n\n<div class=\"wp-block-image\">\n<figure class=\"aligncenter size-full\"><img loading=\"lazy\" decoding=\"async\" width=\"318\" height=\"159\" src=\"https:\/\/reikinatur.com\/wp-content\/uploads\/2022\/03\/naturo-hydro-femme-1.jpg\" alt=\"\" class=\"wp-image-661\" srcset=\"https:\/\/reikinatur.com\/wp-content\/uploads\/2022\/03\/naturo-hydro-femme-1.jpg 318w, https:\/\/reikinatur.com\/wp-content\/uploads\/2022\/03\/naturo-hydro-femme-1-300x150.jpg 300w\" sizes=\"auto, (max-width: 318px) 100vw, 318px\" \/><\/figure>\n<\/div>\n\n\n<p class=\"has-medium-font-size\"><span style=\"color:#63a01c\" class=\"has-inline-color\"><strong>Les d<\/strong><\/span><strong><span style=\"color:#63a01c\" class=\"has-inline-color\">iff\u00e9rentes types d&rsquo;hydroth\u00e9rapie<\/span><\/strong><\/p>\n\n\n\n<p style=\"font-size:16px\">On distingue deux types d\u2019<strong>hydroth\u00e9rapie<\/strong>&nbsp;: <span style=\"color:#00cc99\" class=\"has-inline-color\"><strong>externe et interne.<\/strong><\/span><\/p>\n\n\n\n<p style=\"font-size:18px\"><span style=\"color:#0a7873\" class=\"has-inline-color\"><strong>La voie externe :<\/strong><\/span><\/p>\n\n\n\n<p style=\"font-size:16px\">Au cours d\u2019une s\u00e9ance d\u2019hydroth\u00e9rapie externe, l\u2019eau est directement utilis\u00e9e en contact avec la peau ou les muqueuses et va permettre divers r\u00e9action comme la r\u00e9action vasculaire, le d\u00e9placement des humeurs, la stimulation \u00e9monctorielle ou l&rsquo;\u00e9quilibrage nerveux.<\/p>\n\n\n\n<p style=\"font-size:16px\">Elle repose donc sur  les douches, les bains, la vapeur, les massages, etc.<\/p>\n\n\n\n<div class=\"wp-block-media-text alignwide is-stacked-on-mobile\"><figure class=\"wp-block-media-text__media\"><img loading=\"lazy\" decoding=\"async\" width=\"1024\" height=\"529\" src=\"https:\/\/reikinatur.com\/wp-content\/uploads\/2022\/03\/naturo-hydro-eau-1024x529.jpg\" alt=\"\" class=\"wp-image-660 size-full\" srcset=\"https:\/\/reikinatur.com\/wp-content\/uploads\/2022\/03\/naturo-hydro-eau-1024x529.jpg 1024w, https:\/\/reikinatur.com\/wp-content\/uploads\/2022\/03\/naturo-hydro-eau-300x155.jpg 300w, https:\/\/reikinatur.com\/wp-content\/uploads\/2022\/03\/naturo-hydro-eau-768x397.jpg 768w, https:\/\/reikinatur.com\/wp-content\/uploads\/2022\/03\/naturo-hydro-eau.jpg 1200w\" sizes=\"auto, (max-width: 1024px) 100vw, 1024px\" \/><\/figure><div class=\"wp-block-media-text__content\">\n<p style=\"font-size:16px\"> <strong><span style=\"color:#820082\" class=\"has-inline-color\"> L&rsquo;eau froide<\/span><\/strong> permettent d\u2019obtenir une contraction des vaisseaux (c&rsquo;est la \u00ab&nbsp;vasoconstriction&nbsp;\u00bb.) qui permet de<span style=\"color:#fa2dd8\" class=\"has-inline-color\"><strong> r\u00e9duire l\u2019inflammation et la douleur<\/strong><\/span>. Le th\u00e9rapeute utilisera <strong>les traitements \u00e0 base d\u2019eau froide<\/strong> comme l\u2019application d\u2019une compresse ou les bains<strong> que sur de courte p\u00e9riode<\/strong>,  <\/p>\n<\/div><\/div>\n\n\n\n<div class=\"wp-block-columns is-layout-flex wp-container-core-columns-is-layout-9d6595d7 wp-block-columns-is-layout-flex\">\n<div class=\"wp-block-column is-layout-flow wp-block-column-is-layout-flow\" style=\"flex-basis:66.66%\">\n<p><strong><span style=\"color:#820082\" class=\"has-inline-color\">L&rsquo;eau chaude<\/span> <\/strong>sera utiles pour:<\/p>\n\n\n\n<div class=\"wp-block-group\"><div class=\"wp-block-group__inner-container is-layout-flow wp-block-group-is-layout-flow\">\n<ul style=\"font-size:14px\" class=\"wp-block-list\">\n<li style=\"font-size:16px\"><span style=\"color:#fa2dd8\" class=\"has-inline-color\"><strong>augmenter la temp\u00e9rature du corps<\/strong><\/span> : cette technique qui consiste \u00e0 cr\u00e9er un \u00e9tat de fi\u00e8vre artificiel (avec sueurs) est utilis\u00e9e depuis l\u2019Antiquit\u00e9 Grecque pour soigner certaines affections. On sait, en effet,\u00a0 aujourd\u2019hui que la fi\u00e8vre aide \u00e0 combattre les affections. <\/li>\n\n\n\n<li style=\"font-size:16px\"><strong><span style=\"color:#fa2dd8\" class=\"has-inline-color\">r\u00e9duction de la tension art\u00e9rielle<\/span><\/strong> et une <strong><span style=\"color:#fa2dd8\" class=\"has-inline-color\">meilleure irrigation sanguine de la peau et des muscles<\/span><\/strong> gr\u00e2ce la <strong>dilatation les vaisseaux sanguins<\/strong> (c&rsquo;est la \u00ab\u00a0vasodilatation\u00a0\u00bb) . Ainsi, les bains et les compresses d\u2019eau chaude permettent de soulager des affections telles que des spasmes musculaires, une inflammation articulaire ou des douleurs menstruelles.<\/li>\n\n\n\n<li style=\"font-size:16px\"><strong><span style=\"color:#fa2dd8\" class=\"has-inline-color\">les probl\u00e8mes cutan\u00e9s<\/span><\/strong> : les bains de vapeur ont pour effet d\u2019ouvrir les pores cutan\u00e9s Ils sont tr\u00e8s utilis\u00e9s pour traiter l\u2019\u00e9vacuation des impuret\u00e9s de la peau.<\/li>\n<\/ul>\n<\/div><\/div>\n<\/div>\n\n\n\n<div class=\"wp-block-column is-vertically-aligned-center is-layout-flow wp-block-column-is-layout-flow\" style=\"flex-basis:33.33%\"><div class=\"wp-block-image is-style-default\">\n<figure class=\"aligncenter size-medium is-resized\"><img loading=\"lazy\" decoding=\"async\" width=\"300\" height=\"200\" src=\"https:\/\/reikinatur.com\/wp-content\/uploads\/2022\/03\/naturo-hydro-hammam2-300x200.jpg\" alt=\"\" class=\"wp-image-684\" style=\"width:364px;height:268px\" srcset=\"https:\/\/reikinatur.com\/wp-content\/uploads\/2022\/03\/naturo-hydro-hammam2-300x200.jpg 300w, https:\/\/reikinatur.com\/wp-content\/uploads\/2022\/03\/naturo-hydro-hammam2-768x512.jpg 768w, https:\/\/reikinatur.com\/wp-content\/uploads\/2022\/03\/naturo-hydro-hammam2.jpg 850w\" sizes=\"auto, (max-width: 300px) 100vw, 300px\" \/><\/figure>\n<\/div><\/div>\n<\/div>\n\n\n\n<div class=\"wp-block-columns is-layout-flex wp-container-core-columns-is-layout-9d6595d7 wp-block-columns-is-layout-flex\">\n<div class=\"wp-block-column is-layout-flow wp-block-column-is-layout-flow\"><div class=\"wp-block-image\">\n<figure class=\"aligncenter size-full is-resized\"><img loading=\"lazy\" decoding=\"async\" width=\"354\" height=\"142\" src=\"https:\/\/reikinatur.com\/wp-content\/uploads\/2022\/03\/naturo-hydro-pied.jpg\" alt=\"\" class=\"wp-image-665\" style=\"width:491px;height:197px\" srcset=\"https:\/\/reikinatur.com\/wp-content\/uploads\/2022\/03\/naturo-hydro-pied.jpg 354w, https:\/\/reikinatur.com\/wp-content\/uploads\/2022\/03\/naturo-hydro-pied-300x120.jpg 300w\" sizes=\"auto, (max-width: 354px) 100vw, 354px\" \/><\/figure>\n<\/div><\/div>\n<\/div>\n\n\n\n<p style=\"font-size:18px\"><strong><span style=\"color:#0a7873\" class=\"has-inline-color\">La voie interne<\/span> : <\/strong><\/p>\n\n\n\n<p style=\"font-size:16px\">L&rsquo;eau est essentiel \u00e0 notre organisme !! <\/p>\n\n\n\n<font face=\"albertus\"> <p class=\"has-text-align-center\" style=\"font-size:22px\"> <span style=\"color:#fa2dd8\" class=\"has-inline-color\"><strong>\u00ab\u00a0Nous pouvons nous passer de manager pendant plusieurs jours mais nous ne pouvons pas nous passer de boire\u00a0\u00bb. <\/strong><\/span><\/p><\/font>\n\n\n\n<p style=\"font-size:16px\">Pour \u00eatre une eau b\u00e9n\u00e9fique \u00e0 notre sant\u00e9, elle doit d\u00e9tenir certaines propri\u00e9t\u00e9 :<\/p>\n\n\n\n<div class=\"wp-block-media-text alignwide has-media-on-the-right is-stacked-on-mobile\"><div class=\"wp-block-media-text__content\">\n<p style=\"font-size:14px\"><span style=\"color:#820082\" class=\"has-inline-color\"><strong>le potentiel acido-basique (pH<\/strong><\/span>) : une eau id\u00e9ale a un pH l\u00e9g\u00e8rement acide, entre 6 et 6.9. Elle permettra une bonne digestion, une bonne assimilation des nutriments et r\u00e9\u00e9quilibrera le sang (qui est g\u00e9n\u00e9ralement trop alcalin engendrant une acidification tissulaire : lit des pathologie lourde).<\/p>\n\n\n\n<p style=\"font-size:14px\"><strong><span style=\"color:#820082\" class=\"has-inline-color\">la r\u00e9sistivit\u00e9 (Rh\u00f4)<\/span><\/strong> : c&rsquo;est la charge min\u00e9rale de l&rsquo;eau. Donc une eau peu min\u00e9ralis\u00e9 favorisera une \u00e9limination des toxines par les reins et purgera le sang.<\/p>\n\n\n\n<p style=\"font-size:14px\"><strong><span style=\"color:#820082\" class=\"has-inline-color\">le potentiel d&rsquo;oxydo-reduction (rH2) <\/span><\/strong>: permet de mesurer la perte ou le gains d&rsquo;\u00e9lectrons d\u2019o\u00f9 connaitre son pouvoir anti-oxydant. Dans l&rsquo;id\u00e9ale rH2 est inf\u00e9rieur \u00e0 28.<\/p>\n<\/div><figure class=\"wp-block-media-text__media\"><img loading=\"lazy\" decoding=\"async\" width=\"299\" height=\"168\" src=\"https:\/\/reikinatur.com\/wp-content\/uploads\/2022\/03\/naturo-hydro-bouteil-deau.jpg\" alt=\"\" class=\"wp-image-679 size-full\"\/><\/figure><\/div>\n\n\n\n<p class=\"has-medium-font-size\"><span style=\"color:#63a01c\" class=\"has-inline-color\"><strong>La m\u00e9moire de l&rsquo;eau<\/strong><\/span><\/p>\n\n\n\n<p style=\"font-size:16px\">L\u2019eau poss\u00e8de de nombreuses propri\u00e9t\u00e9s comme son transport, ses diff\u00e9rentes formes possibles (jets, bulles, courants, vapeur&#8230;),le fait de permettre \u00e9galement une relative apesanteur lorsque le corps est plong\u00e9 dedans..mais il ne faut pas oublier sa m\u00e9moire !!!<\/p>\n\n\n\n<p style=\"font-size:16px\">Certain chercheur comme Marcel Violet, Jacque Benveniste ou Luc Montagnier ont d\u00e9montr\u00e9 que \u00ab\u00a0l&rsquo;eau qui a \u00e9t\u00e9 en contact avec certaines substances conserve une empreinte de certaines propri\u00e9t\u00e9 de celles-ci alors m\u00eame qu&rsquo;elles ne s&rsquo;y trouvent statistiquement plus\u00a0\u00bb ou encore Masaru Emoto et son livres : l&rsquo;Eau m\u00e9moire de nos \u00e9motions.<\/p>\n\n\n\n<p style=\"font-size:16px\"> Il d\u00e9couvra qu&rsquo;en fonction de leurs environnement, les cristaux d&rsquo;eau changer de forme (les eaux pures donnent des cristaux harmonieux contrairement au eaux stagnantes, pollu\u00e9s qui donnent des cristaux incomplets et dysharmonieux). Il ira plus loin en mentionnant qu&rsquo;il \u00e9tait possible d&rsquo;influencer la forme des cristaux par le seul pouvoir de l&rsquo;intension des mots, de la musique, des \u00e9motions gr\u00e2ce \u00e0 la vibration qu&rsquo;ils \u00e9mettent.<\/p>\n\n\n\n<font face=\"albertus\"><p><strong><class=\"has-text-align-center\" style=\"font-size:26px\"><span style=\"color:#820082\" class=\"has-inline-color\">\u00ab\u00a0Ces cristaux sont remplis de le\u00e7ons \u00e0 tirer concernant la fa\u00e7on dont nous devrions, et devons vivre\u00a0\u00bb<\/span><\/strong><\/p><\/font>\n\n\n\n<p style=\"font-size:16px\"><span style=\"color:#820082\" class=\"has-inline-color\">Masaru Emoto<\/span><\/p>\n\n\n\n<p style=\"font-size:16px\">Et quand on sais que notre corps est compos\u00e9 de 80% d&rsquo;eau,cela laisse \u00e0 r\u00e9flechir &#8230; <\/p>\n\n\n<div class=\"wp-block-image\">\n<figure class=\"aligncenter size-full is-resized\"><img loading=\"lazy\" decoding=\"async\" width=\"300\" height=\"168\" src=\"https:\/\/reikinatur.com\/wp-content\/uploads\/2022\/03\/naturo-hydro-jet-deau.jpg\" alt=\"\" class=\"wp-image-664\" style=\"width:457px;height:256px\"\/><\/figure>\n<\/div>\n\n\n<p><a href=\"https:\/\/reikinatur.com\/index.php\/la-boite-a-outil-du-naturopathe\/\">RETOUR \u00c0 LA BO\u00ceTE \u00c0 OUTILS<\/a><\/p>\n","protected":false},"excerpt":{"rendered":"<p>La naissance de l\u2019hydroth\u00e9rapie a probablement eu lieu en Egypte, aux environs de -3000 avant J.C &#8230;mais c&rsquo;est sous l&#8217;empire Romain qu&rsquo;elle prend tous son essor notamment dans les pays Occidentaux, avec les bains communaux qui \u00e9taient \u00e0 la fois des lieux de sant\u00e9 et de socialisation. En Inde, la purification par l\u2019eau a \u00e9galement toujours fait partie des pratiques quotidiennes. Tout comme au Japon, il est commun de se rendre aux sources d\u2019eau chaude en famille, ou entre amis. Cette technique th\u00e9rapeutique vise \u00e0 utiliser l&rsquo;eau, et cela, peu importe : son type (eau de mer, eau gazeuse, eau min\u00e9rale, eau du robinet), sa forme (gazeuse ou liquide), sa temp\u00e9rature et son mode d\u2019utilisation (bain, douche, jets, compresses, etc.) dans le but de pr\u00e9venir et traiter certaines affections. De nos jours, l\u2019hydroth\u00e9rapie est g\u00e9n\u00e9ralement pratiqu\u00e9e en centre de soin ou dans le cabinet d\u2019un naturopathe, mais on peut \u00e9galement&hellip;<\/p>\n<p> <a class=\"more-link\" href=\"https:\/\/reikinatur.com\/index.php\/lhydrologie\/\">Read more<\/a><\/p>\n","protected":false},"author":1,"featured_media":663,"parent":0,"menu_order":0,"comment_status":"closed","ping_status":"closed","template":"","meta":{"footnotes":""},"class_list":["post-506","page","type-page","status-publish","has-post-thumbnail"],"_links":{"self":[{"href":"https:\/\/reikinatur.com\/index.php\/wp-json\/wp\/v2\/pages\/506","targetHints":{"allow":["GET"]}}],"collection":[{"href":"https:\/\/reikinatur.com\/index.php\/wp-json\/wp\/v2\/pages"}],"about":[{"href":"https:\/\/reikinatur.com\/index.php\/wp-json\/wp\/v2\/types\/page"}],"author":[{"embeddable":true,"href":"https:\/\/reikinatur.com\/index.php\/wp-json\/wp\/v2\/users\/1"}],"replies":[{"embeddable":true,"href":"https:\/\/reikinatur.com\/index.php\/wp-json\/wp\/v2\/comments?post=506"}],"version-history":[{"count":23,"href":"https:\/\/reikinatur.com\/index.php\/wp-json\/wp\/v2\/pages\/506\/revisions"}],"predecessor-version":[{"id":1786,"href":"https:\/\/reikinatur.com\/index.php\/wp-json\/wp\/v2\/pages\/506\/revisions\/1786"}],"wp:featuredmedia":[{"embeddable":true,"href":"https:\/\/reikinatur.com\/index.php\/wp-json\/wp\/v2\/media\/663"}],"wp:attachment":[{"href":"https:\/\/reikinatur.com\/index.php\/wp-json\/wp\/v2\/media?parent=506"}],"curies":[{"name":"wp","href":"https:\/\/api.w.org\/{rel}","templated":true}]}}