{"id":350,"date":"2022-02-19T10:24:48","date_gmt":"2022-02-19T09:24:48","guid":{"rendered":"https:\/\/reikinatur.com\/?page_id=350"},"modified":"2025-08-15T10:30:55","modified_gmt":"2025-08-15T08:30:55","slug":"test1","status":"publish","type":"page","link":"https:\/\/reikinatur.com\/index.php\/test1\/","title":{"rendered":"L&rsquo;alimentation"},"content":{"rendered":"\n<p style=\"font-size:16px\">L&rsquo;alimentation est la base de toute modification pour tendre vers une sant\u00e9 optimal.  Le naturopathe peut se servir de diff\u00e9rents techniques d&rsquo;accompagnement li\u00e9es \u00e0 l&rsquo;alimentation :<\/p>\n\n\n\n<ul id=\"plan-alimentaire\" class=\"wp-block-list\">\n<li style=\"font-size:16px\">Le <a href=\"#plan alimentaire\">plan alimentaire<\/a><\/li>\n\n\n\n<li style=\"font-size:16px\">les <a href=\"#cures\">cures<\/a><\/li>\n\n\n\n<li style=\"font-size:16px\">les <a href=\"#monodi\u00e8te\">monodi\u00e8tes<\/a><\/li>\n\n\n\n<li style=\"font-size:16px\">les <a href=\"#je\u00fbnes\">je\u00fbnes<\/a><\/li>\n<\/ul>\n\n\n\n<p class=\"has-medium-font-size\" id=\"plan-alimentaire\"><strong><span style=\"color:#63a01c\" class=\"has-inline-color\">Le plan alimentaire :<\/span><\/strong><\/p>\n\n\n\n<p style=\"font-size:16px\">Chaque personne est unique : nous n\u2019avons ni les m\u00eames pr\u00e9dispositions g\u00e9n\u00e9tiques, ni le m\u00eame m\u00e9tabolisme, ni les m\u00eames besoins. C\u2019est sur la base d\u2019un examen de l\u2019\u00e9tat de vitalit\u00e9 de la personne et de son mode de vie que le naturopathe peut d\u00e9terminer quelle sera l\u2019alimentation la plus adapt\u00e9e pour elle.<\/p>\n\n\n\n<p style=\"font-size:16px\">Il faut savoir que nos aliments comprennent 2 types de composants :<\/p>\n\n\n\n<p style=\"font-size:18px\"><span style=\"color:#63a01c\" class=\"has-inline-color\"><strong>&nbsp;<\/strong><\/span><span style=\"color:#0a7873\" class=\"has-inline-color\"><strong>Les&nbsp;macronutriments<\/strong>&nbsp;:<\/span><\/p>\n\n\n\n<p style=\"font-size:16px\">Dans ce composant, nous retrouvons:<\/p>\n\n\n\n<div class=\"wp-block-columns is-layout-flex wp-container-core-columns-is-layout-9d6595d7 wp-block-columns-is-layout-flex\">\n<div class=\"wp-block-column is-vertically-aligned-center is-layout-flow wp-block-column-is-layout-flow\" style=\"flex-basis:66.66%\">\n<ul class=\"wp-block-list has-normal-font-size\">\n<li style=\"font-size:16px\"><span style=\"color:#00cc99\" class=\"has-inline-color\"><strong>Les lipides<\/strong> <\/span>: qui apporte au corps de l&rsquo;\u00e9nergie \u00e0 diffusion lente<\/li>\n\n\n\n<li style=\"font-size:16px\"><strong><span style=\"color:#00cc99\" class=\"has-inline-color\">Les glucides<\/span><\/strong> : qui apporte au corps de l&rsquo;\u00e9nergie \u00e0 utilisation rapide.<\/li>\n\n\n\n<li style=\"font-size:16px\"><strong><span style=\"color:#00cc99\" class=\"has-inline-color\">Les prot\u00e9ines<\/span><\/strong> : qui servent \u00e0 la construction, au d\u00e9veloppement et \u00e0 la r\u00e9paration des cellules&#8230; ils entretiennent l&rsquo;organisme<\/li>\n<\/ul>\n<\/div>\n\n\n\n<div class=\"wp-block-column is-layout-flow wp-block-column-is-layout-flow\" style=\"flex-basis:33.33%\">\n<figure class=\"wp-block-image size-full is-resized is-style-rounded\"><img loading=\"lazy\" decoding=\"async\" width=\"614\" height=\"345\" src=\"https:\/\/reikinatur.com\/wp-content\/uploads\/2022\/02\/naturo-assiete-equilibre.jpg\" alt=\"\" class=\"wp-image-262\" style=\"width:443px;height:250px\" srcset=\"https:\/\/reikinatur.com\/wp-content\/uploads\/2022\/02\/naturo-assiete-equilibre.jpg 614w, https:\/\/reikinatur.com\/wp-content\/uploads\/2022\/02\/naturo-assiete-equilibre-300x169.jpg 300w\" sizes=\"auto, (max-width: 614px) 100vw, 614px\" \/><\/figure>\n<\/div>\n<\/div>\n\n\n\n<p style=\"font-size:18px\"><span style=\"color:#0a7873\" class=\"has-inline-color\"><strong>&nbsp;Les&nbsp;micronutriments<\/strong>&nbsp;:<\/span><\/p>\n\n\n\n<p style=\"font-size:16px\">Ils sont les fondamentaux de notre organisme. Ce sont <strong><span style=\"color:#00b0f0\" class=\"has-inline-color\">les vitamines, min\u00e9raux, oligo-\u00e9l\u00e9ments, antioxydants, acides gras essentiels<\/span><\/strong><span style=\"color:#0a7873\" class=\"has-inline-color\"> <\/span><span class=\"has-inline-color has-black-color\">comme les om\u00e9ga 3, acides amin\u00e9s, les probiotiques &#8230;<\/span><\/p>\n\n\n\n<p class=\"has-medium-font-size\" id=\"cures\"><span style=\"color:#63a01c\" class=\"has-inline-color\"><strong>Les cures<\/strong><\/span><\/p>\n\n\n\n<p style=\"font-size:16px\">Aide l&rsquo;organisme \u00e0 se nettoyer, \u00e9vite toute encrassement, cela dans le but d&rsquo;\u00e9carter toutes pathologies chroniques.<\/p>\n\n\n\n<ul class=\"wp-block-list\">\n<li style=\"font-size:16px\"><span style=\"color:#0a7873\" class=\"has-inline-color\"><strong>La cure de d\u00e9sintoxication<\/strong><\/span> : le but  de cette cure est de supprimer la ou les sources de tox\u00e9mie.<\/li>\n\n\n\n<li style=\"font-size:16px\"><span style=\"color:#0a7873\" class=\"has-inline-color\"><strong>La cure de revitalisation<\/strong><\/span> : elle dure g\u00e9n\u00e9ralement deux fois plus longtemps que la cure de d\u00e9sintoxication, elle a pour but de combler les carence, \u00e0 la fois par un \u00e9quilibrage alimentaire et par une stimulation de l&rsquo;\u00e9nergie vitale.<\/li>\n\n\n\n<li style=\"font-size:16px\"><span style=\"color:#0a7873\" class=\"has-inline-color\"><strong>La cure de stabilisation<\/strong><\/span> : Aide \u00e0 maintenir le plus haut niveau de vitalit\u00e9 dans le corps, en conservant les acquis de la cure de revitalisation.<\/li>\n<\/ul>\n\n\n<div class=\"wp-block-image is-style-default\">\n<figure class=\"aligncenter size-large is-resized\"><img loading=\"lazy\" decoding=\"async\" width=\"1024\" height=\"685\" src=\"https:\/\/reikinatur.com\/wp-content\/uploads\/2022\/03\/cure-forme-et-detente-1024x685.jpg\" alt=\"\" class=\"wp-image-617\" style=\"width:560px;height:374px\" srcset=\"https:\/\/reikinatur.com\/wp-content\/uploads\/2022\/03\/cure-forme-et-detente-1024x685.jpg 1024w, https:\/\/reikinatur.com\/wp-content\/uploads\/2022\/03\/cure-forme-et-detente-300x201.jpg 300w, https:\/\/reikinatur.com\/wp-content\/uploads\/2022\/03\/cure-forme-et-detente-768x514.jpg 768w, https:\/\/reikinatur.com\/wp-content\/uploads\/2022\/03\/cure-forme-et-detente.jpg 1100w\" sizes=\"auto, (max-width: 1024px) 100vw, 1024px\" \/><\/figure>\n<\/div>\n\n\n<p class=\"has-medium-font-size\" id=\"monodi\u00e8tes\"><strong><span style=\"color:#63a01c\" class=\"has-inline-color\">Les monodi\u00e8tes<\/span><\/strong> :<\/p>\n\n\n\n<p style=\"font-size:16px\">Les monodi\u00e8tes font partie des \u00ab\u00a0r\u00e9gimes\u00a0\u00bb qui sont facilement applicable, sans contre-indication particuli\u00e8res. Elles permettent de mettre le syst\u00e8me digestif au repos et peuvent \u00eatre \u00e9galement utilis\u00e9 quelques jours avant les p\u00e9riodes de f\u00eate ou lorsque l&rsquo;on a un soucis h\u00e9patique ou intestinal.<\/p>\n\n\n\n<p style=\"font-size:16px\">Sa mise en place  et sa fr\u00e9quence se feront en fonction :  de la vitalit\u00e9 de la personne, de la quantit\u00e9 de toxines accumul\u00e9es dans l&rsquo;organisme et du r\u00e9sultat attendu. <\/p>\n\n\n\n<p style=\"font-size:16px\">La monodi\u00e8te consiste \u00e0 ne manger qu&rsquo;un seul  type d&rsquo;aliment et peut \u00eatre employ\u00e9e de diff\u00e9rente fa\u00e7on :<\/p>\n\n\n\n<ul class=\"wp-block-list\">\n<li style=\"font-size:16px\">un type d&rsquo;aliment par repas sur 1 \u00e0 3 jours (maximum):<span class=\"has-inline-color has-cyan-bluish-gray-color\"> <\/span><span style=\"color:#787777\" class=\"has-inline-color\">Exemple riz \u00e0 la cannelle (le matin)\/riz avec du jus de citron (le midi)\/ riz au curry indien (le soir). <\/span><\/li>\n\n\n\n<li style=\"font-size:16px\">un type d&rsquo;aliment par repas par jours et par semaine, pendant plusieurs mois : <span style=\"color:#787777\" class=\"has-inline-color\">Exemple  journ\u00e9e \u00ab\u00a0riz\u00a0\u00bb le dimanche sur plusieurs mois.<\/span><\/li>\n\n\n\n<li style=\"font-size:16px\">un type d&rsquo;aliment par repas, par jour (de pr\u00e9f\u00e9rence le soir), pendant 7 jours : <span style=\"color:#787777\" class=\"has-inline-color\">Exemple \u00ab\u00a0soupe de l\u00e9gume\u00a0\u00bb tous les soir pendant 7 jours.<\/span><\/li>\n<\/ul>\n\n\n\n<figure class=\"wp-block-image size-full is-style-default\"><img loading=\"lazy\" decoding=\"async\" width=\"1000\" height=\"639\" src=\"https:\/\/reikinatur.com\/wp-content\/uploads\/2022\/03\/monodiete-fruits.jpg\" alt=\"\" class=\"wp-image-615\" srcset=\"https:\/\/reikinatur.com\/wp-content\/uploads\/2022\/03\/monodiete-fruits.jpg 1000w, https:\/\/reikinatur.com\/wp-content\/uploads\/2022\/03\/monodiete-fruits-300x192.jpg 300w, https:\/\/reikinatur.com\/wp-content\/uploads\/2022\/03\/monodiete-fruits-768x491.jpg 768w\" sizes=\"auto, (max-width: 1000px) 100vw, 1000px\" \/><\/figure>\n\n\n\n<p class=\"has-medium-font-size\" id=\"je\u00fbnes\"><span style=\"color:#63a01c\" class=\"has-inline-color\"><strong>Les je\u00fbnes<\/strong><\/span><\/p>\n\n\n\n<p style=\"font-size:16px\">Le je\u00fbne est par d\u00e9finition l&rsquo;absence absorption de toute nourriture solide(et\/ou liquide) pendant 24 heures (minimum). Son int\u00e9r\u00eat r\u00e9side dans le fait que s&rsquo;op\u00e8re une autolyse des tissus non vitaux dans l&rsquo;organisme. Je tiens a rappeler que ce n&rsquo;est en aucun cas un moyen de faire un r\u00e9gime pour perdre du poids !!<\/p>\n\n\n\n<p class=\"has-text-align-center\"><span style=\"color:#820082\" class=\"has-inline-color\"><strong>C&rsquo;est un moment qui doit \u00eatre pris pour Soi et qui invite au repos et \u00e0 l&rsquo;introspection. <\/strong><\/span><\/p>\n\n\n<div class=\"wp-block-image is-style-default\">\n<figure class=\"aligncenter size-full is-resized\"><img loading=\"lazy\" decoding=\"async\" width=\"700\" height=\"467\" src=\"https:\/\/reikinatur.com\/wp-content\/uploads\/2022\/03\/temps-coconing.jpg\" alt=\"\" class=\"wp-image-612\" style=\"width:296px;height:198px\" srcset=\"https:\/\/reikinatur.com\/wp-content\/uploads\/2022\/03\/temps-coconing.jpg 700w, https:\/\/reikinatur.com\/wp-content\/uploads\/2022\/03\/temps-coconing-300x200.jpg 300w\" sizes=\"auto, (max-width: 700px) 100vw, 700px\" \/><\/figure>\n<\/div>\n\n\n<p style=\"font-size:16px\">Il existe 3 types de je\u00fbnes : <\/p>\n\n\n\n<div class=\"wp-block-columns is-layout-flex wp-container-core-columns-is-layout-9d6595d7 wp-block-columns-is-layout-flex\">\n<div class=\"wp-block-column is-layout-flow wp-block-column-is-layout-flow\" style=\"flex-basis:100%\">\n<ul class=\"wp-block-list\">\n<li style=\"font-size:16px\">Le je\u00fbne sec<\/li>\n\n\n\n<li style=\"font-size:16px\">Le je\u00fbne humide<\/li>\n\n\n\n<li style=\"font-size:16px\">Le je\u00fbne mixte<\/li>\n<\/ul>\n<\/div>\n<\/div>\n\n\n\n<p style=\"font-size:16px\">Il faudra <strong><span style=\"color:#fa2dd8\" class=\"has-inline-color\">noter que certaines contre-indications sont \u00e0 prendre en consid\u00e9ration<\/span><\/strong> avant de commencer un je\u00fbne, comme le manque d&rsquo;\u00e9nergie vitale, les m\u00e9dication chimique lourde, la fragilit\u00e9 des reins &#8230; et qu&rsquo;une certaine pr\u00e9paration est n\u00e9cessaire.  <\/p>\n\n\n\n<p style=\"font-size:16px\">En outre, il est pr\u00e9f\u00e9rables de se faire accompagner par un praticien exp\u00e9riment\u00e9.<\/p>\n\n\n\n<p style=\"font-size:16px\">Bien se rappeler:<\/p>\n\n\n\n<p style=\"font-size:16px\"> <strong><span style=\"color:#820082\" class=\"has-inline-color\">Il sera pr\u00e9f\u00e9rable de faire un je\u00fbne de 1 \u00e0 2 jours par mois, que un je\u00fbne de 5 jours tout les 5 cinq ans !!!<\/span><\/strong><\/p>\n\n\n\n<p><\/p>\n\n\n\n<p><\/p>\n\n\n\n<p><a href=\"https:\/\/reikinatur.com\/index.php\/la-boite-a-outil-du-naturopathe\/\" data-type=\"URL\" data-id=\"https:\/\/reikinatur.com\/index.php\/la-boite-a-outil-du-naturopathe\/\">RETOUR \u00c0 LA BO\u00ceTE \u00c0 OUTILS<\/a><\/p>\n","protected":false},"excerpt":{"rendered":"<p>L&rsquo;alimentation est la base de toute modification pour tendre vers une sant\u00e9 optimal. Le naturopathe peut se servir de diff\u00e9rents techniques d&rsquo;accompagnement li\u00e9es \u00e0 l&rsquo;alimentation : Le plan alimentaire : Chaque personne est unique : nous n\u2019avons ni les m\u00eames pr\u00e9dispositions g\u00e9n\u00e9tiques, ni le m\u00eame m\u00e9tabolisme, ni les m\u00eames besoins. C\u2019est sur la base d\u2019un examen de l\u2019\u00e9tat de vitalit\u00e9 de la personne et de son mode de vie que le naturopathe peut d\u00e9terminer quelle sera l\u2019alimentation la plus adapt\u00e9e pour elle. Il faut savoir que nos aliments comprennent 2 types de composants : &nbsp;Les&nbsp;macronutriments&nbsp;: Dans ce composant, nous retrouvons: &nbsp;Les&nbsp;micronutriments&nbsp;: Ils sont les fondamentaux de notre organisme. Ce sont les vitamines, min\u00e9raux, oligo-\u00e9l\u00e9ments, antioxydants, acides gras essentiels comme les om\u00e9ga 3, acides amin\u00e9s, les probiotiques &#8230; Les cures Aide l&rsquo;organisme \u00e0 se nettoyer, \u00e9vite toute encrassement, cela dans le but d&rsquo;\u00e9carter toutes pathologies chroniques. Les monodi\u00e8tes : Les monodi\u00e8tes&hellip;<\/p>\n<p> <a class=\"more-link\" href=\"https:\/\/reikinatur.com\/index.php\/test1\/\">Read more<\/a><\/p>\n","protected":false},"author":1,"featured_media":261,"parent":0,"menu_order":0,"comment_status":"closed","ping_status":"closed","template":"","meta":{"footnotes":""},"class_list":["post-350","page","type-page","status-publish","has-post-thumbnail"],"_links":{"self":[{"href":"https:\/\/reikinatur.com\/index.php\/wp-json\/wp\/v2\/pages\/350","targetHints":{"allow":["GET"]}}],"collection":[{"href":"https:\/\/reikinatur.com\/index.php\/wp-json\/wp\/v2\/pages"}],"about":[{"href":"https:\/\/reikinatur.com\/index.php\/wp-json\/wp\/v2\/types\/page"}],"author":[{"embeddable":true,"href":"https:\/\/reikinatur.com\/index.php\/wp-json\/wp\/v2\/users\/1"}],"replies":[{"embeddable":true,"href":"https:\/\/reikinatur.com\/index.php\/wp-json\/wp\/v2\/comments?post=350"}],"version-history":[{"count":18,"href":"https:\/\/reikinatur.com\/index.php\/wp-json\/wp\/v2\/pages\/350\/revisions"}],"predecessor-version":[{"id":1770,"href":"https:\/\/reikinatur.com\/index.php\/wp-json\/wp\/v2\/pages\/350\/revisions\/1770"}],"wp:featuredmedia":[{"embeddable":true,"href":"https:\/\/reikinatur.com\/index.php\/wp-json\/wp\/v2\/media\/261"}],"wp:attachment":[{"href":"https:\/\/reikinatur.com\/index.php\/wp-json\/wp\/v2\/media?parent=350"}],"curies":[{"name":"wp","href":"https:\/\/api.w.org\/{rel}","templated":true}]}}