{"id":20,"date":"2022-01-28T16:13:16","date_gmt":"2022-01-28T15:13:16","guid":{"rendered":"http:\/\/reikinatur.com\/?page_id=20"},"modified":"2025-07-22T15:03:39","modified_gmt":"2025-07-22T13:03:39","slug":"contact","status":"publish","type":"page","link":"https:\/\/reikinatur.com\/index.php\/contact\/","title":{"rendered":"Contact et RDV"},"content":{"rendered":"\n<div class=\"wp-block-columns has-background is-layout-flex wp-container-core-columns-is-layout-9d6595d7 wp-block-columns-is-layout-flex\" style=\"background-color:#acea65\">\n<div class=\"wp-block-column is-layout-flow wp-block-column-is-layout-flow\">\n<p><strong>COORDON\u00c9ES:<\/strong><\/p>\n\n\n\n<ul style=\"background-color:#abea62\" class=\"has-black-color has-text-color has-background wp-block-list\">\n<li><strong>T\u00e9l\u00e9phone <\/strong>: 06.11.45.48.04<\/li>\n\n\n\n<li><strong>Mail <\/strong>: reikinatur@hotmail.com<\/li>\n\n\n\n<li><strong>Adresse<\/strong> : 10 rue Balialec Izella &#8211;                          29800 PLOUDIRY<\/li>\n<\/ul>\n<\/div>\n\n\n\n<div class=\"wp-block-column is-vertically-aligned-top is-layout-flow wp-block-column-is-layout-flow\"><div class=\"wp-block-image is-style-rounded\">\n<figure class=\"alignright size-thumbnail\"><img loading=\"lazy\" decoding=\"async\" width=\"150\" height=\"150\" src=\"https:\/\/reikinatur.com\/wp-content\/uploads\/2022\/02\/kelly-1-edited-150x150.jpg\" alt=\"\" class=\"wp-image-580\"\/><figcaption class=\"wp-element-caption\"><em><strong>Kelly LEBORRE<\/strong><\/em><\/figcaption><\/figure>\n<\/div><\/div>\n<\/div>\n\n\n\n<p style=\"font-size:15px\"><mark style=\"background-color:rgba(0, 0, 0, 0)\" class=\"has-inline-color has-black-color\"><strong>Pour prendre rendez-vous : <\/strong><\/mark><\/p>\n\n\n\n<p class=\"has-medium-font-size\">Noter vos coordonn\u00e9es, l&rsquo;objet et le message (Ex: la date souhait\u00e9e). Ensuite cliquer sur \u00ab\u00a0Envoy\u00e9\u00a0\u00bb. Je vous recontacterai dans les meilleurs d\u00e9lais pour valider la date souhaiter. Vous pouvez regarder les cr\u00e9neaux disponibles en<mark style=\"background-color:rgba(0, 0, 0, 0)\" class=\"has-inline-color has-vivid-red-color\"> cliquant sur <strong>semaine<\/strong><\/mark> (en haut, \u00e0 droite de l&rsquo;agenda). <strong>Les fl\u00e8ches (en bleu)<\/strong> vous permettes de visionner les diff\u00e9rentes semaines.<\/p>\n\n\n\n<div class=\"wp-block-columns is-layout-flex wp-container-core-columns-is-layout-9d6595d7 wp-block-columns-is-layout-flex\">\n<div class=\"wp-block-column is-layout-flow wp-block-column-is-layout-flow\">\n<div class=\"wpcf7 no-js\" id=\"wpcf7-f71-o1\" lang=\"fr-BE\" dir=\"ltr\">\n<div class=\"screen-reader-response\"><p role=\"status\" aria-live=\"polite\" aria-atomic=\"true\"><\/p> <ul><\/ul><\/div>\n<form action=\"\/index.php\/wp-json\/wp\/v2\/pages\/20#wpcf7-f71-o1\" method=\"post\" class=\"wpcf7-form init\" aria-label=\"Contact form\" novalidate=\"novalidate\" data-status=\"init\">\n<div style=\"display: none;\">\n<input type=\"hidden\" name=\"_wpcf7\" value=\"71\" \/>\n<input type=\"hidden\" name=\"_wpcf7_version\" value=\"5.7.7\" \/>\n<input type=\"hidden\" name=\"_wpcf7_locale\" value=\"fr_BE\" \/>\n<input type=\"hidden\" name=\"_wpcf7_unit_tag\" value=\"wpcf7-f71-o1\" \/>\n<input type=\"hidden\" name=\"_wpcf7_container_post\" value=\"0\" \/>\n<input type=\"hidden\" name=\"_wpcf7_posted_data_hash\" value=\"\" \/>\n<\/div>\n<p><label> Votre nom<br \/>\n<span class=\"wpcf7-form-control-wrap\" data-name=\"your-name\"><input size=\"40\" class=\"wpcf7-form-control wpcf7-text wpcf7-validates-as-required\" aria-required=\"true\" aria-invalid=\"false\" value=\"\" type=\"text\" name=\"your-name\" \/><\/span> <\/label>\n<\/p>\n<p><label> Votre pr\u00e9nom<br \/>\n<span class=\"wpcf7-form-control-wrap\" data-name=\"your-surname\"><input size=\"40\" class=\"wpcf7-form-control wpcf7-text wpcf7-validates-as-required\" aria-required=\"true\" aria-invalid=\"false\" value=\"\" type=\"text\" name=\"your-surname\" \/><\/span> <\/label>\n<\/p>\n<p><label> Votre e-mail<br \/>\n<span class=\"wpcf7-form-control-wrap\" data-name=\"your-email\"><input size=\"40\" class=\"wpcf7-form-control wpcf7-text wpcf7-email wpcf7-validates-as-required wpcf7-validates-as-email\" aria-required=\"true\" aria-invalid=\"false\" value=\"\" type=\"email\" name=\"your-email\" \/><\/span> <\/label>\n<\/p>\n<p><label> Votre num\u00e9ro de t\u00e9l\u00e9phone<br \/>\n<span class=\"wpcf7-form-control-wrap\" data-name=\"your-telephone\"><input size=\"40\" class=\"wpcf7-form-control wpcf7-text wpcf7-tel wpcf7-validates-as-tel\" aria-invalid=\"false\" value=\"\" type=\"tel\" name=\"your-telephone\" \/><\/span> <\/label>\n<\/p>\n<p><label> Objet<br \/>\n<span class=\"wpcf7-form-control-wrap\" data-name=\"menu-deroulant\"><select class=\"wpcf7-form-control wpcf7-select wpcf7-validates-as-required\" aria-required=\"true\" aria-invalid=\"false\" name=\"menu-deroulant\"><option value=\"\">&#8212;Please choose an option&#8212;<\/option><option value=\"Reiki - Premi\u00e8re s\u00e9ance\">Reiki - Premi\u00e8re s\u00e9ance<\/option><option value=\"Reiki - S\u00e9ance de suivi\">Reiki - S\u00e9ance de suivi<\/option><option value=\"Reiki - S\u00e9ance d\u00e9couverte et enfant (-13 ans)\">Reiki - S\u00e9ance d\u00e9couverte et enfant (-13 ans)<\/option><option value=\"Naturopathie - D\u00e9couverte\">Naturopathie - D\u00e9couverte<\/option><option value=\"Naturopathie - Suivi\">Naturopathie - Suivi<\/option><option value=\"Pack de suivi\">Pack de suivi<\/option><option value=\"Sonoth\u00e9rapie\">Sonoth\u00e9rapie<\/option><option value=\"Autre\">Autre<\/option><\/select><\/span><br \/>\n<\/label>\n<\/p>\n<p><label> Votre message<br \/>\n<span class=\"wpcf7-form-control-wrap\" data-name=\"your-message\"><textarea cols=\"40\" rows=\"10\" class=\"wpcf7-form-control wpcf7-textarea wpcf7-validates-as-required\" aria-required=\"true\" aria-invalid=\"false\" name=\"your-message\"><\/textarea><\/span> <\/label>\n<\/p>\n<p><input class=\"wpcf7-form-control has-spinner wpcf7-submit\" type=\"submit\" value=\"Envoyer\" \/>\n<\/p><p style=\"display: none !important;\" class=\"akismet-fields-container\" data-prefix=\"_wpcf7_ak_\"><label>&#916;<textarea name=\"_wpcf7_ak_hp_textarea\" cols=\"45\" rows=\"8\" maxlength=\"100\"><\/textarea><\/label><input type=\"hidden\" id=\"ak_js_1\" name=\"_wpcf7_ak_js\" value=\"227\"\/><script>document.getElementById( \"ak_js_1\" ).setAttribute( \"value\", ( new Date() ).getTime() );<\/script><\/p><div class=\"wpcf7-response-output\" aria-hidden=\"true\"><\/div>\n<\/form>\n<\/div>\n\n<\/div>\n\n\n\n<div class=\"wp-block-column is-layout-flow wp-block-column-is-layout-flow\"><p><iframe loading=\"lazy\" src=\"https:\/\/calendar.google.com\/calendar\/embed?src=leborrekel%40gmail.com&amp;ctz=Europe%2FParis\" style=\"border: 0\" scrolling=\"no\" width=\"800\" height=\"600\" frameborder=\"0\"><\/iframe><\/p>\n<\/div>\n<\/div>\n\n\n\n<p><strong>Politique d\u2019annulation :<\/strong> Pour annuler ou reporter, merci de me contacter au moins 48h \u00e0 l\u2019avance.<\/p>\n\n\n<p><iframe src=\"https:\/\/www.google.com\/maps\/embed?pb=!1m18!1m12!1m3!1d2646.185532829004!2d-4.138899085490415!3d48.452969637122244!2m3!1f0!2f0!3f0!3m2!1i1024!2i768!4f13.1!3m3!1m2!1s0x48114e798e782f5d%3A0xfe074bb50b4bf803!2s10%20Rue%20de%20Balialec%20Izella%2C%2029800%20Ploudiry!5e0!3m2!1sfr!2sfr!4v1643897597010!5m2!1sfr!2sfr\" style=\"border:0;\" allowfullscreen=\"\" loading=\"lazy\" width=\"600\" height=\"450\"><\/iframe><\/p>\n\n\n\n<p class=\"has-small-font-size\"><a href=\"https:\/\/www.proxibienetre.fr\">https:\/\/www.proxibienetre.fr<\/a><\/p>\n","protected":false},"excerpt":{"rendered":"<p>COORDON\u00c9ES: Pour prendre rendez-vous : Noter vos coordonn\u00e9es, l&rsquo;objet et le message (Ex: la date souhait\u00e9e). Ensuite cliquer sur \u00ab\u00a0Envoy\u00e9\u00a0\u00bb. Je vous recontacterai dans les meilleurs d\u00e9lais pour valider la date souhaiter. Vous pouvez regarder les cr\u00e9neaux disponibles en cliquant sur semaine (en haut, \u00e0 droite de l&rsquo;agenda). Les fl\u00e8ches (en bleu) vous permettes de visionner les diff\u00e9rentes semaines. Politique d\u2019annulation : Pour annuler ou reporter, merci de me contacter au moins 48h \u00e0 l\u2019avance. https:\/\/www.proxibienetre.fr<\/p>\n","protected":false},"author":1,"featured_media":0,"parent":0,"menu_order":0,"comment_status":"closed","ping_status":"closed","template":"","meta":{"footnotes":""},"class_list":["post-20","page","type-page","status-publish"],"_links":{"self":[{"href":"https:\/\/reikinatur.com\/index.php\/wp-json\/wp\/v2\/pages\/20","targetHints":{"allow":["GET"]}}],"collection":[{"href":"https:\/\/reikinatur.com\/index.php\/wp-json\/wp\/v2\/pages"}],"about":[{"href":"https:\/\/reikinatur.com\/index.php\/wp-json\/wp\/v2\/types\/page"}],"author":[{"embeddable":true,"href":"https:\/\/reikinatur.com\/index.php\/wp-json\/wp\/v2\/users\/1"}],"replies":[{"embeddable":true,"href":"https:\/\/reikinatur.com\/index.php\/wp-json\/wp\/v2\/comments?post=20"}],"version-history":[{"count":51,"href":"https:\/\/reikinatur.com\/index.php\/wp-json\/wp\/v2\/pages\/20\/revisions"}],"predecessor-version":[{"id":1503,"href":"https:\/\/reikinatur.com\/index.php\/wp-json\/wp\/v2\/pages\/20\/revisions\/1503"}],"wp:attachment":[{"href":"https:\/\/reikinatur.com\/index.php\/wp-json\/wp\/v2\/media?parent=20"}],"curies":[{"name":"wp","href":"https:\/\/api.w.org\/{rel}","templated":true}]}}