{"id":1845,"date":"2025-08-25T08:19:03","date_gmt":"2025-08-25T06:19:03","guid":{"rendered":"https:\/\/reikinatur.com\/?page_id=1845"},"modified":"2025-08-25T08:29:32","modified_gmt":"2025-08-25T06:29:32","slug":"quest-ce-que-la-sonotherapie-2","status":"publish","type":"page","link":"https:\/\/reikinatur.com\/index.php\/quest-ce-que-la-sonotherapie-2\/","title":{"rendered":"Qu&rsquo;est ce que la Sonoth\u00e9rapie"},"content":{"rendered":"\n<h2 class=\"wp-block-heading has-medium-font-size\"><strong><mark style=\"background-color:rgba(0, 0, 0, 0)\" class=\"has-inline-color has-vivid-green-cyan-color\">La Sonoth\u00e9rapie : Le Pouvoir Gu\u00e9risseur du Son<\/mark><\/strong><\/h2>\n\n\n\n<p style=\"font-size:16px\">La sonoth\u00e9rapie, aussi appel\u00e9e th\u00e9rapie sonore ou \u00ab\u00a0toucher par le son\u00a0\u00bb, est une pratique qui utilise les sons, les fr\u00e9quences et les vibrations \u00e9mis par des instruments sp\u00e9cifiques pour favoriser le bien-\u00eatre physique, mental et \u00e9motionnel.<\/p>\n\n\n\n<p style=\"font-size:16px\">Fond\u00e9e sur la <strong>sonologie<\/strong> \u2013 l\u2019\u00e9tude des sons \u00e0 des fins th\u00e9rapeutiques \u2013 cette approche s\u2019inscrit dans une vision \u00e9nerg\u00e9tique du soin. Elle se rapproche de la manupuncture chinoise en s\u2019appuyant sur la <strong>bio-r\u00e9sonance corporelle<\/strong> : une mani\u00e8re d\u2019entrer en r\u00e9sonance avec le corps par le biais de la vibration. On parle alors de <strong>vibrapuncture<\/strong>, un soin vibratoire ressenti jusque dans les cellules.<\/p>\n\n\n\n<blockquote class=\"wp-block-quote has-text-align-center is-layout-flow wp-block-quote-is-layout-flow\">\n<p style=\"font-size:18px\"><em><mark style=\"background-color:rgba(0, 0, 0, 0)\" class=\"has-inline-color has-vivid-purple-color\"><strong>\u00ab\u00a0Le soin sonore permet de s&rsquo;offrir un moment d&rsquo;\u00e9coute int\u00e9rieure et de reconnexion \u00e0 soi-m\u00eame.\u00a0\u00bb<\/strong><\/mark><\/em><\/p>\n<\/blockquote>\n\n\n\n<h2 class=\"wp-block-heading has-medium-font-size\"><strong><mark style=\"background-color:rgba(0, 0, 0, 0)\" class=\"has-inline-color has-vivid-green-cyan-color\">Comment \u00e7a fonctionne ?<\/mark><\/strong><\/h2>\n\n\n\n<p style=\"font-size:16px\">Le principe fondamental de la sonoth\u00e9rapie repose sur le ph\u00e9nom\u00e8ne de <strong>r\u00e9sonance<\/strong> : les sons \u00e9mis par les instruments (comme les bols tib\u00e9tains) p\u00e9n\u00e8trent le corps et se transforment en vibrations. Comme le corps humain est compos\u00e9 \u00e0 environ <strong>80 % d\u2019eau<\/strong>, un excellent conducteur, les ondes sonores se diffusent rapidement \u00e0 travers toutes les cellules.<\/p>\n\n\n\n<p style=\"font-size:16px\">La <strong>physique quantique<\/strong> nous enseigne qu\u2019une cellule est compos\u00e9e \u00e0 80 % d\u2019\u00e9nergie. Le corps humain est donc un v\u00e9ritable \u00e9metteur vibratoire, avec une <strong>fr\u00e9quence \u00e9nerg\u00e9tique<\/strong> propre, aussi appel\u00e9e <strong>taux vibratoire<\/strong> (mesur\u00e9 en unit\u00e9s Bovis). Un taux vibratoire faible peut \u00eatre le signe d\u2019un d\u00e9s\u00e9quilibre ou d\u2019un trouble.<\/p>\n\n\n\n<p style=\"font-size:16px\">Les instruments utilis\u00e9s, comme les bols tib\u00e9tains, \u00e9mettent des <strong>fr\u00e9quences th\u00e9rapeutiques<\/strong>, notamment le <strong>432 Hz<\/strong>, r\u00e9put\u00e9e pour ses effets r\u00e9g\u00e9n\u00e9rants. Ces sons permettent de r\u00e9harmoniser les fr\u00e9quences corporelles et de stimuler les capacit\u00e9s naturelles d\u2019auto-gu\u00e9rison.<\/p>\n\n\n\n<p style=\"font-size:16px\">Chaque <strong>organe<\/strong> et chaque <strong>glande<\/strong> poss\u00e8de sa propre fr\u00e9quence. Les vibrations sonores permettent donc d\u2019agir de mani\u00e8re cibl\u00e9e, en faisant vibrer des zones pr\u00e9cises du corps, et en favorisant une d\u00e9tente profonde, un l\u00e2cher-prise et un retour \u00e0 l\u2019\u00e9quilibre int\u00e9rieur.<\/p>\n\n\n\n<h2 class=\"wp-block-heading has-medium-font-size\"><strong><mark style=\"background-color:rgba(0, 0, 0, 0)\" class=\"has-inline-color has-vivid-green-cyan-color\">Les Bienfaits de la Sonoth\u00e9rapie<\/mark><\/strong><\/h2>\n\n\n\n<p style=\"font-size:16px\">Les vibrations sonores ont des effets profonds et durables, notamment sur :<\/p>\n\n\n\n<ul class=\"wp-block-list\">\n<li style=\"font-size:16px\">La <strong>lib\u00e9ration des blocages<\/strong> (m\u00e9moires anciennes, stagnations)<\/li>\n\n\n\n<li style=\"font-size:16px\">L\u2019<strong>\u00e9vacuation des \u00e9nergies n\u00e9gatives<\/strong> (perturbations physiques et \u00e9motionnelles)<\/li>\n\n\n\n<li style=\"font-size:16px\">La <strong>gestion des \u00e9motions<\/strong> (apaisement, transformation, lib\u00e9ration)<\/li>\n\n\n\n<li style=\"font-size:16px\">La <strong>relaxation profonde<\/strong> et le l\u00e2cher-prise<\/li>\n\n\n\n<li style=\"font-size:16px\">Le <strong>renforcement du syst\u00e8me immunitaire<\/strong><\/li>\n\n\n\n<li style=\"font-size:16px\">La <strong>r\u00e9duction du stress<\/strong><\/li>\n\n\n\n<li style=\"font-size:16px\">L\u2019<strong>am\u00e9lioration du sommeil<\/strong><\/li>\n\n\n\n<li style=\"font-size:16px\">Le soutien \u00e0 la <strong>convalescence<\/strong> apr\u00e8s une maladie ou un traitement lourd<\/li>\n\n\n\n<li style=\"font-size:16px\">La <strong>stimulation de la circulation sanguine<\/strong> et des glandes endocrines<\/li>\n<\/ul>\n\n\n\n<h2 class=\"wp-block-heading has-medium-font-size\"><strong><mark style=\"background-color:rgba(0, 0, 0, 0)\" class=\"has-inline-color has-vivid-green-cyan-color\">Les Outils de la Sonoth\u00e9rapie<\/mark><\/strong><\/h2>\n\n\n\n<p style=\"font-size:16px\">Chaque instrument utilis\u00e9 en s\u00e9ance poss\u00e8de des propri\u00e9t\u00e9s sp\u00e9cifiques :<\/p>\n\n\n\n<ul class=\"wp-block-list\">\n<li style=\"font-size:16px\"><strong>Bols tib\u00e9tains<\/strong> : lib\u00e8rent les tensions et favorisent l\u2019\u00e9limination de l\u2019inutile.<\/li>\n\n\n\n<li style=\"font-size:16px\"><strong>Bols de cristal<\/strong> : harmonisent les couches subtiles et facilitent l\u2019expression \u00e9motionnelle.<\/li>\n\n\n\n<li style=\"font-size:16px\"><strong>Diapasons<\/strong> : utilis\u00e9s sur des points pr\u00e9cis pour un travail cibl\u00e9.<\/li>\n\n\n\n<li style=\"font-size:16px\"><strong>Gongs<\/strong> : puissants, ils enveloppent le corps d\u2019une vague sonore immersive.<\/li>\n\n\n\n<li style=\"font-size:16px\"><strong>Carillons \/ Koshi<\/strong> : calment, recentrent, ouvrent et ferment la s\u00e9ance.<\/li>\n\n\n\n<li style=\"font-size:16px\"><strong>Tambours chamaniques<\/strong> : r\u00e9veillent les \u00e9motions enfouies et accompagnent les transformations.<\/li>\n\n\n\n<li style=\"font-size:16px\"><strong>Tubalophones, arbre de pluie<\/strong>, etc. : enrichissent le paysage sonore et vibratoire de la s\u00e9ance.<\/li>\n<\/ul>\n\n\n\n<h2 class=\"wp-block-heading has-medium-font-size\"><strong><mark style=\"background-color:rgba(0, 0, 0, 0)\" class=\"has-inline-color has-vivid-green-cyan-color\">D\u00e9roulement d&rsquo;une S\u00e9ance<\/mark><\/strong><\/h2>\n\n\n\n<p style=\"font-size:16px\">Chaque s\u00e9ance d\u00e9bute par un <strong>temps d\u2019\u00e9change<\/strong>, pour cerner vos besoins et d\u00e9finir l\u2019approche la plus adapt\u00e9e : massage sonore, bain sonore ou voyage sonore. Les s\u00e9ances peuvent \u00eatre <strong>individuelles ou collectives<\/strong>, et durent en moyenne <strong>une heure<\/strong>.<\/p>\n\n\n\n<p style=\"font-size:16px\">Vous serez invit\u00e9\u00b7e \u00e0 vous allonger confortablement sur une table de massage, sur le dos ou sur le ventre. Les instruments seront pos\u00e9s sur vous ou dispos\u00e9s autour de vous. La s\u00e9ance commence souvent par des exercices de <strong>respiration consciente<\/strong> pour poser le corps et apaiser le mental.<\/p>\n\n\n\n<p style=\"font-size:16px\">Elle se termine par un <strong>moment d&rsquo;int\u00e9gration silencieuse<\/strong>, pour revenir en douceur \u00e0 soi et prolonger les bienfaits du soin.<\/p>\n\n\n\n<h2 class=\"wp-block-heading has-medium-font-size\"><strong><mark style=\"background-color:rgba(0, 0, 0, 0)\" class=\"has-inline-color has-vivid-green-cyan-color\">Pour qui ?<\/mark><\/strong><\/h2>\n\n\n\n<p style=\"font-size:16px\">La sonoth\u00e9rapie s\u2019adresse \u00e0 toute personne souhaitant :<\/p>\n\n\n\n<ul class=\"wp-block-list\">\n<li style=\"font-size:16px\">Explorer une approche naturelle et douce du bien-\u00eatre,<\/li>\n\n\n\n<li style=\"font-size:16px\">Se reconnecter \u00e0 soi-m\u00eame,<\/li>\n\n\n\n<li style=\"font-size:16px\">R\u00e9duire le stress ou am\u00e9liorer la qualit\u00e9 de son sommeil,<\/li>\n\n\n\n<li style=\"font-size:16px\">Accompagner une d\u00e9marche th\u00e9rapeutique ou de d\u00e9veloppement personnel,<\/li>\n\n\n\n<li style=\"font-size:16px\">Se lib\u00e9rer de charges \u00e9motionnelles ou \u00e9nerg\u00e9tiques<\/li>\n<\/ul>\n\n\n<div class=\"wp-block-image\">\n<figure class=\"aligncenter size-full is-resized\"><img loading=\"lazy\" decoding=\"async\" width=\"300\" height=\"197\" src=\"https:\/\/reikinatur.com\/wp-content\/uploads\/2023\/10\/sonotherapie-massage.jpg\" alt=\"\" class=\"wp-image-1432\" style=\"aspect-ratio:1.5228426395939085;width:357px;height:auto\"\/><\/figure>\n<\/div>","protected":false},"excerpt":{"rendered":"<p>La Sonoth\u00e9rapie : Le Pouvoir Gu\u00e9risseur du Son La sonoth\u00e9rapie, aussi appel\u00e9e th\u00e9rapie sonore ou \u00ab\u00a0toucher par le son\u00a0\u00bb, est une pratique qui utilise les sons, les fr\u00e9quences et les vibrations \u00e9mis par des instruments sp\u00e9cifiques pour favoriser le bien-\u00eatre physique, mental et \u00e9motionnel. Fond\u00e9e sur la sonologie \u2013 l\u2019\u00e9tude des sons \u00e0 des fins th\u00e9rapeutiques \u2013 cette approche s\u2019inscrit dans une vision \u00e9nerg\u00e9tique du soin. Elle se rapproche de la manupuncture chinoise en s\u2019appuyant sur la bio-r\u00e9sonance corporelle : une mani\u00e8re d\u2019entrer en r\u00e9sonance avec le corps par le biais de la vibration. On parle alors de vibrapuncture, un soin vibratoire ressenti jusque dans les cellules. \u00ab\u00a0Le soin sonore permet de s&rsquo;offrir un moment d&rsquo;\u00e9coute int\u00e9rieure et de reconnexion \u00e0 soi-m\u00eame.\u00a0\u00bb Comment \u00e7a fonctionne ? Le principe fondamental de la sonoth\u00e9rapie repose sur le ph\u00e9nom\u00e8ne de r\u00e9sonance : les sons \u00e9mis par les instruments (comme les bols tib\u00e9tains) p\u00e9n\u00e8trent&hellip;<\/p>\n<p> <a class=\"more-link\" href=\"https:\/\/reikinatur.com\/index.php\/quest-ce-que-la-sonotherapie-2\/\">Read more<\/a><\/p>\n","protected":false},"author":1,"featured_media":0,"parent":0,"menu_order":0,"comment_status":"closed","ping_status":"closed","template":"","meta":{"footnotes":""},"class_list":["post-1845","page","type-page","status-publish"],"_links":{"self":[{"href":"https:\/\/reikinatur.com\/index.php\/wp-json\/wp\/v2\/pages\/1845","targetHints":{"allow":["GET"]}}],"collection":[{"href":"https:\/\/reikinatur.com\/index.php\/wp-json\/wp\/v2\/pages"}],"about":[{"href":"https:\/\/reikinatur.com\/index.php\/wp-json\/wp\/v2\/types\/page"}],"author":[{"embeddable":true,"href":"https:\/\/reikinatur.com\/index.php\/wp-json\/wp\/v2\/users\/1"}],"replies":[{"embeddable":true,"href":"https:\/\/reikinatur.com\/index.php\/wp-json\/wp\/v2\/comments?post=1845"}],"version-history":[{"count":3,"href":"https:\/\/reikinatur.com\/index.php\/wp-json\/wp\/v2\/pages\/1845\/revisions"}],"predecessor-version":[{"id":1852,"href":"https:\/\/reikinatur.com\/index.php\/wp-json\/wp\/v2\/pages\/1845\/revisions\/1852"}],"wp:attachment":[{"href":"https:\/\/reikinatur.com\/index.php\/wp-json\/wp\/v2\/media?parent=1845"}],"curies":[{"name":"wp","href":"https:\/\/api.w.org\/{rel}","templated":true}]}}