{"id":1826,"date":"2025-08-18T13:26:45","date_gmt":"2025-08-18T11:26:45","guid":{"rendered":"https:\/\/reikinatur.com\/?page_id=1826"},"modified":"2025-08-18T13:43:03","modified_gmt":"2025-08-18T11:43:03","slug":"quest-ce-que-le-reiki","status":"publish","type":"page","link":"https:\/\/reikinatur.com\/index.php\/quest-ce-que-le-reiki\/","title":{"rendered":"Qu&rsquo;est ce que le Reiki"},"content":{"rendered":"\n<p style=\"font-size:16px\">Le <strong>Reiki<\/strong> est une m\u00e9thode <strong>de soin \u00e9nerg\u00e9tique<\/strong> d\u2019origine japonaise qui vise \u00e0 <strong>harmoniser le corps, l\u2019esprit et les \u00e9motions<\/strong> en canalisant l\u2019<strong>\u00e9nergie universelle<\/strong> \u00e0 travers les mains.<\/p>\n\n\n\n<h2 class=\"wp-block-heading has-medium-font-size\">\ud83c\udf1f D\u00e9finition du mot \u00ab\u00a0Reiki\u00a0\u00bb<\/h2>\n\n\n\n<p style=\"font-size:16px\">Le mot <strong>Reiki (\u9748\u6c23 ou \u970a\u6c17)<\/strong> est form\u00e9 de deux kanji japonais :<\/p>\n\n\n\n<ul style=\"font-size:16px\" class=\"wp-block-list\">\n<li><strong>Rei (\u9748)<\/strong> : esprit, conscience universelle, force spirituelle<\/li>\n\n\n\n<li><strong>Ki (\u6c23)<\/strong> : \u00e9nergie vitale (\u00e9quivalent du <em>chi<\/em> en chinois ou <em>pr\u0101\u1e47a<\/em> en sanskrit)<\/li>\n<\/ul>\n\n\n\n<p style=\"font-size:16px\">\ud83d\udc49 Le Reiki signifie donc <strong>\u00ab \u00e9nergie spirituelle \u00bb ou \u00ab \u00e9nergie vitale universelle \u00bb<\/strong>.<\/p>\n\n\n\n<h2 class=\"wp-block-heading has-medium-font-size\">\ud83e\uddd8\u200d\u2642\ufe0f En quoi consiste le Reiki ?<\/h2>\n\n\n\n<p style=\"font-size:16px\">Le Reiki est une pratique <strong>non invasive<\/strong>, dans laquelle un praticien place ses mains sur ou au-dessus du corps du receveur pour :<\/p>\n\n\n\n<ul class=\"wp-block-list\">\n<li style=\"font-size:16px\">Apaiser le stress<\/li>\n\n\n\n<li style=\"font-size:16px\">R\u00e9\u00e9quilibrer les centres \u00e9nerg\u00e9tiques (chakras)<\/li>\n\n\n\n<li style=\"font-size:16px\">Stimuler l\u2019auto-gu\u00e9rison<\/li>\n\n\n\n<li style=\"font-size:16px\">Soulager les douleurs ou les tensions<\/li>\n<\/ul>\n\n\n\n<p style=\"font-size:16px\">\u26a0\ufe0f Ce n\u2019est <strong>ni une religion<\/strong>, <strong>ni une croyance<\/strong>, mais une <strong>pratique \u00e9nerg\u00e9tique<\/strong>. Elle peut \u00eatre utilis\u00e9e en compl\u00e9ment d\u2019un traitement m\u00e9dical (jamais en remplacement).<\/p>\n\n\n\n<p style=\"font-size:16px\"> Le Reiki vise \u00e0 r\u00e9tablir la connexion entre l\u2019<strong>\u00e9nergie universelle<\/strong> et la <strong>force vitale<\/strong> pr\u00e9sente en chacun de nous, afin de stimuler un processus naturel de gu\u00e9rison. Cette approche puise son inspiration dans les traditions du <strong>bouddhisme zen<\/strong> et du <strong>tao\u00efsme<\/strong>.<\/p>\n\n\n\n<h2 class=\"wp-block-heading has-medium-font-size\">\ud83d\udcdc Origines du Reiki<\/h2>\n\n\n\n<p style=\"font-size:16px\">D&rsquo;origine japonaise, le Reiki est apparue au d\u00e9but du XXe si\u00e8cle. Son fondateur, <strong>Mikao Usui<\/strong> (1865-1926), aurait d\u00e9couvert cette pratique lors d\u2019une exp\u00e9rience d\u2019\u00e9veil spirituel \u2013 un <em>Satori<\/em> \u2013 sur le mont Kurama, au Japon.<\/p>\n\n\n\n<p style=\"font-size:16px\">Il cr\u00e9e ensuite une \u00e9cole (Usui Reiki Ry\u014dh\u014d) et forme des praticiens.<\/p>\n\n\n\n<p style=\"font-size:16px\">Introduit en Occident en 1937, le Reiki s\u2019est depuis d\u00e9velopp\u00e9 dans de nombreux pays. Il est aujourd\u2019hui pratiqu\u00e9 dans certains centres de bien-\u00eatre, en instituts, et m\u00eame en thalassoth\u00e9rapie.<\/p>\n\n\n\n<h2 class=\"wp-block-heading has-medium-font-size\">\ud83d\ude4c Comment se passe une s\u00e9ance de Reiki ?<\/h2>\n\n\n\n<ol class=\"wp-block-list\">\n<li style=\"font-size:16px\"><strong>Accueil et intention<\/strong> : Moment d&rsquo;\u00e9change avec la personne.<\/li>\n\n\n\n<li style=\"font-size:16px\"><strong>Position allong\u00e9e<\/strong> (habill\u00e9) : la personne s\u2019allonge sur une table de soin.<\/li>\n\n\n\n<li style=\"font-size:16px\"><strong>Apposition des mains<\/strong> : je place mes mains sur diff\u00e9rents points du corps (souvent les chakras)&#8230;.mais pas que<\/li>\n\n\n\n<li style=\"font-size:16px\"><strong>Transmission de l\u2019\u00e9nergie<\/strong> : je ne suis qu&rsquo;un canal qui laisse circuler l\u2019\u00e9nergie Reiki, sans effort.<\/li>\n\n\n\n<li style=\"font-size:16px\"><strong>Fin de s\u00e9ance<\/strong> : retour en douceur, \u00e9change sur les ressentis.<\/li>\n<\/ol>\n\n\n\n<p style=\"font-size:16px\">Dur\u00e9e moyenne : <strong>45 min \u00e0 1h<\/strong>.<\/p>\n\n\n\n<h2 class=\"wp-block-heading has-medium-font-size\">\u270b Qui peut pratiquer le Reiki ?<\/h2>\n\n\n\n<p style=\"font-size:16px\">Toute personne peut apprendre \u00e0 pratiquer le Reiki \u00e0 travers une <strong>initiation<\/strong> que je transmets. Cette initiation active la capacit\u00e9 \u00e0 canaliser l\u2019\u00e9nergie.<\/p>\n\n\n\n<h3 class=\"wp-block-heading\" style=\"font-size:18px\">Les degr\u00e9s de Reiki :<\/h3>\n\n\n\n<ul class=\"wp-block-list\">\n<li style=\"font-size:16px\"><strong>1er degr\u00e9<\/strong> : soins sur soi et les autres, en pr\u00e9sence<\/li>\n\n\n\n<li style=\"font-size:16px\"><strong>2e degr\u00e9<\/strong> : introduction aux symboles, soins \u00e0 distance<\/li>\n\n\n\n<li style=\"font-size:16px\"><strong>3e degr\u00e9 \/ Ma\u00eetrise<\/strong> : niveau spirituel profond, d\u00e9veloppement personnel<\/li>\n\n\n\n<li style=\"font-size:16px\"><strong>Ma\u00eetre enseignant<\/strong> : capacit\u00e9 \u00e0 initier d\u2019autres personnes<\/li>\n<\/ul>\n\n\n\n<p class=\"has-medium-font-size\"><strong>\ud83e\uddd8\u200d\u2640\ufe0f Bienfaits potentiels<\/strong><\/p>\n\n\n\n<ul class=\"wp-block-list\">\n<li style=\"font-size:16px\">R\u00e9duction du stress et de l\u2019anxi\u00e9t\u00e9<\/li>\n\n\n\n<li style=\"font-size:16px\">Am\u00e9lioration du sommeil<\/li>\n\n\n\n<li style=\"font-size:16px\">Renforcement du syst\u00e8me immunitaire<\/li>\n\n\n\n<li style=\"font-size:16px\">Soulagement des douleurs l\u00e9g\u00e8res<\/li>\n\n\n\n<li style=\"font-size:16px\">Soutien \u00e9motionnel et spirituel<\/li>\n<\/ul>\n\n\n\n<h2 class=\"wp-block-heading has-text-align-center has-medium-font-size\"><em><strong>\u00ab\u00a0Le Reiki est la m\u00e9thode secr\u00e8te pour inviter le bonheur dans nos vies\u00a0\u00bb<\/strong><\/em><br><mark><strong>MIKAO USUI<\/strong><\/mark><\/h2>\n\n\n\n<pre class=\"wp-block-code\"><code><\/code><\/pre>\n","protected":false},"excerpt":{"rendered":"<p>Le Reiki est une m\u00e9thode de soin \u00e9nerg\u00e9tique d\u2019origine japonaise qui vise \u00e0 harmoniser le corps, l\u2019esprit et les \u00e9motions en canalisant l\u2019\u00e9nergie universelle \u00e0 travers les mains. \ud83c\udf1f D\u00e9finition du mot \u00ab\u00a0Reiki\u00a0\u00bb Le mot Reiki (\u9748\u6c23 ou \u970a\u6c17) est form\u00e9 de deux kanji japonais : \ud83d\udc49 Le Reiki signifie donc \u00ab \u00e9nergie spirituelle \u00bb ou \u00ab \u00e9nergie vitale universelle \u00bb. \ud83e\uddd8\u200d\u2642\ufe0f En quoi consiste le Reiki ? Le Reiki est une pratique non invasive, dans laquelle un praticien place ses mains sur ou au-dessus du corps du receveur pour : \u26a0\ufe0f Ce n\u2019est ni une religion, ni une croyance, mais une pratique \u00e9nerg\u00e9tique. Elle peut \u00eatre utilis\u00e9e en compl\u00e9ment d\u2019un traitement m\u00e9dical (jamais en remplacement). Le Reiki vise \u00e0 r\u00e9tablir la connexion entre l\u2019\u00e9nergie universelle et la force vitale pr\u00e9sente en chacun de nous, afin de stimuler un processus naturel de gu\u00e9rison. Cette approche puise son inspiration dans les&hellip;<\/p>\n<p> <a class=\"more-link\" href=\"https:\/\/reikinatur.com\/index.php\/quest-ce-que-le-reiki\/\">Read more<\/a><\/p>\n","protected":false},"author":1,"featured_media":0,"parent":0,"menu_order":0,"comment_status":"closed","ping_status":"closed","template":"","meta":{"footnotes":""},"class_list":["post-1826","page","type-page","status-publish"],"_links":{"self":[{"href":"https:\/\/reikinatur.com\/index.php\/wp-json\/wp\/v2\/pages\/1826","targetHints":{"allow":["GET"]}}],"collection":[{"href":"https:\/\/reikinatur.com\/index.php\/wp-json\/wp\/v2\/pages"}],"about":[{"href":"https:\/\/reikinatur.com\/index.php\/wp-json\/wp\/v2\/types\/page"}],"author":[{"embeddable":true,"href":"https:\/\/reikinatur.com\/index.php\/wp-json\/wp\/v2\/users\/1"}],"replies":[{"embeddable":true,"href":"https:\/\/reikinatur.com\/index.php\/wp-json\/wp\/v2\/comments?post=1826"}],"version-history":[{"count":5,"href":"https:\/\/reikinatur.com\/index.php\/wp-json\/wp\/v2\/pages\/1826\/revisions"}],"predecessor-version":[{"id":1838,"href":"https:\/\/reikinatur.com\/index.php\/wp-json\/wp\/v2\/pages\/1826\/revisions\/1838"}],"wp:attachment":[{"href":"https:\/\/reikinatur.com\/index.php\/wp-json\/wp\/v2\/media?parent=1826"}],"curies":[{"name":"wp","href":"https:\/\/api.w.org\/{rel}","templated":true}]}}