{"id":1737,"date":"2025-08-15T09:38:07","date_gmt":"2025-08-15T07:38:07","guid":{"rendered":"https:\/\/reikinatur.com\/?page_id=1737"},"modified":"2026-04-13T09:44:23","modified_gmt":"2026-04-13T07:44:23","slug":"calendrier-des-formations-et-initiations","status":"publish","type":"page","link":"https:\/\/reikinatur.com\/index.php\/calendrier-des-formations-et-initiations\/","title":{"rendered":"Calendrier des Formations et Initiations"},"content":{"rendered":"\n<p class=\"has-text-align-center has-large-font-size\"><strong><em><mark style=\"background-color:rgba(0, 0, 0, 0)\" class=\"has-inline-color has-vivid-green-cyan-color\">Calendrier 2026<\/mark><\/em><\/strong><\/p>\n\n\n\n<p>Les dates mentionn\u00e9es  sont <strong>des dates de principe<\/strong>. Pour tous autres demandes (en semaine ou autre dates), merci de me contacter directement.<\/p>\n\n\n\n<p style=\"font-size:18px\">\ud83c\udf00<strong>Janvier 2<\/strong>6<\/p>\n\n\n\n<ul class=\"wp-block-list\">\n<li style=\"font-size:16px\">24 et 25 Janvier (samedi et dimanche) : <em><strong>Reiki 1er degr\u00e9 (Shoden)<\/strong><\/em><\/li>\n<\/ul>\n\n\n\n<p style=\"font-size:18px\">\ud83c\udf00<strong>F\u00e9vrier 2<\/strong>6<\/p>\n\n\n\n<ul class=\"wp-block-list\">\n<li style=\"font-size:16px\">07 et 08 F\u00e9vrier (samedi et dimanche) :<strong> <em>Reiki 1er degr\u00e9 (Shoden)<\/em>&#8211;<\/strong><\/li>\n\n\n\n<li style=\"font-size:16px\">15 F\u00e9vrier (dimanche) : <strong><em>Initiation au pendule divinatoire<\/em> &#8211;<\/strong><\/li>\n\n\n\n<li style=\"font-size:16px\">21 et 22 F\u00e9vrier (samedi et dimanche) : <strong><em>Reiki 2\u00e8me degr\u00e9 (Okuden)<\/em>&#8211;<\/strong><\/li>\n<\/ul>\n\n\n\n<p style=\"font-size:18px\">\ud83c\udf00<strong>Mars 26<\/strong><\/p>\n\n\n\n<ul class=\"wp-block-list\">\n<li style=\"font-size:16px\">07 et 08 Mars (samedi et dimanche) : <em><strong>Reiki 1er degr\u00e9 (Shoden)<\/strong><\/em><\/li>\n\n\n\n<li style=\"font-size:16px\">28 et 29 Mars (samedi et dimanche) : <em><strong>formation Bols Tib\u00e9tains<\/strong><\/em><\/li>\n<\/ul>\n\n\n\n<p style=\"font-size:18px\">\ud83c\udf00<strong>Avril 26<\/strong><\/p>\n\n\n\n<ul class=\"wp-block-list\">\n<li style=\"font-size:16px\">25 et 26 Avril (samedi et dimanche)-<strong> <em>formation Bols Tib\u00e9tains<\/em>&#8211; <\/strong><\/li>\n<\/ul>\n\n\n\n<p style=\"font-size:18px\">\ud83c\udf00<strong>Mai 26 <\/strong><\/p>\n\n\n\n<ul class=\"wp-block-list\">\n<li style=\"font-size:16px\">Dimanche 03 Mai :<strong> <em>Initiation au pendule divinatoire<\/em> <\/strong>&#8211;<\/li>\n\n\n\n<li style=\"font-size:16px\">09 et 10 Mai (samedi et dimanche) : <strong><em>Reiki 2\u00e8me degr\u00e9 (Okuden)<\/em>&#8211;<\/strong><\/li>\n\n\n\n<li style=\"font-size:16px\">16 et 17 Mai (samedi et dimanche) : <strong><em>Reiki 2\u00e8me degr\u00e9 (Okuden)<\/em>&#8211;<\/strong><\/li>\n<\/ul>\n\n\n\n<p style=\"font-size:18px\">\ud83c\udf00<strong>Juin 26<\/strong><\/p>\n\n\n\n<ul style=\"font-size:16px\" class=\"wp-block-list\">\n<li>06 et 07 Juin (samedi et dimanche) : <strong><em>Reiki 1er degr\u00e9 (Shoden)<\/em>&#8211;<\/strong><\/li>\n\n\n\n<li>Dimanche 14 Juin : <mark style=\"background-color:rgba(0, 0, 0, 0)\" class=\"has-inline-color has-black-color\"><strong>Reconnexion \u00e0 Soi <\/strong><\/mark><\/li>\n\n\n\n<li>20 et 21 Juin (samedi et dimanche) : <strong><em>Reiki 2\u00e8me degr\u00e9 (Okuden)<\/em>&#8211;<\/strong><\/li>\n<\/ul>\n\n\n\n<p style=\"font-size:18px\">\ud83c\udf00<strong>Juillet 26<\/strong><\/p>\n\n\n\n<ul class=\"wp-block-list\">\n<li style=\"font-size:16px\">04 et 05 juillet (samedi et dimanche) :<strong> <em>formation Bols Tib\u00e9tains<\/em>&#8211;<\/strong><\/li>\n\n\n\n<li style=\"font-size:16px\">11 et 12 juillet (samedi et dimanche): <strong><em>Reiki 1er degr\u00e9 (Shoden)<\/em>&#8211;<\/strong><\/li>\n\n\n\n<li style=\"font-size:16px\">18 et 19 Juillet (samedi et dimanche)- <em><strong>Reiki 3\u00e8me degr\u00e9 (Shipiden)<\/strong><\/em><\/li>\n<\/ul>\n\n\n\n<p style=\"font-size:18px\">\ud83c\udf00<strong>Aout 26<\/strong><\/p>\n\n\n\n<ul class=\"wp-block-list\">\n<li style=\"font-size:16px\">22 et 23 Aout (samedi et dimanche): <em><strong>Reiki 3\u00e8me degr\u00e9 (Shipiden)<\/strong><\/em><\/li>\n\n\n\n<li style=\"font-size:16px\">29 et 30 Aout (samedi et dimanche) : <strong><em>Reiki 2\u00e8me degr\u00e9 (Okuden)<\/em>&#8211;<\/strong><\/li>\n<\/ul>\n\n\n\n<p style=\"font-size:18px\">\ud83c\udf00<strong>Septembre 26<\/strong><\/p>\n\n\n\n<ul class=\"wp-block-list\">\n<li style=\"font-size:16px\">12 et 13 Septembre (samedi et dimanche) : <strong><em>formation Bols Tib\u00e9tains<\/em>&#8211;<\/strong><\/li>\n\n\n\n<li style=\"font-size:16px\">19 et 20 Septembre (samedi et dimanche): <strong><em>Reiki 1er degr\u00e9 (Shoden)<\/em>&#8211;<\/strong><\/li>\n<\/ul>\n\n\n\n<p style=\"font-size:18px\">\ud83c\udf00<strong>Octobre <strong>26<\/strong><\/strong><\/p>\n\n\n\n<ul class=\"wp-block-list\">\n<li style=\"font-size:16px\">17 et 18 Octobre (samedi et dimanche): <strong><em>Reiki 2\u00e8me degr\u00e9 (Okuden)<\/em>&#8211;<\/strong><\/li>\n<\/ul>\n\n\n\n<p style=\"font-size:18px\">\ud83c\udf00<strong>Novembre <strong><strong>26<\/strong><\/strong><\/strong><\/p>\n\n\n\n<ul class=\"wp-block-list\">\n<li style=\"font-size:16px\">07 et 08 Novembre (samedi et dimanche): <strong><em>Reiki 1er degr\u00e9 (Shoden)<\/em>&#8211;<\/strong><\/li>\n<\/ul>\n\n\n\n<p style=\"font-size:18px\">\ud83c\udf00<strong>D\u00e9cembre <strong><strong>26<\/strong><\/strong><\/strong><\/p>\n\n\n\n<ul class=\"wp-block-list\">\n<li style=\"font-size:16px\">05 et 06 D\u00e9cembre (samedi et dimanche)- <strong><em>Reiki 1er degr\u00e9 (Shoden)<\/em> &#8211;<\/strong><\/li>\n<\/ul>\n\n\n\n<p><\/p>\n","protected":false},"excerpt":{"rendered":"<p>Calendrier 2026 Les dates mentionn\u00e9es sont des dates de principe. Pour tous autres demandes (en semaine ou autre dates), merci de me contacter directement. \ud83c\udf00Janvier 26 \ud83c\udf00F\u00e9vrier 26 \ud83c\udf00Mars 26 \ud83c\udf00Avril 26 \ud83c\udf00Mai 26 \ud83c\udf00Juin 26 \ud83c\udf00Juillet 26 \ud83c\udf00Aout 26 \ud83c\udf00Septembre 26 \ud83c\udf00Octobre 26 \ud83c\udf00Novembre 26 \ud83c\udf00D\u00e9cembre 26<\/p>\n","protected":false},"author":1,"featured_media":0,"parent":0,"menu_order":0,"comment_status":"closed","ping_status":"closed","template":"","meta":{"footnotes":""},"class_list":["post-1737","page","type-page","status-publish"],"_links":{"self":[{"href":"https:\/\/reikinatur.com\/index.php\/wp-json\/wp\/v2\/pages\/1737","targetHints":{"allow":["GET"]}}],"collection":[{"href":"https:\/\/reikinatur.com\/index.php\/wp-json\/wp\/v2\/pages"}],"about":[{"href":"https:\/\/reikinatur.com\/index.php\/wp-json\/wp\/v2\/types\/page"}],"author":[{"embeddable":true,"href":"https:\/\/reikinatur.com\/index.php\/wp-json\/wp\/v2\/users\/1"}],"replies":[{"embeddable":true,"href":"https:\/\/reikinatur.com\/index.php\/wp-json\/wp\/v2\/comments?post=1737"}],"version-history":[{"count":12,"href":"https:\/\/reikinatur.com\/index.php\/wp-json\/wp\/v2\/pages\/1737\/revisions"}],"predecessor-version":[{"id":1884,"href":"https:\/\/reikinatur.com\/index.php\/wp-json\/wp\/v2\/pages\/1737\/revisions\/1884"}],"wp:attachment":[{"href":"https:\/\/reikinatur.com\/index.php\/wp-json\/wp\/v2\/media?parent=1737"}],"curies":[{"name":"wp","href":"https:\/\/api.w.org\/{rel}","templated":true}]}}