{"id":1652,"date":"2025-07-11T09:29:59","date_gmt":"2025-07-11T07:29:59","guid":{"rendered":"https:\/\/reikinatur.com\/?page_id=1652"},"modified":"2025-08-15T10:55:01","modified_gmt":"2025-08-15T08:55:01","slug":"formation-sonotherapie","status":"publish","type":"page","link":"https:\/\/reikinatur.com\/index.php\/formation-sonotherapie\/","title":{"rendered":"Formation sonoth\u00e9rapie"},"content":{"rendered":"\n<p style=\"font-size:23px\">\ud83c\udf00<strong>MODULE 1 : de 1 \u00e0 4 bols<\/strong> &#8211; <mark style=\"background-color:rgba(0, 0, 0, 0)\" class=\"has-inline-color has-vivid-purple-color\"><strong>sur 2 jours &#8211; 320\u20ac<\/strong><\/mark><\/p>\n\n\n\n<h2 class=\"wp-block-heading has-medium-font-size\">\ud83d\udd14 Qu\u2019est-ce qu\u2019une formation en sonoth\u00e9rapie aux bols chantants ?<\/h2>\n\n\n\n<p style=\"font-size:16px\">La <strong>sonoth\u00e9rapie<\/strong> est une pratique th\u00e9rapeutique douce qui utilise les <strong>sons et vibrations<\/strong> d\u2019instruments sp\u00e9cifiques \u2013 comme les <strong>bols chantants tib\u00e9tains<\/strong> \u2013 pour favoriser la <strong>relaxation, l\u2019harmonisation \u00e9nerg\u00e9tique et le mieux-\u00eatre global<\/strong>.<\/p>\n\n\n\n<p style=\"font-size:16px\">Une formation aux bols chantants permet d\u2019apprendre \u00e0 <strong>manipuler ces instruments avec intention et pr\u00e9cision<\/strong>, afin de :<\/p>\n\n\n\n<ul class=\"wp-block-list\">\n<li style=\"font-size:16px\"><strong>Cr\u00e9er un espace de calme profond<\/strong><\/li>\n\n\n\n<li style=\"font-size:16px\"><strong>R\u00e9duire le stress, les tensions corporelles et \u00e9motionnelles<\/strong><\/li>\n\n\n\n<li style=\"font-size:16px\"><strong>\u00c9quilibrer les \u00e9nergies du corps<\/strong> (chakras, m\u00e9ridiens\u2026 selon les traditions)<\/li>\n\n\n\n<li style=\"font-size:16px\"><strong>Apporter un soin ou une d\u00e9tente<\/strong> \u00e0 soi-m\u00eame ou \u00e0 autrui<\/li>\n<\/ul>\n\n\n\n<h2 class=\"wp-block-heading has-medium-font-size\">\ud83e\uddd8 Pourquoi utiliser 1 \u00e0 4 bols ?<\/h2>\n\n\n\n<p style=\"font-size:16px\">L&rsquo;utilisation de <strong>1 \u00e0 4 bols<\/strong> est id\u00e9ale pour les <strong>d\u00e9butants<\/strong> et les <strong>praticiens souhaitant travailler de mani\u00e8re simple et cibl\u00e9e<\/strong>. Chaque bol est accord\u00e9 sur une <strong>note pr\u00e9cise<\/strong> et produit une <strong>vibration unique<\/strong>. Combin\u00e9s, ils cr\u00e9ent des <strong>ondes sonores qui \u00ab\u00a0enveloppent\u00a0\u00bb le corps<\/strong> et favorisent :<\/p>\n\n\n\n<ul class=\"wp-block-list\">\n<li style=\"font-size:16px\"><strong>L\u2019ancrage<\/strong> : avec 1 bol grave, pos\u00e9 sur ou pr\u00e8s du corps<\/li>\n\n\n\n<li style=\"font-size:16px\"><strong>La circulation \u00e9nerg\u00e9tique<\/strong> : avec 2 bols plac\u00e9s aux extr\u00e9mit\u00e9s ou de part et d\u2019autre du corps<\/li>\n\n\n\n<li style=\"font-size:16px\"><strong>L&rsquo;harmonisation globale<\/strong> : avec 3 ou 4 bols formant un champ vibratoire \u00e9quilibr\u00e9<\/li>\n<\/ul>\n\n\n\n<p style=\"font-size:16px\">Ces protocoles sont <strong>simples \u00e0 m\u00e9moriser et efficaces<\/strong>, m\u00eame sans parcours musical ou th\u00e9rapeutique pr\u00e9alable.<\/p>\n\n\n\n<h2 class=\"wp-block-heading has-medium-font-size\">\ud83c\udf93 Que va-t-on apprendre dans cette formation ?<\/h2>\n\n\n\n<p style=\"font-size:16px\">Durant cette formation, les participants apprendront :<\/p>\n\n\n\n<h3 class=\"wp-block-heading\" style=\"font-size:18px\">\ud83c\udf00 Partie th\u00e9orique :<\/h3>\n\n\n\n<ul class=\"wp-block-list\">\n<li style=\"font-size:16px\">A d\u00e9couvrir les origines, la fabrication des bols tib\u00e9tains<\/li>\n\n\n\n<li style=\"font-size:16px\">A utilisez les bols chantants pour des soins et des massages sonores.<\/li>\n\n\n\n<li style=\"font-size:16px\">A utilisez les bols sur vous, avec l\u2019objectif d\u2019effectuer des auto-traitement<\/li>\n<\/ul>\n\n\n\n<h3 class=\"wp-block-heading\" style=\"font-size:18px\">\ud83d\udd28 Partie pratique :<\/h3>\n\n\n\n<ul class=\"wp-block-list\">\n<li style=\"font-size:16px\">Comment faire chanter un bol (techniques de frappe et de frottement)<\/li>\n\n\n\n<li style=\"font-size:16px\">Comment positionner les bols sur ou autour du corps<\/li>\n\n\n\n<li style=\"font-size:16px\">Vous exp\u00e9rimenterez des protocoles de soins sonores \u00e0 1\u00e0 4 bols qui vous donnerons les bases n\u00e9cessaires pour vos massages sonores.<\/li>\n\n\n\n<li style=\"font-size:16px\">Comment se prot\u00e9ger et se centrer en tant que praticien<\/li>\n\n\n\n<li style=\"font-size:16px\">Comment adapter le soin selon la personne (stress, fatigue, ancrage, etc.)<\/li>\n\n\n\n<li style=\"font-size:16px\">S\u2019initier aux notions \u00e9nerg\u00e9tiques de l\u2019aura, du corps subtil et des chakras.<\/li>\n<\/ul>\n\n\n\n<h2 class=\"wp-block-heading has-medium-font-size\">\u2728 \u00c0 quoi \u00e7a sert dans la vie r\u00e9elle ?<\/h2>\n\n\n\n<p style=\"font-size:16px\">Cette formation vous permet de :<\/p>\n\n\n\n<p style=\"font-size:16px\">\u2705 Offrir des <strong>moments de calme et de recentrage<\/strong> \u00e0 vos proches<br>\u2705 Apaiser le stress, am\u00e9liorer le sommeil et favoriser la d\u00e9tente<br>\u2705 Enrichir vos s\u00e9ances si vous \u00eates d\u00e9j\u00e0 th\u00e9rapeute ou praticien bien-\u00eatre<br>\u2705 Cr\u00e9er un espace d\u2019\u00e9coute int\u00e9rieure et de r\u00e9g\u00e9n\u00e9ration<br>\u2705 Poser un cadre clair pour un soin s\u00e9curisant et bienveillant<\/p>\n\n\n\n<h2 class=\"wp-block-heading has-medium-font-size\">\ud83e\uddd1\u200d\u2695\ufe0f Est-ce fait pour moi ?<\/h2>\n\n\n\n<p style=\"font-size:16px\"><strong>Oui, si vous\u2026<\/strong><\/p>\n\n\n\n<ul class=\"wp-block-list\">\n<li style=\"font-size:16px\">\u00eates curieux(se) du pouvoir du son et de l\u2019\u00e9nergie vibratoire<\/li>\n\n\n\n<li style=\"font-size:16px\">cherchez une m\u00e9thode <strong>douce et naturelle<\/strong> pour vous d\u00e9tendre ou aider les autres<\/li>\n\n\n\n<li style=\"font-size:16px\">\u00eates th\u00e9rapeute ou praticien du bien-\u00eatre et souhaitez enrichir votre bo\u00eete \u00e0 outils<\/li>\n\n\n\n<li style=\"font-size:16px\">voulez d\u00e9buter <strong>sans \u00eatre musicien ou \u00e9nerg\u00e9ticien<\/strong><\/li>\n<\/ul>\n\n\n\n<p style=\"font-size:23px\">\ud83c\udf00<strong>MODULE 2 : de 4 \u00e0 7 bols<\/strong> &#8230; en cours de r\u00e9alisation<\/p>\n\n\n\n<p><\/p>\n","protected":false},"excerpt":{"rendered":"<p>\ud83c\udf00MODULE 1 : de 1 \u00e0 4 bols &#8211; sur 2 jours &#8211; 320\u20ac \ud83d\udd14 Qu\u2019est-ce qu\u2019une formation en sonoth\u00e9rapie aux bols chantants ? La sonoth\u00e9rapie est une pratique th\u00e9rapeutique douce qui utilise les sons et vibrations d\u2019instruments sp\u00e9cifiques \u2013 comme les bols chantants tib\u00e9tains \u2013 pour favoriser la relaxation, l\u2019harmonisation \u00e9nerg\u00e9tique et le mieux-\u00eatre global. Une formation aux bols chantants permet d\u2019apprendre \u00e0 manipuler ces instruments avec intention et pr\u00e9cision, afin de : \ud83e\uddd8 Pourquoi utiliser 1 \u00e0 4 bols ? L&rsquo;utilisation de 1 \u00e0 4 bols est id\u00e9ale pour les d\u00e9butants et les praticiens souhaitant travailler de mani\u00e8re simple et cibl\u00e9e. Chaque bol est accord\u00e9 sur une note pr\u00e9cise et produit une vibration unique. Combin\u00e9s, ils cr\u00e9ent des ondes sonores qui \u00ab\u00a0enveloppent\u00a0\u00bb le corps et favorisent : Ces protocoles sont simples \u00e0 m\u00e9moriser et efficaces, m\u00eame sans parcours musical ou th\u00e9rapeutique pr\u00e9alable. \ud83c\udf93 Que va-t-on apprendre dans cette&hellip;<\/p>\n<p> <a class=\"more-link\" href=\"https:\/\/reikinatur.com\/index.php\/formation-sonotherapie\/\">Read more<\/a><\/p>\n","protected":false},"author":1,"featured_media":0,"parent":0,"menu_order":0,"comment_status":"closed","ping_status":"closed","template":"","meta":{"footnotes":""},"class_list":["post-1652","page","type-page","status-publish"],"_links":{"self":[{"href":"https:\/\/reikinatur.com\/index.php\/wp-json\/wp\/v2\/pages\/1652","targetHints":{"allow":["GET"]}}],"collection":[{"href":"https:\/\/reikinatur.com\/index.php\/wp-json\/wp\/v2\/pages"}],"about":[{"href":"https:\/\/reikinatur.com\/index.php\/wp-json\/wp\/v2\/types\/page"}],"author":[{"embeddable":true,"href":"https:\/\/reikinatur.com\/index.php\/wp-json\/wp\/v2\/users\/1"}],"replies":[{"embeddable":true,"href":"https:\/\/reikinatur.com\/index.php\/wp-json\/wp\/v2\/comments?post=1652"}],"version-history":[{"count":13,"href":"https:\/\/reikinatur.com\/index.php\/wp-json\/wp\/v2\/pages\/1652\/revisions"}],"predecessor-version":[{"id":1795,"href":"https:\/\/reikinatur.com\/index.php\/wp-json\/wp\/v2\/pages\/1652\/revisions\/1795"}],"wp:attachment":[{"href":"https:\/\/reikinatur.com\/index.php\/wp-json\/wp\/v2\/media?parent=1652"}],"curies":[{"name":"wp","href":"https:\/\/api.w.org\/{rel}","templated":true}]}}