{"id":1414,"date":"2023-10-31T15:37:56","date_gmt":"2023-10-31T14:37:56","guid":{"rendered":"https:\/\/reikinatur.com\/?page_id=1414"},"modified":"2025-08-15T11:21:36","modified_gmt":"2025-08-15T09:21:36","slug":"les-massages-sonore","status":"publish","type":"page","link":"https:\/\/reikinatur.com\/index.php\/les-massages-sonore\/","title":{"rendered":"Les Massages Sonores"},"content":{"rendered":"\n<p class=\"has-text-align-center\" style=\"font-size:33px\"><strong><mark style=\"background-color:rgba(0, 0, 0, 0)\" class=\"has-inline-color has-vivid-green-cyan-color\">\u00ab\u00a0\u00c9coute comment je chante, je te dirai comment tu es\u00a0\u00bb<\/mark><\/strong><\/p>\n\n\n\n<p style=\"font-size:16px\">Les bienfaits des bols chantants<\/p>\n\n\n\n<h3 class=\"wp-block-heading has-text-align-center\"><mark style=\"background-color:rgba(0, 0, 0, 0)\" class=\"has-inline-color has-pale-pink-color\">Une harmonisation du corps par les vibrations<\/mark><\/h3>\n\n\n\n<p style=\"font-size:16px\">Le corps humain est un <strong>ensemble vivant de vibrations<\/strong> et d\u2019ondes. Chaque organe poss\u00e8de sa propre <strong>fr\u00e9quence naturelle<\/strong>. Lorsqu\u2019il est en bonne sant\u00e9, il est \u00ab bien accord\u00e9 \u00bb \u2014 \u00e0 l\u2019image d\u2019un instrument harmonieux.<br>Mais en cas de d\u00e9s\u00e9quilibre ou de maladie, cette fr\u00e9quence se <strong>trouble<\/strong>, cr\u00e9ant une <strong>dysharmonie \u00e9nerg\u00e9tique<\/strong>.<\/p>\n\n\n\n<p style=\"font-size:16px\">Le <strong>bol chantant<\/strong> agit comme un <strong>r\u00e9accordeur vibratoire<\/strong>. Par ses puissantes ondes sonores, il \u00e9met une fr\u00e9quence pure et stable, qui vient <strong>rappeler au corps sa vibration originelle<\/strong>.<br>Dans un premier temps, le corps entre en <strong>r\u00e9sonance<\/strong> avec la fr\u00e9quence du bol, puis, une fois l\u2019<strong>osmose atteinte<\/strong>, il retrouve de lui-m\u00eame ses <strong>propres fr\u00e9quences harmonieuses<\/strong>.<\/p>\n\n\n\n<p style=\"font-size:16px\">Ainsi, guid\u00e9 par ces vibrations bienfaisantes, le corps se reconnecte \u00e0 ses <strong>ondes vibratoires primordiales<\/strong>, favorisant d\u00e9tente, r\u00e9g\u00e9n\u00e9ration et mieux-\u00eatre global.<\/p>\n\n\n<div class=\"wp-block-image\">\n<figure class=\"aligncenter size-full\"><img loading=\"lazy\" decoding=\"async\" width=\"292\" height=\"172\" src=\"https:\/\/reikinatur.com\/wp-content\/uploads\/2023\/11\/sonotherapie-massage-3.jpg\" alt=\"\" class=\"wp-image-1463\"\/><\/figure>\n<\/div>\n\n\n<p style=\"font-size:25px\"><strong><mark style=\"background-color:rgba(0, 0, 0, 0)\" class=\"has-inline-color has-vivid-green-cyan-color\">Quels sont les bienfaits d&rsquo;un bol tib\u00e9tain?<\/mark><\/strong><\/p>\n\n\n\n<p style=\"font-size:16px\">Les \u00e9nergies qu&rsquo;il d\u00e9gage lors de sa vibration produit une sensation de bien-\u00eatre exceptionnel \u00e0 l\u2019int\u00e9rieur de notre corps. En d&rsquo;autre termes, les ondes vont traverser notre corps et faire vibrer l&rsquo;eau qui le constitue. Un bol tib\u00e9tain est principalement utilis\u00e9 pour :<\/p>\n\n\n\n<ul class=\"wp-block-list\">\n<li style=\"font-size:16px\">Apporter de la d\u00e9tente, de la relaxation, un \u00e9tat de calme,<\/li>\n\n\n\n<li style=\"font-size:16px\">Apaiser les temp\u00eates \u00e9motionnelles et favorisent la g\u00e9n\u00e9ration \u00ab\u00a0d&rsquo;ondes alpha\u00a0\u00bb qui sont synonyme de profonde relaxation,<\/li>\n\n\n\n<li style=\"font-size:16px\">D\u00e9nouer des n\u0153uds \u00e9nerg\u00e9tiques, lib\u00e9rer des blocages \u00e9nerg\u00e9tiques et nettoyer les charges, \u00e9motionnelles associ\u00e9es \u00e0 des \u00e9motions refoul\u00e9es et \u00e0 des m\u00e9moires douloureuse,<\/li>\n\n\n\n<li style=\"font-size:16px\">Nourrir et r\u00e9-harmonisent les diff\u00e9rents corps,<\/li>\n\n\n\n<li style=\"font-size:16px\">Apporter de la fluidit\u00e9 et du mouvement,<\/li>\n\n\n\n<li style=\"font-size:16px\">Aider \u00e0 retrouver un fonctionnement juste et harmonieux,<\/li>\n\n\n\n<li style=\"font-size:16px\">Permettre de se reconnecter \u00e0 son \u00eatre profond, \u00e0 son essence.<\/li>\n<\/ul>\n\n\n\n<p style=\"font-size:16px\">Les bols tib\u00e9tains ont la r\u00e9putation d&rsquo;avoir un effet b\u00e9n\u00e9fique dans les d\u00e9s\u00e9quilibres suivants:<\/p>\n\n\n\n<ul class=\"wp-block-list\">\n<li style=\"font-size:16px\">\u00c9tat de stress<\/li>\n\n\n\n<li style=\"font-size:16px\">Insomnies et troubles du sommeil<\/li>\n\n\n\n<li style=\"font-size:16px\">Sensation de fatigue et de mal-\u00eatre<\/li>\n\n\n\n<li style=\"font-size:16px\">Tensions musculaire et douleurs articulaires<\/li>\n\n\n\n<li style=\"font-size:16px\">Troubles de l&rsquo;audition, vertige et acouph\u00e8ne (r\u00e9-\u00e9quilibre les deux h\u00e9misph\u00e8res du cerveau)<\/li>\n\n\n\n<li style=\"font-size:16px\">D\u00e9pression, m\u00e9moires traumatiques et troubles psychologiques<\/li>\n<\/ul>\n\n\n\n<p style=\"font-size:25px\"><strong><mark style=\"background-color:rgba(0, 0, 0, 0)\" class=\"has-inline-color has-vivid-green-cyan-color\">Comment se d\u00e9roulent les s\u00e9ances d&rsquo;un massage sonore?<\/mark><\/strong><\/p>\n\n\n\n<p class=\"has-text-align-center\" style=\"font-size:18px\"><strong><mark style=\"background-color:rgba(0, 0, 0, 0)\" class=\"has-inline-color has-vivid-red-color\">Harmonie, ancrage et r\u00e9\u00e9quilibrage \u00e9nerg\u00e9tique<\/mark><\/strong><\/p>\n\n\n\n<p style=\"font-size:16px\">Lors d\u2019une <strong>s\u00e9ance compl\u00e8te<\/strong>, la personne est d\u2019abord install\u00e9e <strong>allong\u00e9e sur le ventre<\/strong>. Ce premier temps permet de <strong>travailler l\u2019ancrage<\/strong> et de d\u00e9tendre profond\u00e9ment toute la zone du <strong>dos<\/strong>, souvent charg\u00e9e en tensions et en m\u00e9moires \u00e9motionnelles.<\/p>\n\n\n\n<p style=\"font-size:16px\">Dans un second temps, la personne est allong\u00e9e <strong>sur le dos<\/strong> pour <strong>faire circuler les \u00e9nergies<\/strong> :<\/p>\n\n\n\n<ul class=\"wp-block-list\">\n<li style=\"font-size:16px\">les \u00e9nergies de la <strong>Terre<\/strong> vers le <strong>Ciel<\/strong>,<\/li>\n\n\n\n<li style=\"font-size:16px\">et les \u00e9nergies du <strong>Ciel<\/strong> vers la <strong>Terre<\/strong>.<\/li>\n<\/ul>\n\n\n\n<p style=\"font-size:16px\">Ce r\u00e9\u00e9quilibrage permet d\u2019<strong>augmenter le niveau vibratoire<\/strong>, de <strong>fluidifier les blocages<\/strong> et de <strong>r\u00e9aligner les centres \u00e9nerg\u00e9tiques<\/strong>.<br>\ud83d\udd50 <strong>Dur\u00e9e moyenne d\u2019une s\u00e9ance compl\u00e8te : environ 1 heure.<\/strong><\/p>\n\n\n\n<h3 class=\"wp-block-heading\">S\u00e9ance courte ou cibl\u00e9e<\/h3>\n\n\n\n<p style=\"font-size:16px\">Pour une <strong>mini s\u00e9ance<\/strong> ou un soin <strong>plus cibl\u00e9<\/strong>, la dur\u00e9e est r\u00e9duite (environ <strong>30 minutes<\/strong>). Ce format est id\u00e9al pour agir sur une <strong>zone sp\u00e9cifique<\/strong> ou un <strong>besoin pr\u00e9cis<\/strong> :<\/p>\n\n\n\n<ul class=\"wp-block-list\">\n<li style=\"font-size:16px\">ancrage,<\/li>\n\n\n\n<li style=\"font-size:16px\">lib\u00e9ration \u00e9motionnelle,<\/li>\n\n\n\n<li style=\"font-size:16px\">tensions dans le dos, etc.<\/li>\n<\/ul>\n\n\n\n<p style=\"font-size:16px\">\ud83d\udca1 Il est possible de <strong>compl\u00e9ter ce soin<\/strong> par une <strong>s\u00e9ance de Reiki<\/strong>, afin de renforcer et prolonger les effets du travail vibratoire.<\/p>\n\n\n\n<h3 class=\"wp-block-heading\">Le massage sonore avec les bols tib\u00e9tains<\/h3>\n\n\n\n<p style=\"font-size:16px\">Dans le <strong>massage sonore<\/strong>, les <strong>bols chantants tib\u00e9tains<\/strong> sont pos\u00e9s directement sur ou pr\u00e8s de <strong>points cl\u00e9s du corps<\/strong>.<br>En moyenne, <strong>4 bols<\/strong> sont utilis\u00e9s, choisis pour leurs fr\u00e9quences compl\u00e9mentaires.<\/p>\n\n\n\n<ul class=\"wp-block-list\">\n<li style=\"font-size:16px\">Les bols sont <strong>frapp\u00e9s d\u00e9licatement<\/strong> avec des mailloches ou<\/li>\n\n\n\n<li style=\"font-size:16px\"><strong>\u00ab\u00a0chant\u00e9s\u00a0\u00bb<\/strong> \u00e0 l\u2019aide de b\u00e2tons sp\u00e9cifiques, g\u00e9n\u00e9rant un <strong>paysage sonore enveloppant<\/strong>.<\/li>\n<\/ul>\n\n\n\n<p style=\"font-size:16px\">Les <strong>vibrations traversent le corps<\/strong>, rel\u00e2chent les tensions et invitent \u00e0 une <strong>relaxation profonde<\/strong>, \u00e0 la fois physique, mentale et \u00e9motionnelle.<\/p>\n\n\n<div class=\"wp-block-image\">\n<figure class=\"aligncenter size-large is-resized\"><img loading=\"lazy\" decoding=\"async\" width=\"986\" height=\"1024\" src=\"https:\/\/reikinatur.com\/wp-content\/uploads\/2023\/11\/sonotherapie-massage-1-986x1024.jpg\" alt=\"\" class=\"wp-image-1470\" style=\"width:340px;height:auto\" srcset=\"https:\/\/reikinatur.com\/wp-content\/uploads\/2023\/11\/sonotherapie-massage-1-986x1024.jpg 986w, https:\/\/reikinatur.com\/wp-content\/uploads\/2023\/11\/sonotherapie-massage-1-289x300.jpg 289w, https:\/\/reikinatur.com\/wp-content\/uploads\/2023\/11\/sonotherapie-massage-1-768x798.jpg 768w, https:\/\/reikinatur.com\/wp-content\/uploads\/2023\/11\/sonotherapie-massage-1-1479x1536.jpg 1479w, https:\/\/reikinatur.com\/wp-content\/uploads\/2023\/11\/sonotherapie-massage-1.jpg 1972w\" sizes=\"auto, (max-width: 986px) 100vw, 986px\" \/><\/figure>\n<\/div>","protected":false},"excerpt":{"rendered":"<p>\u00ab\u00a0\u00c9coute comment je chante, je te dirai comment tu es\u00a0\u00bb Les bienfaits des bols chantants Une harmonisation du corps par les vibrations Le corps humain est un ensemble vivant de vibrations et d\u2019ondes. Chaque organe poss\u00e8de sa propre fr\u00e9quence naturelle. Lorsqu\u2019il est en bonne sant\u00e9, il est \u00ab bien accord\u00e9 \u00bb \u2014 \u00e0 l\u2019image d\u2019un instrument harmonieux.Mais en cas de d\u00e9s\u00e9quilibre ou de maladie, cette fr\u00e9quence se trouble, cr\u00e9ant une dysharmonie \u00e9nerg\u00e9tique. Le bol chantant agit comme un r\u00e9accordeur vibratoire. Par ses puissantes ondes sonores, il \u00e9met une fr\u00e9quence pure et stable, qui vient rappeler au corps sa vibration originelle.Dans un premier temps, le corps entre en r\u00e9sonance avec la fr\u00e9quence du bol, puis, une fois l\u2019osmose atteinte, il retrouve de lui-m\u00eame ses propres fr\u00e9quences harmonieuses. Ainsi, guid\u00e9 par ces vibrations bienfaisantes, le corps se reconnecte \u00e0 ses ondes vibratoires primordiales, favorisant d\u00e9tente, r\u00e9g\u00e9n\u00e9ration et mieux-\u00eatre global. Quels sont les&hellip;<\/p>\n<p> <a class=\"more-link\" href=\"https:\/\/reikinatur.com\/index.php\/les-massages-sonore\/\">Read more<\/a><\/p>\n","protected":false},"author":1,"featured_media":0,"parent":0,"menu_order":0,"comment_status":"closed","ping_status":"closed","template":"","meta":{"footnotes":""},"class_list":["post-1414","page","type-page","status-publish"],"_links":{"self":[{"href":"https:\/\/reikinatur.com\/index.php\/wp-json\/wp\/v2\/pages\/1414","targetHints":{"allow":["GET"]}}],"collection":[{"href":"https:\/\/reikinatur.com\/index.php\/wp-json\/wp\/v2\/pages"}],"about":[{"href":"https:\/\/reikinatur.com\/index.php\/wp-json\/wp\/v2\/types\/page"}],"author":[{"embeddable":true,"href":"https:\/\/reikinatur.com\/index.php\/wp-json\/wp\/v2\/users\/1"}],"replies":[{"embeddable":true,"href":"https:\/\/reikinatur.com\/index.php\/wp-json\/wp\/v2\/comments?post=1414"}],"version-history":[{"count":11,"href":"https:\/\/reikinatur.com\/index.php\/wp-json\/wp\/v2\/pages\/1414\/revisions"}],"predecessor-version":[{"id":1810,"href":"https:\/\/reikinatur.com\/index.php\/wp-json\/wp\/v2\/pages\/1414\/revisions\/1810"}],"wp:attachment":[{"href":"https:\/\/reikinatur.com\/index.php\/wp-json\/wp\/v2\/media?parent=1414"}],"curies":[{"name":"wp","href":"https:\/\/api.w.org\/{rel}","templated":true}]}}