{"id":1410,"date":"2023-10-31T15:36:29","date_gmt":"2023-10-31T14:36:29","guid":{"rendered":"https:\/\/reikinatur.com\/?page_id=1410"},"modified":"2025-08-15T11:31:35","modified_gmt":"2025-08-15T09:31:35","slug":"les-bains-sonore","status":"publish","type":"page","link":"https:\/\/reikinatur.com\/index.php\/les-bains-sonore\/","title":{"rendered":"Les Bains Sonores"},"content":{"rendered":"\n<p class=\"has-text-align-center has-medium-font-size\"><mark style=\"background-color:rgba(0, 0, 0, 0)\" class=\"has-inline-color has-pale-pink-color\"><strong>Une immersion vibratoire pour le corps et l\u2019esprit<\/strong><\/mark><\/p>\n\n\n\n<p style=\"font-size:16px\">Le <strong>bain sonore<\/strong> est une exp\u00e9rience sensorielle profonde, au cours de laquelle <strong>5 \u00e0 12 bols tib\u00e9tains<\/strong> sont dispos\u00e9s tout autour du corps.<br>C\u2019est une v\u00e9ritable <strong>m\u00e9ditation sonore<\/strong>, o\u00f9 chaque vibration vous enveloppe pour induire une <strong>d\u00e9tente physique, mentale et \u00e9motionnelle<\/strong>.<\/p>\n\n\n\n<p style=\"font-size:16px\">\ud83c\udf00 Ce moment unique agit comme un <strong>concert m\u00e9ditatif<\/strong>, \u00e0 la fois apaisant, r\u00e9harmonisant et r\u00e9g\u00e9n\u00e9rant.<\/p>\n\n\n\n<h3 class=\"wp-block-heading\"><mark style=\"background-color:rgba(0, 0, 0, 0)\" class=\"has-inline-color has-vivid-green-cyan-color\">Comment \u00e7a fonctionne ?<\/mark><\/h3>\n\n\n\n<p style=\"font-size:16px\">Les sons et les vibrations \u00e9mis par les <strong>bols chantants tib\u00e9tains<\/strong> g\u00e9n\u00e8rent des <strong>fr\u00e9quences harmoniques<\/strong> qui ont la capacit\u00e9 de synchroniser les ondes c\u00e9r\u00e9brales.<br>Le cerveau entre alors dans un \u00e9tat de <strong>relaxation profonde<\/strong> \u2014 les <strong>ondes alpha<\/strong> (calme, d\u00e9tente) et <strong>th\u00eata<\/strong> (m\u00e9ditation, hypnose) sont activ\u00e9es.<\/p>\n\n\n\n<p style=\"font-size:16px\">Ces <strong>vagues sonores<\/strong> se diffusent dans tout le corps, r\u00e9tablissant l\u2019<strong>\u00e9quilibre int\u00e9rieur<\/strong>, <strong>lib\u00e9rant le stress<\/strong>, et <strong>apaisant le syst\u00e8me nerveux<\/strong>.<\/p>\n\n\n\n<h3 class=\"wp-block-heading\" style=\"font-size:16px\">Une exp\u00e9rience accessible \u00e0 tous<\/h3>\n\n\n\n<p style=\"font-size:16px\">Le bain sonore est particuli\u00e8rement recommand\u00e9 pour toute personne souhaitant :<\/p>\n\n\n\n<ul class=\"wp-block-list\">\n<li style=\"font-size:16px\">se <strong>d\u00e9tendre profond\u00e9ment<\/strong>,<\/li>\n\n\n\n<li style=\"font-size:16px\">acc\u00e9der \u00e0 un <strong>\u00e9tat m\u00e9ditatif<\/strong>, m\u00eame sans exp\u00e9rience pr\u00e9alable,<\/li>\n\n\n\n<li style=\"font-size:16px\">ou tout simplement s\u2019offrir un moment de <strong>reconnexion \u00e0 soi<\/strong>.<\/li>\n<\/ul>\n\n\n\n<p class=\"has-text-align-left\" style=\"font-size:16px\">Aucun effort n\u2019est requis : allongez-vous, fermez les yeux, laissez les sons vous traverser\u2026 et profitez du voyage int\u00e9rieur.<\/p>\n\n\n<div class=\"wp-block-image\">\n<figure class=\"aligncenter size-large is-resized\"><img loading=\"lazy\" decoding=\"async\" width=\"768\" height=\"1024\" src=\"https:\/\/reikinatur.com\/wp-content\/uploads\/2023\/11\/sonotherapie-bain-2-768x1024.jpg\" alt=\"\" class=\"wp-image-1467\" style=\"width:265px;height:auto\" srcset=\"https:\/\/reikinatur.com\/wp-content\/uploads\/2023\/11\/sonotherapie-bain-2-768x1024.jpg 768w, https:\/\/reikinatur.com\/wp-content\/uploads\/2023\/11\/sonotherapie-bain-2-225x300.jpg 225w, https:\/\/reikinatur.com\/wp-content\/uploads\/2023\/11\/sonotherapie-bain-2-1152x1536.jpg 1152w, https:\/\/reikinatur.com\/wp-content\/uploads\/2023\/11\/sonotherapie-bain-2.jpg 1536w\" sizes=\"auto, (max-width: 768px) 100vw, 768px\" \/><\/figure>\n<\/div>\n\n\n<p class=\"has-medium-font-size\"><strong><mark style=\"background-color:rgba(0, 0, 0, 0)\" class=\"has-inline-color has-vivid-green-cyan-color\">Comment se d\u00e9roulent les s\u00e9ances d\u2019un massage sonore?<\/mark><\/strong><\/p>\n\n\n\n<p class=\"has-text-align-center has-medium-font-size\"><mark style=\"background-color:rgba(0, 0, 0, 0)\" class=\"has-inline-color has-pale-pink-color\"><strong>Une parenth\u00e8se vibratoire au c\u0153ur de soi<\/strong><\/mark><\/p>\n\n\n\n<p style=\"font-size:16px\">Chaque bain sonore d\u00e9bute par une <strong>relaxation guid\u00e9e<\/strong> et une <strong>courte m\u00e9ditation<\/strong>, afin de se recentrer et de pr\u00e9parer le corps et l\u2019esprit \u00e0 l\u2019exp\u00e9rience vibratoire.<\/p>\n\n\n\n<p style=\"font-size:16px\">Ensuite vient le <strong>bain sonore<\/strong> proprement dit, qui peut se vivre de deux fa\u00e7ons, selon votre pr\u00e9f\u00e9rence :<\/p>\n\n\n\n<ul class=\"wp-block-list\">\n<li style=\"font-size:16px\">\ud83e\uddd8\u200d\u2642\ufe0f <strong>De mani\u00e8re active<\/strong> (en position assise), pour une pr\u00e9sence consciente aux sons.<\/li>\n\n\n\n<li style=\"font-size:16px\">\ud83d\udca4 <strong>De mani\u00e8re passive<\/strong> (allong\u00e9), pour favoriser une <strong>relaxation plus profonde<\/strong>.<\/li>\n<\/ul>\n\n\n\n<p style=\"font-size:16px\">Durant environ <strong>40 minutes<\/strong>, les sons harmonieux des bols tib\u00e9tains vous enveloppent, cr\u00e9ant un espace de calme, de lib\u00e9ration int\u00e9rieure et de r\u00e9alignement \u00e9nerg\u00e9tique.<\/p>\n\n\n\n<p style=\"font-size:16px\">\u00c0 l\u2019issue de la s\u00e9ance, un <strong>temps d\u2019int\u00e9gration<\/strong> est pr\u00e9vu pour revenir en douceur \u00e0 l\u2019<strong>ici et maintenant<\/strong>, sans brusquer le corps ni le mental.<\/p>\n\n\n\n<h3 class=\"wp-block-heading has-medium-font-size\"><mark style=\"background-color:rgba(0, 0, 0, 0)\" class=\"has-inline-color has-vivid-green-cyan-color\">\u00c0 qui s\u2019adresse le bain sonore ?<\/mark><\/h3>\n\n\n\n<p style=\"font-size:16px\">Le bain sonore est accessible et b\u00e9n\u00e9fique \u00e0 tous :<\/p>\n\n\n\n<p style=\"font-size:16px\">\ud83d\udc86 <strong>Personnes en convalescence ou atteintes de certaines pathologies<\/strong>, en qu\u00eate de mieux-\u00eatre, de l\u00e2cher-prise ou de soutien \u00e9nerg\u00e9tique<\/p>\n\n\n\n<p style=\"font-size:16px\">\ud83d\ude4f <strong>D\u00e9butants<\/strong>, novices ou personnes n\u2019ayant jamais m\u00e9dit\u00e9<\/p>\n\n\n\n<p style=\"font-size:16px\">\ud83e\uddd8 <strong>Pratiquants confirm\u00e9s<\/strong>, souhaitant approfondir leur \u00e9tat m\u00e9ditatif<\/p>\n\n\n\n<p style=\"font-size:16px\">\ud83e\udd30 <strong>Femmes enceintes<\/strong><\/p>\n\n\n<div class=\"wp-block-image\">\n<figure class=\"aligncenter size-large is-resized\"><img loading=\"lazy\" decoding=\"async\" width=\"768\" height=\"1024\" src=\"https:\/\/reikinatur.com\/wp-content\/uploads\/2023\/11\/sonotherapie-mes-instruments-768x1024.jpg\" alt=\"\" class=\"wp-image-1468\" style=\"width:274px;height:auto\" srcset=\"https:\/\/reikinatur.com\/wp-content\/uploads\/2023\/11\/sonotherapie-mes-instruments-768x1024.jpg 768w, https:\/\/reikinatur.com\/wp-content\/uploads\/2023\/11\/sonotherapie-mes-instruments-225x300.jpg 225w, https:\/\/reikinatur.com\/wp-content\/uploads\/2023\/11\/sonotherapie-mes-instruments-1152x1536.jpg 1152w, https:\/\/reikinatur.com\/wp-content\/uploads\/2023\/11\/sonotherapie-mes-instruments-1536x2048.jpg 1536w, https:\/\/reikinatur.com\/wp-content\/uploads\/2023\/11\/sonotherapie-mes-instruments.jpg 1560w\" sizes=\"auto, (max-width: 768px) 100vw, 768px\" \/><\/figure>\n<\/div>","protected":false},"excerpt":{"rendered":"<p>Une immersion vibratoire pour le corps et l\u2019esprit Le bain sonore est une exp\u00e9rience sensorielle profonde, au cours de laquelle 5 \u00e0 12 bols tib\u00e9tains sont dispos\u00e9s tout autour du corps.C\u2019est une v\u00e9ritable m\u00e9ditation sonore, o\u00f9 chaque vibration vous enveloppe pour induire une d\u00e9tente physique, mentale et \u00e9motionnelle. \ud83c\udf00 Ce moment unique agit comme un concert m\u00e9ditatif, \u00e0 la fois apaisant, r\u00e9harmonisant et r\u00e9g\u00e9n\u00e9rant. Comment \u00e7a fonctionne ? Les sons et les vibrations \u00e9mis par les bols chantants tib\u00e9tains g\u00e9n\u00e8rent des fr\u00e9quences harmoniques qui ont la capacit\u00e9 de synchroniser les ondes c\u00e9r\u00e9brales.Le cerveau entre alors dans un \u00e9tat de relaxation profonde \u2014 les ondes alpha (calme, d\u00e9tente) et th\u00eata (m\u00e9ditation, hypnose) sont activ\u00e9es. Ces vagues sonores se diffusent dans tout le corps, r\u00e9tablissant l\u2019\u00e9quilibre int\u00e9rieur, lib\u00e9rant le stress, et apaisant le syst\u00e8me nerveux. Une exp\u00e9rience accessible \u00e0 tous Le bain sonore est particuli\u00e8rement recommand\u00e9 pour toute personne souhaitant : Aucun&hellip;<\/p>\n<p> <a class=\"more-link\" href=\"https:\/\/reikinatur.com\/index.php\/les-bains-sonore\/\">Read more<\/a><\/p>\n","protected":false},"author":1,"featured_media":0,"parent":0,"menu_order":0,"comment_status":"closed","ping_status":"closed","template":"","meta":{"footnotes":""},"class_list":["post-1410","page","type-page","status-publish"],"_links":{"self":[{"href":"https:\/\/reikinatur.com\/index.php\/wp-json\/wp\/v2\/pages\/1410","targetHints":{"allow":["GET"]}}],"collection":[{"href":"https:\/\/reikinatur.com\/index.php\/wp-json\/wp\/v2\/pages"}],"about":[{"href":"https:\/\/reikinatur.com\/index.php\/wp-json\/wp\/v2\/types\/page"}],"author":[{"embeddable":true,"href":"https:\/\/reikinatur.com\/index.php\/wp-json\/wp\/v2\/users\/1"}],"replies":[{"embeddable":true,"href":"https:\/\/reikinatur.com\/index.php\/wp-json\/wp\/v2\/comments?post=1410"}],"version-history":[{"count":10,"href":"https:\/\/reikinatur.com\/index.php\/wp-json\/wp\/v2\/pages\/1410\/revisions"}],"predecessor-version":[{"id":1817,"href":"https:\/\/reikinatur.com\/index.php\/wp-json\/wp\/v2\/pages\/1410\/revisions\/1817"}],"wp:attachment":[{"href":"https:\/\/reikinatur.com\/index.php\/wp-json\/wp\/v2\/media?parent=1410"}],"curies":[{"name":"wp","href":"https:\/\/api.w.org\/{rel}","templated":true}]}}