{"id":138,"date":"2022-02-04T09:08:03","date_gmt":"2022-02-04T08:08:03","guid":{"rendered":"https:\/\/reikinatur.com\/?page_id=138"},"modified":"2025-08-15T10:17:52","modified_gmt":"2025-08-15T08:17:52","slug":"le-reiki-pris-en-charge-et-reconnu","status":"publish","type":"page","link":"https:\/\/reikinatur.com\/index.php\/le-reiki-pris-en-charge-et-reconnu\/","title":{"rendered":"Le Reiki pris en charge et reconnu"},"content":{"rendered":"\n<p style=\"font-size:21px\"><strong><span style=\"color:#0a7873\" class=\"has-inline-color\">Le Reiki \u00e0 l\u2019\u00e9tranger et dans les m\u00e9dias&nbsp;<\/span><\/strong><\/p>\n\n\n\n<p style=\"font-size:16px\"><strong>Le Reiki n\u2019est malheureusement pas encore rembours\u00e9 par la s<\/strong>\u00e9<strong>curit\u00e9 sociale en&nbsp;France.<\/strong><\/p>\n\n\n\n<p style=\"font-size:16px\">C\u2019est pourtant d\u00e9j\u00e0 le cas chez nos voisins allemands et suisses. <\/p>\n\n\n\n<p style=\"font-size:16px\">Cependant, un groupement de Mutuelles Europ\u00e9ennes travaille sur cette question actuellement en vue de proposer un forfait annuel de prise en charge de cette pratique \u00e0 leurs adh\u00e9rents, au m\u00eame titre que l\u2019ost\u00e9opathie par exemple\u2026<\/p>\n\n\n\n<p class=\"has-medium-font-size\"><span style=\"color:#0a7873\" class=\"has-inline-color\">P<strong>etit tour du Monde des pratiques Reiki:<\/strong><\/span><\/p>\n\n\n\n<p class=\"has-text-align-center\" style=\"font-size:17px\"><span style=\"color:#00b0f0\" class=\"has-inline-color\"><strong>Le Reiki commence \u00e0 se faire une place un peu partout \u00e0 l\u2019\u00e9tranger.<\/strong><\/span><\/p>\n\n\n\n<p style=\"font-size:16px\">La compl\u00e9mentarit\u00e9 d\u2019une th\u00e9rapie holistique avec une m\u00e9decine allopathique est un r\u00e9el bienfaits pour la personne<\/p>\n\n\n\n<p style=\"font-size:16px\">A l\u2019\u00e9tranger, les bienfaits des soins Reiki commencent \u00e0 \u00eatre reconnus dans :<\/p>\n\n\n\n<ul class=\"wp-block-list\">\n<li style=\"font-size:16px\">Les structures de soins publics et priv\u00e9s,<\/li>\n\n\n\n<li style=\"font-size:16px\">Des associations d\u2019aide aux malades et de promotion de la sant\u00e9,<\/li>\n\n\n\n<li style=\"font-size:16px\">Des \u00e9coles d\u2019infirmi\u00e8res,<\/li>\n\n\n\n<li style=\"font-size:16px\">Des assurances de sant\u00e9.<\/li>\n<\/ul>\n\n\n\n<p style=\"font-size:16px\">Les pays concern\u00e9s sont :&nbsp;les&nbsp;Etats-Unis, le Royaume Uni, l\u2019Allemagne, l\u2019Australie, Le Canada, l\u2019Espagne et la Suisse.<\/p>\n","protected":false},"excerpt":{"rendered":"<p>Le Reiki \u00e0 l\u2019\u00e9tranger et dans les m\u00e9dias&nbsp; Le Reiki n\u2019est malheureusement pas encore rembours\u00e9 par la s\u00e9curit\u00e9 sociale en&nbsp;France. C\u2019est pourtant d\u00e9j\u00e0 le cas chez nos voisins allemands et suisses. Cependant, un groupement de Mutuelles Europ\u00e9ennes travaille sur cette question actuellement en vue de proposer un forfait annuel de prise en charge de cette pratique \u00e0 leurs adh\u00e9rents, au m\u00eame titre que l\u2019ost\u00e9opathie par exemple\u2026 Petit tour du Monde des pratiques Reiki: Le Reiki commence \u00e0 se faire une place un peu partout \u00e0 l\u2019\u00e9tranger. La compl\u00e9mentarit\u00e9 d\u2019une th\u00e9rapie holistique avec une m\u00e9decine allopathique est un r\u00e9el bienfaits pour la personne A l\u2019\u00e9tranger, les bienfaits des soins Reiki commencent \u00e0 \u00eatre reconnus dans : Les pays concern\u00e9s sont :&nbsp;les&nbsp;Etats-Unis, le Royaume Uni, l\u2019Allemagne, l\u2019Australie, Le Canada, l\u2019Espagne et la Suisse.<\/p>\n","protected":false},"author":1,"featured_media":0,"parent":0,"menu_order":0,"comment_status":"closed","ping_status":"closed","template":"","meta":{"footnotes":""},"class_list":["post-138","page","type-page","status-publish"],"_links":{"self":[{"href":"https:\/\/reikinatur.com\/index.php\/wp-json\/wp\/v2\/pages\/138","targetHints":{"allow":["GET"]}}],"collection":[{"href":"https:\/\/reikinatur.com\/index.php\/wp-json\/wp\/v2\/pages"}],"about":[{"href":"https:\/\/reikinatur.com\/index.php\/wp-json\/wp\/v2\/types\/page"}],"author":[{"embeddable":true,"href":"https:\/\/reikinatur.com\/index.php\/wp-json\/wp\/v2\/users\/1"}],"replies":[{"embeddable":true,"href":"https:\/\/reikinatur.com\/index.php\/wp-json\/wp\/v2\/comments?post=138"}],"version-history":[{"count":5,"href":"https:\/\/reikinatur.com\/index.php\/wp-json\/wp\/v2\/pages\/138\/revisions"}],"predecessor-version":[{"id":1759,"href":"https:\/\/reikinatur.com\/index.php\/wp-json\/wp\/v2\/pages\/138\/revisions\/1759"}],"wp:attachment":[{"href":"https:\/\/reikinatur.com\/index.php\/wp-json\/wp\/v2\/media?parent=138"}],"curies":[{"name":"wp","href":"https:\/\/api.w.org\/{rel}","templated":true}]}}