{"id":134,"date":"2022-02-04T09:03:45","date_gmt":"2022-02-04T08:03:45","guid":{"rendered":"https:\/\/reikinatur.com\/?page_id=134"},"modified":"2025-08-15T11:15:40","modified_gmt":"2025-08-15T09:15:40","slug":"les-ideaux-du-reiki","status":"publish","type":"page","link":"https:\/\/reikinatur.com\/index.php\/les-ideaux-du-reiki\/","title":{"rendered":"Les id\u00e9aux du Reiki"},"content":{"rendered":"\n<p style=\"font-size:16px\">Les <strong>Cinq Id\u00e9aux du Reiki<\/strong> sont une composante essentielle de l\u2019enseignement. Ils repr\u00e9sentent <strong>50% de la m\u00e9thode Reiki<\/strong>, l\u2019autre moiti\u00e9 \u00e9tant la pratique \u00e9nerg\u00e9tique, par <strong>imposition des mains<\/strong> ou \u00e0 <strong>distance<\/strong>.<\/p>\n\n\n\n<p>M\u00eame sans \u00eatre initi\u00e9 au Reiki, chacun peut les mettre en pratique au quotidien. Ces id\u00e9aux sont une <strong>philosophie de vie<\/strong>, un <strong>art de vivre en conscience<\/strong>, bas\u00e9 sur <strong>le respect, l\u2019amour de soi, des autres et de la Vie<\/strong>.<\/p>\n\n\n\n<h3 class=\"wp-block-heading has-medium-font-size\">Les Cinq Id\u00e9aux du Reiki<\/h3>\n\n\n\n<blockquote class=\"wp-block-quote is-layout-flow wp-block-quote-is-layout-flow\">\n<p style=\"font-size:16px\"><strong>Juste pour aujourd\u2019hui :<\/strong><\/p>\n\n\n\n<ul class=\"wp-block-list\">\n<li style=\"font-size:16px\">Je me lib\u00e8re de la col\u00e8re<\/li>\n\n\n\n<li style=\"font-size:16px\">Je me lib\u00e8re de toute pr\u00e9occupation<\/li>\n\n\n\n<li style=\"font-size:16px\">Je montre de la gratitude<\/li>\n\n\n\n<li style=\"font-size:16px\">Je travaille dur sur moi-m\u00eame<\/li>\n\n\n\n<li style=\"font-size:16px\">J\u2019\u00e9prouve de la bienveillance envers toute forme de vie<\/li>\n<\/ul>\n<\/blockquote>\n\n\n\n<p style=\"font-size:16px\">Ces cinq principes nous invitent \u00e0 vivre l\u2019instant pr\u00e9sent, \u00e0 cultiver la paix int\u00e9rieure et \u00e0 nous transformer progressivement.<\/p>\n\n\n\n<h2 class=\"wp-block-heading has-medium-font-size\">Juste pour aujourd\u2019hui&#8230;<\/h2>\n\n\n\n<p style=\"font-size:16px\">L\u2019expression <strong>\u00ab Juste pour aujourd\u2019hui \u00bb<\/strong> donne au cerveau une notion de dur\u00e9e g\u00e9rable. Cela rend le changement plus accessible, en nous ramenant \u00e0 l\u2019<strong>ici et maintenant<\/strong>.<br>C\u2019est une invitation \u00e0 <strong>agir en conscience<\/strong>, tout au long de la journ\u00e9e. Face \u00e0 une situation inconfortable, nous pouvons choisir de prendre du recul, d\u2019observer <strong>sans jugement<\/strong>, plut\u00f4t que de r\u00e9agir sous l\u2019emprise du mental.<\/p>\n\n\n\n<h2 class=\"wp-block-heading has-medium-font-size\"><mark style=\"background-color:rgba(0, 0, 0, 0)\" class=\"has-inline-color has-vivid-green-cyan-color\">1. Je me lib\u00e8re de la col\u00e8re<\/mark><\/h2>\n\n\n\n<p style=\"font-size:16px\">La <strong>col\u00e8re<\/strong> est une \u00e9motion naturelle, mais destructrice si elle est r\u00e9prim\u00e9e trop longtemps. Elle peut se <strong>somatiser dans le corps<\/strong>.<br>Le but n\u2019est pas de l\u2019\u00e9viter, mais de <strong>l\u2019accueillir<\/strong>, la <strong>reconna\u00eetre<\/strong>, et surtout <strong>l\u2019\u00e9vacuer<\/strong> sainement :<br>balade en nature, sport, \u00e9criture, m\u00e9ditation, yoga\u2026 Chaque activit\u00e9 bienveillante aide \u00e0 retrouver l\u2019\u00e9quilibre.<\/p>\n\n\n\n<p>\ud83d\udca1 <em>Cl\u00e9 : apprendre \u00e0 d\u00e9tecter et \u00e0 nommer la col\u00e8re le plus t\u00f4t possible pour ne plus en \u00eatre submerg\u00e9.<\/em><\/p>\n\n\n\n<h2 class=\"wp-block-heading has-medium-font-size\"><mark style=\"background-color:rgba(0, 0, 0, 0)\" class=\"has-inline-color has-vivid-green-cyan-color\">2. Je me lib\u00e8re de toute pr\u00e9occupation<\/mark><\/h2>\n\n\n\n<p style=\"font-size:16px\">Selon la <strong>loi d\u2019attraction<\/strong>, nous attirons ce que nous vibrons. Plus nous nourrissons une inqui\u00e9tude, plus elle grandit.<\/p>\n\n\n\n<p style=\"font-size:16px\">\ud83d\udc49 Se lib\u00e9rer de la pr\u00e9occupation, c\u2019est <strong>l\u00e2cher prise<\/strong>, faire confiance \u00e0 la Vie, \u00e0 l\u2019Univers.<br>Il faut savoir que <strong>seulement 8% de nos peurs sont fond\u00e9es<\/strong>, le reste vient de sc\u00e9narios mentaux.<\/p>\n\n\n\n<p style=\"font-size:16px\">En changeant notre \u00e9nergie int\u00e9rieure, nous changeons ce que nous attirons.<\/p>\n\n\n\n<p style=\"font-size:16px\">C\u2019est ainsi que&nbsp;: <\/p>\n\n\n\n<fontface=\"constantia\"><p class=\"has-text-align-center has-medium-font-size\"><strong><em><u><span style=\"color:#63a01c\" class=\"has-inline-color\">Je l\u00e2ches prise &#8230;et je fais confiance \u00e0 l\u2019univers\u2026<\/span><\/u><\/em><\/strong><\/p><\/fontface=\"constantia\">\n\n\n\n<p class=\"has-medium-font-size\" id=\"gratitude\"><strong><mark style=\"background-color:rgba(0, 0, 0, 0)\" class=\"has-inline-color has-vivid-green-cyan-color\">3. Je montre de la gratitude<\/mark><\/strong><\/p>\n\n\n\n<p style=\"font-size:16px\">Exprimer de la <strong>gratitude<\/strong>, c\u2019est reconna\u00eetre les bienfaits d\u00e9j\u00e0 pr\u00e9sents dans notre vie :<br>la sant\u00e9, les proches, les enseignements, les \u00e9preuves aussi\u2026<br>C\u2019est remercier la Vie pour tout ce qu\u2019elle nous apporte.<\/p>\n\n\n\n<p style=\"font-size:16px\">Le simple mot <strong>\u00ab Merci \u00bb<\/strong> \u00e9l\u00e8ve notre <strong>taux vibratoire<\/strong> et nous ouvre \u00e0 la joie.<\/p>\n\n\n\n<p style=\"font-size:16px\">\ud83c\udfaf <em>La gratitude est l\u2019un des chemins les plus courts vers le bonheur.<\/em><\/p>\n\n\n\n<h2 class=\"wp-block-heading has-medium-font-size\"><mark style=\"background-color:rgba(0, 0, 0, 0)\" class=\"has-inline-color has-vivid-green-cyan-color\">4. Je travaille dur sur moi-m\u00eame<\/mark><\/h2>\n\n\n\n<p style=\"font-size:16px\">Travailler sur soi, c\u2019est chercher \u00e0 devenir une <strong>meilleure version de soi-m\u00eame<\/strong>.<br>Cela demande de l\u2019<strong>honn\u00eatet\u00e9<\/strong>, de la <strong>sinc\u00e9rit\u00e9<\/strong> et du <strong>courage<\/strong> : dire oui quand on pense oui, non quand on pense non, et donner le meilleur de soi dans chaque action.<\/p>\n\n\n\n<p style=\"font-size:16px\">S\u2019\u00e9couter et se recentrer <strong>n\u2019est pas de l\u2019\u00e9go\u00efsme<\/strong>, c\u2019est un <strong>besoin fondamental pour avancer<\/strong>.<\/p>\n\n\n\n<h2 class=\"wp-block-heading has-medium-font-size\"><mark style=\"background-color:rgba(0, 0, 0, 0)\" class=\"has-inline-color has-vivid-green-cyan-color\">5. J\u2019\u00e9prouve de la bienveillance envers toute forme de vie<\/mark><\/h2>\n\n\n\n<p style=\"font-size:16px\">Tout est <strong>\u00e9nergie<\/strong> : les min\u00e9raux, les animaux, les plantes, les humains\u2026 m\u00eame les <strong>paroles<\/strong> que nous pronon\u00e7ons.<\/p>\n\n\n\n<p style=\"font-size:16px\">Chaque intention, chaque mot, chaque action a un impact.<br>Ce que nous envoyons dans le monde, nous revient toujours, comme un <strong>boomerang<\/strong>.<\/p>\n\n\n\n<p style=\"font-size:16px\">\ud83e\udd0d La bienveillance envers toute forme de vie, c\u2019est semer ce que l\u2019on souhaite r\u00e9colter : paix, amour, harmonie.<\/p>\n\n\n\n<h2 class=\"wp-block-heading has-medium-font-size\">Conclusion<\/h2>\n\n\n\n<p style=\"font-size:16px\">Les <strong>Cinq Id\u00e9aux du Reiki<\/strong> ne sont pas de simples phrases. Ils forment un <strong>chemin de transformation personnelle<\/strong>, un guide pour vivre <strong>en paix avec soi-m\u00eame et avec les autres<\/strong>.<br>En les appliquant <strong>\u00ab Juste pour aujourd\u2019hui \u00bb<\/strong>, chacun peut entamer un chemin vers plus de conscience, de s\u00e9r\u00e9nit\u00e9 et de lumi\u00e8re.<\/p>\n\n\n<div class=\"wp-block-image\">\n<figure class=\"aligncenter size-full\"><img loading=\"lazy\" decoding=\"async\" width=\"715\" height=\"290\" src=\"https:\/\/reikinatur.com\/wp-content\/uploads\/2022\/02\/therapie-energetique-soleil-dan-les-mains.jpg\" alt=\"\" class=\"wp-image-176\" srcset=\"https:\/\/reikinatur.com\/wp-content\/uploads\/2022\/02\/therapie-energetique-soleil-dan-les-mains.jpg 715w, https:\/\/reikinatur.com\/wp-content\/uploads\/2022\/02\/therapie-energetique-soleil-dan-les-mains-300x122.jpg 300w\" sizes=\"auto, (max-width: 715px) 100vw, 715px\" \/><\/figure>\n<\/div>","protected":false},"excerpt":{"rendered":"<p>Les Cinq Id\u00e9aux du Reiki sont une composante essentielle de l\u2019enseignement. Ils repr\u00e9sentent 50% de la m\u00e9thode Reiki, l\u2019autre moiti\u00e9 \u00e9tant la pratique \u00e9nerg\u00e9tique, par imposition des mains ou \u00e0 distance. M\u00eame sans \u00eatre initi\u00e9 au Reiki, chacun peut les mettre en pratique au quotidien. Ces id\u00e9aux sont une philosophie de vie, un art de vivre en conscience, bas\u00e9 sur le respect, l\u2019amour de soi, des autres et de la Vie. Les Cinq Id\u00e9aux du Reiki Ces cinq principes nous invitent \u00e0 vivre l\u2019instant pr\u00e9sent, \u00e0 cultiver la paix int\u00e9rieure et \u00e0 nous transformer progressivement. Juste pour aujourd\u2019hui&#8230; L\u2019expression \u00ab Juste pour aujourd\u2019hui \u00bb donne au cerveau une notion de dur\u00e9e g\u00e9rable. Cela rend le changement plus accessible, en nous ramenant \u00e0 l\u2019ici et maintenant.C\u2019est une invitation \u00e0 agir en conscience, tout au long de la journ\u00e9e. Face \u00e0 une situation inconfortable, nous pouvons choisir de prendre du recul, d\u2019observer&hellip;<\/p>\n<p> <a class=\"more-link\" href=\"https:\/\/reikinatur.com\/index.php\/les-ideaux-du-reiki\/\">Read more<\/a><\/p>\n","protected":false},"author":1,"featured_media":494,"parent":0,"menu_order":0,"comment_status":"closed","ping_status":"closed","template":"","meta":{"footnotes":""},"class_list":["post-134","page","type-page","status-publish","has-post-thumbnail"],"_links":{"self":[{"href":"https:\/\/reikinatur.com\/index.php\/wp-json\/wp\/v2\/pages\/134","targetHints":{"allow":["GET"]}}],"collection":[{"href":"https:\/\/reikinatur.com\/index.php\/wp-json\/wp\/v2\/pages"}],"about":[{"href":"https:\/\/reikinatur.com\/index.php\/wp-json\/wp\/v2\/types\/page"}],"author":[{"embeddable":true,"href":"https:\/\/reikinatur.com\/index.php\/wp-json\/wp\/v2\/users\/1"}],"replies":[{"embeddable":true,"href":"https:\/\/reikinatur.com\/index.php\/wp-json\/wp\/v2\/comments?post=134"}],"version-history":[{"count":37,"href":"https:\/\/reikinatur.com\/index.php\/wp-json\/wp\/v2\/pages\/134\/revisions"}],"predecessor-version":[{"id":1808,"href":"https:\/\/reikinatur.com\/index.php\/wp-json\/wp\/v2\/pages\/134\/revisions\/1808"}],"wp:featuredmedia":[{"embeddable":true,"href":"https:\/\/reikinatur.com\/index.php\/wp-json\/wp\/v2\/media\/494"}],"wp:attachment":[{"href":"https:\/\/reikinatur.com\/index.php\/wp-json\/wp\/v2\/media?parent=134"}],"curies":[{"name":"wp","href":"https:\/\/api.w.org\/{rel}","templated":true}]}}