{"id":1080,"date":"2022-12-08T10:33:57","date_gmt":"2022-12-08T09:33:57","guid":{"rendered":"https:\/\/reikinatur.com\/?page_id=1080"},"modified":"2025-08-15T10:52:15","modified_gmt":"2025-08-15T08:52:15","slug":"formation-reiki","status":"publish","type":"page","link":"https:\/\/reikinatur.com\/index.php\/formation-reiki\/","title":{"rendered":"Formation REIKI"},"content":{"rendered":"\n<p class=\"has-text-align-left\" style=\"font-size:16px\"><strong>Mikao USUI<\/strong> fondateur de la m\u00e9thode nous enseigne que le Reiki est un moyen de faire <em>\u00ab\u00a0Entrer le Bonheur dans nos vie\u00a0\u00bb<\/em> . Il nous enseigne \u00e9galement que <strong>toute personne peut \u00eatre initi\u00e9e au Reiki<\/strong>. Le Reiki est une voie douce et subtile qui permet \u00e0 chacun de se d\u00e9velopper \u00e0 sa vitesse.<\/p>\n\n\n\n<p style=\"font-size:16px\">Les formations se d\u00e9rouleront en <strong>individuel, en bin\u00f4me ou par 4 (max)<\/strong> , en fonction de votre demande. Les dates sont des <mark style=\"background-color:rgba(0, 0, 0, 0)\" class=\"has-inline-color has-vivid-red-color\"><strong>dates de principes<\/strong> et <strong>peuvent \u00eatre modifi\u00e9es<\/strong> <\/mark>en fonction de vos pr\u00e9rogatives. Pour plus de renseignement sur d&rsquo;autres dates et autres, merci de me contacter.<\/p>\n\n\n\n<h2 class=\"wp-block-heading has-medium-font-size\"><em><mark style=\"background-color:rgba(0, 0, 0, 0);color:#771894\" class=\"has-inline-color\">Reiki 1er degr\u00e9 (Shoden) : 170\u20ac<\/mark><\/em><\/h2>\n\n\n\n<p style=\"font-size:16px\">Le 1er degr\u00e9 est accessible \u00e0 tous. Au cours de cette formation vous d\u00e9couvrirez les fondamentaux du Reiki et comment prendre soin de vous et des autres avec le Reiki. L&rsquo;initiation permet de capter et de canaliser l&rsquo;\u00e9nergie universelle par imposition des mains.<\/p>\n\n\n\n<h2 class=\"wp-block-heading has-medium-font-size\"><em><mark style=\"background-color:rgba(0, 0, 0, 0);color:#771894\" class=\"has-inline-color\">Reiki 2\u00e8me degr\u00e9 (Okuden) : 270\u20ac<\/mark><\/em><\/h2>\n\n\n\n<p style=\"font-size:16px\">Le 2\u00e8me degr\u00e9 est accessible aux personnes ayant re\u00e7u leur 1er degr\u00e9 depuis 3 mois (au minimum) .<\/p>\n\n\n\n<p style=\"font-size:16px\">Le 2\u00e8me degr\u00e9 nous relie au plan mental et \u00e9motionnel. Vous y d\u00e9couvrirez de nouvelles techniques, ainsi que des symboles, pour approfondir votre enseignement.<\/p>\n\n\n\n<p class=\"has-medium-font-size\"><em><mark style=\"background-color:rgba(0, 0, 0, 0);color:#771894\" class=\"has-inline-color\"><strong>Reiki 3\u00e8me degr\u00e9 (Shipiden) : 370\u20ac<\/strong><\/mark><\/em><\/p>\n\n\n\n<p style=\"font-size:16px\">Le 3\u00e8me degr\u00e9 est accessible aux personnes ayant re\u00e7u leur 2\u00e8me degr\u00e9 depuis 9 mois (au minimum).<\/p>\n\n\n\n<p style=\"font-size:16px\">Ce niveau est destin\u00e9 aux personnes qui souhaites approfondir leur pratique  . Il s&rsquo;adresse au niveau de la conscience et permet de s&rsquo;\u00e9veiller \u00e0 sa dimension spirituelle.<\/p>\n\n\n\n<p class=\"has-medium-font-size\"><em><mark style=\"background-color:rgba(0, 0, 0, 0);color:#771894\" class=\"has-inline-color\"><strong>Reiki 4\u00e8me degr\u00e9  : 500\u20ac<\/strong><\/mark><\/em><\/p>\n\n\n\n<p style=\"font-size:16px\">Ce degr\u00e9  est accessible aux personnes ayant re\u00e7u leur 3\u00e8me degr\u00e9 depuis 12 mois (au minimum).<\/p>\n\n\n\n<p style=\"font-size:16px\">Ce niveau n\u00e9cessite une volont\u00e9 de transmission. Enseigner le Reiki est une magnifique mission mais elle demande d&rsquo;\u00eatre en paix avec son Ego. <\/p>\n\n\n\n<p style=\"font-size:16px\">(Me contacter)<\/p>\n","protected":false},"excerpt":{"rendered":"<p>Mikao USUI fondateur de la m\u00e9thode nous enseigne que le Reiki est un moyen de faire \u00ab\u00a0Entrer le Bonheur dans nos vie\u00a0\u00bb . Il nous enseigne \u00e9galement que toute personne peut \u00eatre initi\u00e9e au Reiki. Le Reiki est une voie douce et subtile qui permet \u00e0 chacun de se d\u00e9velopper \u00e0 sa vitesse. Les formations se d\u00e9rouleront en individuel, en bin\u00f4me ou par 4 (max) , en fonction de votre demande. Les dates sont des dates de principes et peuvent \u00eatre modifi\u00e9es en fonction de vos pr\u00e9rogatives. Pour plus de renseignement sur d&rsquo;autres dates et autres, merci de me contacter. Reiki 1er degr\u00e9 (Shoden) : 170\u20ac Le 1er degr\u00e9 est accessible \u00e0 tous. Au cours de cette formation vous d\u00e9couvrirez les fondamentaux du Reiki et comment prendre soin de vous et des autres avec le Reiki. L&rsquo;initiation permet de capter et de canaliser l&rsquo;\u00e9nergie universelle par imposition des mains. Reiki&hellip;<\/p>\n<p> <a class=\"more-link\" href=\"https:\/\/reikinatur.com\/index.php\/formation-reiki\/\">Read more<\/a><\/p>\n","protected":false},"author":1,"featured_media":0,"parent":0,"menu_order":0,"comment_status":"closed","ping_status":"closed","template":"","meta":{"footnotes":""},"class_list":["post-1080","page","type-page","status-publish"],"_links":{"self":[{"href":"https:\/\/reikinatur.com\/index.php\/wp-json\/wp\/v2\/pages\/1080","targetHints":{"allow":["GET"]}}],"collection":[{"href":"https:\/\/reikinatur.com\/index.php\/wp-json\/wp\/v2\/pages"}],"about":[{"href":"https:\/\/reikinatur.com\/index.php\/wp-json\/wp\/v2\/types\/page"}],"author":[{"embeddable":true,"href":"https:\/\/reikinatur.com\/index.php\/wp-json\/wp\/v2\/users\/1"}],"replies":[{"embeddable":true,"href":"https:\/\/reikinatur.com\/index.php\/wp-json\/wp\/v2\/comments?post=1080"}],"version-history":[{"count":41,"href":"https:\/\/reikinatur.com\/index.php\/wp-json\/wp\/v2\/pages\/1080\/revisions"}],"predecessor-version":[{"id":1793,"href":"https:\/\/reikinatur.com\/index.php\/wp-json\/wp\/v2\/pages\/1080\/revisions\/1793"}],"wp:attachment":[{"href":"https:\/\/reikinatur.com\/index.php\/wp-json\/wp\/v2\/media?parent=1080"}],"curies":[{"name":"wp","href":"https:\/\/api.w.org\/{rel}","templated":true}]}}