{"id":105,"date":"2022-02-01T09:48:22","date_gmt":"2022-02-01T08:48:22","guid":{"rendered":"https:\/\/reikinatur.com\/?page_id=105"},"modified":"2025-08-15T11:02:39","modified_gmt":"2025-08-15T09:02:39","slug":"symbole-du-gingko-biloba","status":"publish","type":"page","link":"https:\/\/reikinatur.com\/index.php\/symbole-du-gingko-biloba\/","title":{"rendered":"Symbole du gingko biloba"},"content":{"rendered":"\n<p style=\"font-size:16px\">V\u00e9ritable fossile vivant, le Ginkgo est apparu il y a 150 millions d\u2019ann\u00e9es au Japon. Il doit sa survie aux pr\u00eatres bouddhistes qui le cultivaient et le plantaient aux abords des pagodes et autres temples, pour ses vertus protectrices. Ils le consid\u00e8rent comme un symbole<strong>&nbsp;d\u2019amour, de long\u00e9vit\u00e9, de chance et de protection<\/strong>.<\/p>\n\n\n\n<div class=\"wp-block-media-text alignwide is-stacked-on-mobile\"><figure class=\"wp-block-media-text__media\"><img loading=\"lazy\" decoding=\"async\" width=\"800\" height=\"533\" src=\"https:\/\/reikinatur.com\/wp-content\/uploads\/2022\/02\/arbre-ginkgo-2.jpg\" alt=\"\" class=\"wp-image-450 size-full\" srcset=\"https:\/\/reikinatur.com\/wp-content\/uploads\/2022\/02\/arbre-ginkgo-2.jpg 800w, https:\/\/reikinatur.com\/wp-content\/uploads\/2022\/02\/arbre-ginkgo-2-300x200.jpg 300w, https:\/\/reikinatur.com\/wp-content\/uploads\/2022\/02\/arbre-ginkgo-2-768x512.jpg 768w\" sizes=\"auto, (max-width: 800px) 100vw, 800px\" \/><\/figure><div class=\"wp-block-media-text__content\">\n<p style=\"font-size:16px\">En effet, le Ginkgo peut vivre plus de mille ans&nbsp;!!<\/p>\n\n\n\n<p style=\"font-size:16px\">On l\u2019appelle&nbsp; \u00e9galement \u00ab&nbsp;l\u2019arbre aux quarante \u00e9cus&nbsp;\u00bb<\/p>\n\n\n\n<p style=\"font-size:16px\">car \u00e0 l\u2019automne, ses feuilles jaune dor\u00e9 forment en tombant un tapis d\u2019Or.<\/p>\n<\/div><\/div>\n\n\n\n<p style=\"font-size:16px\">Durant l\u2019horreur d\u2019Hiroshima, le Ginkgo s&rsquo;est trouv\u00e9 \u00e0 l&rsquo;\u00e9picentre de l&rsquo;explosion de la bombe atomique. Au printemps suivant, devinez qui fut la premi\u00e8re pousse verte dans ce d\u00e9sert d\u2019horreur ?<\/p>\n\n\n\n<div class=\"wp-block-media-text alignwide has-media-on-the-right is-stacked-on-mobile\" style=\"grid-template-columns:auto 46%\"><div class=\"wp-block-media-text__content\">\n<p class=\"has-normal-font-size\">Gr\u00e2ce \u00e0 ses racines, qui sont rest\u00e9 intactes, le Ginkgo a renait de ces cendres, roi de la patience et de la pers\u00e9v\u00e9rance, il est devenu depuis un magnifique jeune arbre.<\/p>\n<\/div><figure class=\"wp-block-media-text__media\"><img loading=\"lazy\" decoding=\"async\" width=\"275\" height=\"183\" src=\"https:\/\/reikinatur.com\/wp-content\/uploads\/2022\/02\/arbre-ginkgo-3-racine.jpg\" alt=\"\" class=\"wp-image-451 size-full\"\/><\/figure><\/div>\n\n\n\n<p style=\"font-size:16px\">Cet arbre est pour moi une v\u00e9ritable inspiration. Bien qu\u2019il soit mis \u00e0 de rudes \u00e9preuves, le Ginkgo bien enracin\u00e9, renait toujours&nbsp;!!!<\/p>\n\n\n<div class=\"wp-block-image\">\n<figure class=\"aligncenter size-full is-resized\"><img loading=\"lazy\" decoding=\"async\" width=\"459\" height=\"612\" src=\"https:\/\/reikinatur.com\/wp-content\/uploads\/2022\/02\/arbre-ginkgo-10.jpg\" alt=\"\" class=\"wp-image-488\" style=\"width:391px;height:auto\" srcset=\"https:\/\/reikinatur.com\/wp-content\/uploads\/2022\/02\/arbre-ginkgo-10.jpg 459w, https:\/\/reikinatur.com\/wp-content\/uploads\/2022\/02\/arbre-ginkgo-10-225x300.jpg 225w\" sizes=\"auto, (max-width: 459px) 100vw, 459px\" \/><\/figure>\n<\/div>","protected":false},"excerpt":{"rendered":"<p>V\u00e9ritable fossile vivant, le Ginkgo est apparu il y a 150 millions d\u2019ann\u00e9es au Japon. Il doit sa survie aux pr\u00eatres bouddhistes qui le cultivaient et le plantaient aux abords des pagodes et autres temples, pour ses vertus protectrices. Ils le consid\u00e8rent comme un symbole&nbsp;d\u2019amour, de long\u00e9vit\u00e9, de chance et de protection. En effet, le Ginkgo peut vivre plus de mille ans&nbsp;!! On l\u2019appelle&nbsp; \u00e9galement \u00ab&nbsp;l\u2019arbre aux quarante \u00e9cus&nbsp;\u00bb car \u00e0 l\u2019automne, ses feuilles jaune dor\u00e9 forment en tombant un tapis d\u2019Or. Durant l\u2019horreur d\u2019Hiroshima, le Ginkgo s&rsquo;est trouv\u00e9 \u00e0 l&rsquo;\u00e9picentre de l&rsquo;explosion de la bombe atomique. Au printemps suivant, devinez qui fut la premi\u00e8re pousse verte dans ce d\u00e9sert d\u2019horreur ? Gr\u00e2ce \u00e0 ses racines, qui sont rest\u00e9 intactes, le Ginkgo a renait de ces cendres, roi de la patience et de la pers\u00e9v\u00e9rance, il est devenu depuis un magnifique jeune arbre. Cet arbre est pour moi une v\u00e9ritable&hellip;<\/p>\n<p> <a class=\"more-link\" href=\"https:\/\/reikinatur.com\/index.php\/symbole-du-gingko-biloba\/\">Read more<\/a><\/p>\n","protected":false},"author":1,"featured_media":449,"parent":0,"menu_order":0,"comment_status":"closed","ping_status":"closed","template":"","meta":{"footnotes":""},"class_list":["post-105","page","type-page","status-publish","has-post-thumbnail"],"_links":{"self":[{"href":"https:\/\/reikinatur.com\/index.php\/wp-json\/wp\/v2\/pages\/105","targetHints":{"allow":["GET"]}}],"collection":[{"href":"https:\/\/reikinatur.com\/index.php\/wp-json\/wp\/v2\/pages"}],"about":[{"href":"https:\/\/reikinatur.com\/index.php\/wp-json\/wp\/v2\/types\/page"}],"author":[{"embeddable":true,"href":"https:\/\/reikinatur.com\/index.php\/wp-json\/wp\/v2\/users\/1"}],"replies":[{"embeddable":true,"href":"https:\/\/reikinatur.com\/index.php\/wp-json\/wp\/v2\/comments?post=105"}],"version-history":[{"count":6,"href":"https:\/\/reikinatur.com\/index.php\/wp-json\/wp\/v2\/pages\/105\/revisions"}],"predecessor-version":[{"id":1800,"href":"https:\/\/reikinatur.com\/index.php\/wp-json\/wp\/v2\/pages\/105\/revisions\/1800"}],"wp:featuredmedia":[{"embeddable":true,"href":"https:\/\/reikinatur.com\/index.php\/wp-json\/wp\/v2\/media\/449"}],"wp:attachment":[{"href":"https:\/\/reikinatur.com\/index.php\/wp-json\/wp\/v2\/media?parent=105"}],"curies":[{"name":"wp","href":"https:\/\/api.w.org\/{rel}","templated":true}]}}